{"id":2158,"date":"2021-03-10T17:12:23","date_gmt":"2021-03-10T14:12:23","guid":{"rendered":"https:\/\/www.bozoktraktor.com.tr\/?page_id=2158"},"modified":"2023-02-23T10:56:50","modified_gmt":"2023-02-23T07:56:50","slug":"video-galeri","status":"publish","type":"page","link":"https:\/\/www.bozoktraktor.com.tr\/en\/basin-kiti\/video-galeri\/","title":{"rendered":"Video Gallery"},"content":{"rendered":"<p>[vc_row cmt_bgimagefixed=&#8221;&#8221;][vc_column width=&#8221;1\/4&#8243; css=&#8221;.vc_custom_1617773676395{border-top-width: 2px !important;border-right-width: 2px !important;border-bottom-width: 2px !important;border-left-width: 2px !important;background-color: #ffffff !important;border-radius: 1px !important;}&#8221;][vc_btn title=&#8221;Press Kit&#8221; style=&#8221;gradient-custom&#8221; gradient_custom_color_1=&#8221;#d0202e&#8221; gradient_custom_color_2=&#8221;#d1646d&#8221; align=&#8221;left&#8221; button_block=&#8221;true&#8221; link=&#8221;url:https%3A%2F%2Fwww.bozoktraktor.com.tr%2Fbasin-kiti%2F&#8221; css=&#8221;.vc_custom_1643021248947{margin-top: 10px !important;}&#8221;][vc_btn title=&#8221;Video Gallery&#8221; style=&#8221;gradient-custom&#8221; gradient_custom_color_1=&#8221;#d0202e&#8221; gradient_custom_color_2=&#8221;#d1646d&#8221; align=&#8221;left&#8221; button_block=&#8221;true&#8221; link=&#8221;url:https%3A%2F%2Fwww.bozoktraktor.com.tr%2Fbasin-kiti%2Fvideo-galeri%2F&#8221; css=&#8221;.vc_custom_1643021255386{margin-top: -15px !important;}&#8221;][vc_btn title=&#8221;Online Catalog&#8221; style=&#8221;gradient-custom&#8221; gradient_custom_color_1=&#8221;#d0202e&#8221; gradient_custom_color_2=&#8221;#d1646d&#8221; align=&#8221;left&#8221; button_block=&#8221;true&#8221; link=&#8221;url:https%3A%2F%2Fwww.bozoktraktor.com.tr%2Fbasin-kiti%2Flogo-katalog%2F&#8221; css=&#8221;.vc_custom_1643021261513{margin-top: -15px !important;}&#8221;][vc_btn title=&#8221;FAQ&#8221; style=&#8221;gradient-custom&#8221; gradient_custom_color_1=&#8221;#d0202e&#8221; gradient_custom_color_2=&#8221;#d1646d&#8221; align=&#8221;left&#8221; button_block=&#8221;true&#8221; link=&#8221;url:https%3A%2F%2Fwww.bozoktraktor.com.tr%2Fs-s-s%2F&#8221; css=&#8221;.vc_custom_1643021266597{margin-top: -15px !important;}&#8221;][vc_btn title=&#8221;Bozok Trakt\u00f6r on Press&#8221; style=&#8221;gradient-custom&#8221; gradient_custom_color_1=&#8221;#d0202e&#8221; gradient_custom_color_2=&#8221;#d1646d&#8221; align=&#8221;left&#8221; button_block=&#8221;true&#8221; link=&#8221;url:https%3A%2F%2Fwww.bozoktraktor.com.tr%2Fbasin-kiti%2Fbasinda-bozok-traktor%2F&#8221; css=&#8221;.vc_custom_1643021278052{margin-top: -15px !important;}&#8221;][vc_btn title=&#8221;Cookies&#8221; style=&#8221;gradient-custom&#8221; gradient_custom_color_1=&#8221;#d0202e&#8221; gradient_custom_color_2=&#8221;#d1646d&#8221; align=&#8221;left&#8221; button_block=&#8221;true&#8221; link=&#8221;url:https%3A%2F%2Fwww.bozoktraktor.com.tr%2Fbasin-kiti%2Fcerez-politikasi%2F&#8221; css=&#8221;.vc_custom_1643021285835{margin-top: -15px !important;}&#8221;][vc_btn title=&#8221;Privacy Policy&#8221; style=&#8221;gradient-custom&#8221; gradient_custom_color_1=&#8221;#d0202e&#8221; gradient_custom_color_2=&#8221;#d1646d&#8221; align=&#8221;left&#8221; button_block=&#8221;true&#8221; link=&#8221;url:https%3A%2F%2Fwww.bozoktraktor.com.tr%2Fbasin-kiti%2Fgizlilik-politikasi%2F&#8221; css=&#8221;.vc_custom_1643021294483{margin-top: -15px !important;}&#8221;][vc_btn title=&#8221;KVKK Information Text&#8221; style=&#8221;gradient-custom&#8221; gradient_custom_color_1=&#8221;#d0202e&#8221; gradient_custom_color_2=&#8221;#d1646d&#8221; align=&#8221;left&#8221; button_block=&#8221;true&#8221; link=&#8221;url:https%3A%2F%2Fwww.bozoktraktor.com.tr%2Fkvkk-bilgilendirme-metni%2F&#8221; css=&#8221;.vc_custom_1643021301436{margin-top: -15px !important;}&#8221;][\/vc_column][vc_column width=&#8221;3\/4&#8243; css=&#8221;.vc_custom_1617773633791{border-top-width: 2px !important;border-right-width: 2px !important;border-bottom-width: 2px !important;border-left-width: 2px !important;background-color: #ffffff !important;border-left-color: #d0202e !important;border-left-style: solid !important;border-right-color: #d0202e !important;border-right-style: solid !important;border-top-color: #d0202e !important;border-top-style: solid !important;border-bottom-color: #d0202e !important;border-bottom-style: solid !important;border-radius: 1px !important;}&#8221;][vc_row_inner css=&#8221;.vc_custom_1617774067597{margin-top: 10px !important;}&#8221;][vc_column_inner width=&#8221;1\/2&#8243;][vc_video link=&#8221;https:\/\/www.youtube.com\/watch?v=JUWfCWuKoKY&#8221; align=&#8221;center&#8221;][vc_column_text]<strong><span style=\"color: #d0202e;\">&gt;&gt; BT GOLD POWER \/ PHANTOM \u0130LE G\u00dc\u00c7 SEN\u0130N<\/span><\/strong>[\/vc_column_text][\/vc_column_inner][vc_column_inner width=&#8221;1\/2&#8243;][vc_video link=&#8221;https:\/\/www.youtube.com\/watch?v=6GJS6mcXInA&#8221; align=&#8221;center&#8221;][vc_column_text]<strong><span style=\"color: #d0202e;\">&gt;&gt; Bozok 3.105D Phantom Trakt\u00f6rmetre<\/span><\/strong>[\/vc_column_text][\/vc_column_inner][\/vc_row_inner][vc_separator color=&#8221;juicy_pink&#8221; css=&#8221;.vc_custom_1617774104290{margin-top: -15px !important;}&#8221;][vc_row_inner][vc_column_inner width=&#8221;1\/2&#8243;][vc_video link=&#8221;https:\/\/www.youtube.com\/watch?v=ueOqJer5F2M&amp;t=197s&#8221; align=&#8221;center&#8221;][vc_column_text]<strong><span style=\"color: #d0202e;\">&gt;&gt;BT GOLD POWER Phantom \u0130le G\u00fc\u00e7 Seninle<br \/>\n<\/span><\/strong>[\/vc_column_text][\/vc_column_inner][vc_column_inner width=&#8221;1\/2&#8243;][vc_video link=&#8221;https:\/\/www.youtube.com\/watch?v=EQThQzXeMD4&#8243; align=&#8221;center&#8221;][vc_column_text]<strong><span style=\"color: #d0202e;\">&gt;&gt; BT GOLD POWER 3.105 D PHANTOM<\/span><\/strong>[\/vc_column_text][\/vc_column_inner][\/vc_row_inner][vc_separator color=&#8221;juicy_pink&#8221; css=&#8221;.vc_custom_1617774110439{margin-top: -15px !important;}&#8221;][vc_row_inner][vc_column_inner width=&#8221;1\/2&#8243;][vc_video link=&#8221;https:\/\/www.youtube.com\/watch?v=3H-s59ugXew&#8221; align=&#8221;center&#8221;][vc_column_text]<strong><span style=\"color: #d0202e;\">&gt;&gt;BT GOLD POWER Phantom \u0130le G\u00fc\u00e7 Seninle<br \/>\n<\/span><\/strong>[\/vc_column_text][\/vc_column_inner][vc_column_inner width=&#8221;1\/2&#8243;][vc_video link=&#8221;https:\/\/www.youtube.com\/watch?v=0VK68JMnXmk&#8221; align=&#8221;center&#8221;][vc_column_text]<strong><span style=\"color: #d0202e;\">&gt;&gt; BT GOLD POWER \u00c7orlu Tar\u0131m Fuar\u0131nda<\/span><\/strong>[\/vc_column_text][\/vc_column_inner][\/vc_row_inner][vc_separator color=&#8221;juicy_pink&#8221; css=&#8221;.vc_custom_1617774110439{margin-top: -15px !important;}&#8221;][vc_row_inner][vc_column_inner width=&#8221;1\/2&#8243;][vc_video link=&#8221;https:\/\/www.youtube.com\/watch?v=Pf0g4AlrY7o&amp;t=920s&#8221; align=&#8221;center&#8221;][vc_column_text]<strong><span style=\"color: #d0202e;\">&gt;&gt; O\u011ful Erdal Babas\u0131 Erdal&#8217;\u0131 Trakt\u00f6r Alabilmeye \u0130kna Edebilecek mi?<\/span><\/strong>[\/vc_column_text][\/vc_column_inner][vc_column_inner width=&#8221;1\/2&#8243;][vc_video link=&#8221;https:\/\/www.youtube.com\/watch?v=3c-bdq7T-YI&#8221; align=&#8221;center&#8221;][vc_column_text]<strong><span style=\"color: #d0202e;\">&gt;&gt; 2019 Konya Tar\u0131m Fuar\u0131 \/ \u0130lkem UMUTLU &#8211; BOZOK TRAKT\u00d6R Sat\u0131\u015f M\u00fcd\u00fcr\u00fc<\/span><\/strong>[\/vc_column_text][\/vc_column_inner][\/vc_row_inner][vc_separator color=&#8221;juicy_pink&#8221; css=&#8221;.vc_custom_1617774110439{margin-top: -15px !important;}&#8221;][vc_row_inner][vc_column_inner width=&#8221;1\/2&#8243;][vc_video link=&#8221;https:\/\/www.youtube.com\/watch?v=hjgw1w1qgJE&#8221; align=&#8221;center&#8221;][vc_column_text]<strong><span style=\"color: #d0202e;\">&gt;&gt; BOZOK TRAKT\u00d6R ISPARTA FUARI<\/span><\/strong>[\/vc_column_text][\/vc_column_inner][vc_column_inner width=&#8221;1\/2&#8243;][vc_video link=&#8221;https:\/\/www.youtube.com\/watch?v=dHmw5zyUayM&#8221; align=&#8221;center&#8221;][vc_column_text]<strong><span style=\"color: #d0202e;\">&gt;&gt; BOZOK TRAKT\u00d6R K\u00d6Y TV REKLAM F\u0130LM\u0130<\/span><\/strong>[\/vc_column_text][\/vc_column_inner][\/vc_row_inner][vc_row_inner][vc_column_inner width=&#8221;1\/2&#8243;][vc_video link=&#8221;https:\/\/www.youtube.com\/watch?v=-t7EEmyWuEY&#8221; align=&#8221;center&#8221;][vc_column_text]<strong><span style=\"color: #d0202e;\">&gt;&gt; BOZOK TRAKT\u00d6R PHANTOM SER\u0130S\u0130 BURTARIM LANSMANI<\/span><\/strong>[\/vc_column_text][\/vc_column_inner][vc_column_inner width=&#8221;1\/2&#8243;][vc_video link=&#8221;https:\/\/www.youtube.com\/watch?v=3T2-iwsEJg4&#8243; align=&#8221;center&#8221;][vc_column_text]<strong><span style=\"color: #d0202e;\">&gt;&gt; BOZOK TRAKT\u00d6R \u00c7\u0130FT\u00c7\u0130 TV REKLAM F\u0130LM\u0130<\/span><\/strong>[\/vc_column_text][\/vc_column_inner][\/vc_row_inner][vc_separator color=&#8221;juicy_pink&#8221; css=&#8221;.vc_custom_1617774110439{margin-top: -15px !important;}&#8221;][vc_row_inner][vc_column_inner width=&#8221;1\/2&#8243;][vc_video link=&#8221;https:\/\/www.youtube.com\/watch?v=b_kvIktlExM&#8221; align=&#8221;center&#8221;][vc_column_text]<strong><span style=\"color: #d0202e;\">&gt;&gt; BOZOK TRAKT\u00d6R 2016 BURTARIM FUARI<\/span><\/strong>[\/vc_column_text][\/vc_column_inner][vc_column_inner width=&#8221;1\/2&#8243;][vc_video link=&#8221;https:\/\/www.youtube.com\/watch?v=g_K_m17vKrc&#8221; align=&#8221;center&#8221;][vc_column_text]<strong><span style=\"color: #d0202e;\">&gt;&gt; Agro TV ile G\u00dcNAYDIN &#8211; Bozok Trakt\u00f6r \u0130lkem Umutlu<\/span><\/strong>[\/vc_column_text][\/vc_column_inner][\/vc_row_inner][\/vc_column][\/vc_row]<\/p>","protected":false},"excerpt":{"rendered":"<p>[vc_row cmt_bgimagefixed=&#8221;&#8221;][vc_column width=&#8221;1\/4&#8243; css=&#8221;.vc_custom_1617773676395{border-top-width: 2px !important;border-right-width: 2px !important;border-bottom-width: 2px !important;border-left-width: 2px !important;background-color: #ffffff !important;border-radius: 1px !important;}&#8221;][vc_btn title=&#8221;Press Kit&#8221; style=&#8221;gradient-custom&#8221; gradient_custom_color_1=&#8221;#d0202e&#8221; gradient_custom_color_2=&#8221;#d1646d&#8221; align=&#8221;left&#8221; button_block=&#8221;true&#8221; link=&#8221;url:https%3A%2F%2Fwww.bozoktraktor.com.tr%2Fbasin-kiti%2F&#8221; css=&#8221;.vc_custom_1643021248947{margin-top: 10px !important;}&#8221;][vc_btn title=&#8221;Video Gallery&#8221; style=&#8221;gradient-custom&#8221; gradient_custom_color_1=&#8221;#d0202e&#8221; gradient_custom_color_2=&#8221;#d1646d&#8221; align=&#8221;left&#8221; button_block=&#8221;true&#8221; link=&#8221;url:https%3A%2F%2Fwww.bozoktraktor.com.tr%2Fbasin-kiti%2Fvideo-galeri%2F&#8221; css=&#8221;.vc_custom_1643021255386{margin-top: -15px !important;}&#8221;][vc_btn title=&#8221;Online Catalog&#8221; style=&#8221;gradient-custom&#8221; gradient_custom_color_1=&#8221;#d0202e&#8221; gradient_custom_color_2=&#8221;#d1646d&#8221; align=&#8221;left&#8221; button_block=&#8221;true&#8221; link=&#8221;url:https%3A%2F%2Fwww.bozoktraktor.com.tr%2Fbasin-kiti%2Flogo-katalog%2F&#8221; css=&#8221;.vc_custom_1643021261513{margin-top: -15px !important;}&#8221;][vc_btn title=&#8221;FAQ&#8221; style=&#8221;gradient-custom&#8221; gradient_custom_color_1=&#8221;#d0202e&#8221; gradient_custom_color_2=&#8221;#d1646d&#8221; align=&#8221;left&#8221; button_block=&#8221;true&#8221; &hellip; <a href=\"https:\/\/www.bozoktraktor.com.tr\/en\/basin-kiti\/video-galeri\/\" class=\"more-link\">Continue reading <span class=\"screen-reader-text\">Video Gallery<\/span><\/a><\/p>\n","protected":false},"author":1,"featured_media":0,"parent":1745,"menu_order":0,"comment_status":"closed","ping_status":"closed","template":"","meta":{"footnotes":""},"class_list":["post-2158","page","type-page","status-publish","hentry"],"_links":{"self":[{"href":"https:\/\/www.bozoktraktor.com.tr\/en\/wp-json\/wp\/v2\/pages\/2158","targetHints":{"allow":["GET"]}}],"collection":[{"href":"https:\/\/www.bozoktraktor.com.tr\/en\/wp-json\/wp\/v2\/pages"}],"about":[{"href":"https:\/\/www.bozoktraktor.com.tr\/en\/wp-json\/wp\/v2\/types\/page"}],"author":[{"embeddable":true,"href":"https:\/\/www.bozoktraktor.com.tr\/en\/wp-json\/wp\/v2\/users\/1"}],"replies":[{"embeddable":true,"href":"https:\/\/www.bozoktraktor.com.tr\/en\/wp-json\/wp\/v2\/comments?post=2158"}],"version-history":[{"count":22,"href":"https:\/\/www.bozoktraktor.com.tr\/en\/wp-json\/wp\/v2\/pages\/2158\/revisions"}],"predecessor-version":[{"id":3315,"href":"https:\/\/www.bozoktraktor.com.tr\/en\/wp-json\/wp\/v2\/pages\/2158\/revisions\/3315"}],"up":[{"embeddable":true,"href":"https:\/\/www.bozoktraktor.com.tr\/en\/wp-json\/wp\/v2\/pages\/1745"}],"wp:attachment":[{"href":"https:\/\/www.bozoktraktor.com.tr\/en\/wp-json\/wp\/v2\/media?parent=2158"}],"curies":[{"name":"wp","href":"https:\/\/api.w.org\/{rel}","templated":true}]}}