{"id":2325,"date":"2021-03-16T15:27:31","date_gmt":"2021-03-16T12:27:31","guid":{"rendered":"https:\/\/www.bozoktraktor.com.tr\/?page_id=2325"},"modified":"2021-03-16T16:02:22","modified_gmt":"2021-03-16T13:02:22","slug":"bayi-basvuru-formu","status":"publish","type":"page","link":"https:\/\/www.bozoktraktor.com.tr\/en\/bayi-servis\/bayi-basvuru-formu\/","title":{"rendered":"Bayi Ba\u015fvuru Formu"},"content":{"rendered":"<p>[vc_row cmt_bgimagefixed=&#8221;&#8221; css=&#8221;.vc_custom_1615898002345{background-color: #ffffff !important;}&#8221;][vc_column width=&#8221;1\/4&#8243; css=&#8221;.vc_custom_1615898030668{border-top-width: 1px !important;border-right-width: 1px !important;border-bottom-width: 1px !important;border-left-width: 1px !important;border-left-color: #d0202e !important;border-left-style: solid !important;border-right-color: #d0202e !important;border-right-style: solid !important;border-top-color: #d0202e !important;border-top-style: solid !important;border-bottom-color: #d0202e !important;border-bottom-style: solid !important;border-radius: 1px !important;}&#8221;][vc_widget_sidebar sidebar_id=&#8221;sidebar-left-portfolio&#8221;][\/vc_column][vc_column width=&#8221;3\/4&#8243; css=&#8221;.vc_custom_1615898125559{border-top-width: 1px !important;border-right-width: 1px !important;border-bottom-width: 1px !important;border-left-width: 1px !important;padding-bottom: 15px !important;border-left-color: #d0202e !important;border-left-style: solid !important;border-right-color: #d0202e !important;border-right-style: solid !important;border-top-color: #d0202e !important;border-top-style: solid !important;border-bottom-color: #d0202e !important;border-bottom-style: solid !important;border-radius: 1px !important;}&#8221;][vc_custom_heading text=&#8221;<u> BA\u015eVURU FORMU<\/u>&#8221; font_container=&#8221;tag:h4|text_align:center|color:%23d0202e&#8221; use_theme_fonts=&#8221;yes&#8221; css_animation=&#8221;fadeIn&#8221;]<div role=\"form\" class=\"wpcf7\" id=\"wpcf7-f2327-o1\" lang=\"en-US\" dir=\"ltr\">\n<div class=\"screen-reader-response\"><p role=\"status\" aria-live=\"polite\" aria-atomic=\"true\"><\/p> <ul><\/ul><\/div>\n<form action=\"\/en\/wp-json\/wp\/v2\/pages\/2325#wpcf7-f2327-o1\" method=\"post\" class=\"wpcf7-form init\" novalidate=\"novalidate\" data-status=\"init\">\n<div style=\"display: none;\">\n<input type=\"hidden\" name=\"_wpcf7\" value=\"2327\" \/>\n<input type=\"hidden\" name=\"_wpcf7_version\" value=\"5.5.3\" \/>\n<input type=\"hidden\" name=\"_wpcf7_locale\" value=\"en_US\" \/>\n<input type=\"hidden\" name=\"_wpcf7_unit_tag\" value=\"wpcf7-f2327-o1\" \/>\n<input type=\"hidden\" name=\"_wpcf7_container_post\" value=\"0\" \/>\n<input type=\"hidden\" name=\"_wpcf7_posted_data_hash\" value=\"\" \/>\n<\/div>\n<div class=\"cmt-commonform cmt-quote-form\">\n<div class=\"row\">\n<div class=\"col-md-6\">\n<div class=\"field-group\"><span class=\"wpcf7-form-control-wrap il\"><input type=\"text\" name=\"il\" value=\"\" size=\"40\" class=\"wpcf7-form-control wpcf7-text wpcf7-validates-as-required\" aria-required=\"true\" aria-invalid=\"false\" placeholder=\"Bayilik Talep Edilen \u0130L\" \/><\/span><\/div>\n<\/div>\n<div class=\"col-md-6\">\n<div class=\"field-group\"><span class=\"wpcf7-form-control-wrap ilce\"><input type=\"text\" name=\"ilce\" value=\"\" size=\"40\" class=\"wpcf7-form-control wpcf7-text wpcf7-validates-as-required\" aria-required=\"true\" aria-invalid=\"false\" placeholder=\"Bayilik Talep Edilen \u0130L\u00c7E\" \/><\/span><\/div>\n<\/div>\n<\/div>\n<div class=\"row\">\n<div class=\"col-md-6\">\n<div class=\"field-group\"><span class=\"wpcf7-form-control-wrap adsoyad\"><input type=\"text\" name=\"adsoyad\" value=\"\" size=\"40\" class=\"wpcf7-form-control wpcf7-text wpcf7-validates-as-required\" aria-required=\"true\" aria-invalid=\"false\" placeholder=\"Ad Soyad\" \/><\/span><\/div>\n<\/div>\n<div class=\"col-md-6\">\n<div class=\"field-group\"><span class=\"wpcf7-form-control-wrap tcno\"><input type=\"text\" name=\"tcno\" value=\"\" size=\"40\" class=\"wpcf7-form-control wpcf7-text wpcf7-validates-as-required\" aria-required=\"true\" aria-invalid=\"false\" placeholder=\"TC Kimlik No\" \/><\/span><\/div>\n<\/div>\n<\/div>\n<div class=\"row\">\n<div class=\"col-md-6\">\n<div class=\"field-group\"><span class=\"wpcf7-form-control-wrap cep\"><input type=\"text\" name=\"cep\" value=\"\" size=\"40\" class=\"wpcf7-form-control wpcf7-text wpcf7-validates-as-required\" aria-required=\"true\" aria-invalid=\"false\" placeholder=\"Cep Telefonu\" \/><\/span><\/div>\n<\/div>\n<div class=\"col-md-6\">\n<div class=\"field-group\"><span class=\"wpcf7-form-control-wrap sirketuvan\"><input type=\"text\" name=\"sirketuvan\" value=\"\" size=\"40\" class=\"wpcf7-form-control wpcf7-text wpcf7-validates-as-required\" aria-required=\"true\" aria-invalid=\"false\" placeholder=\"\u015eirket \u00dcnvan\u0131\" \/><\/span><\/div>\n<\/div>\n<\/div>\n<div class=\"row\">\n<div class=\"col-md-6\">\n<div class=\"field-group\"><span class=\"wpcf7-form-control-wrap vergino\"><input type=\"text\" name=\"vergino\" value=\"\" size=\"40\" class=\"wpcf7-form-control wpcf7-text wpcf7-validates-as-required\" aria-required=\"true\" aria-invalid=\"false\" placeholder=\"Vergi No\" \/><\/span><\/div>\n<\/div>\n<div class=\"col-md-6\">\n<div class=\"field-group\"><span class=\"wpcf7-form-control-wrap sirketel\"><input type=\"text\" name=\"sirketel\" value=\"\" size=\"40\" class=\"wpcf7-form-control wpcf7-text wpcf7-validates-as-required\" aria-required=\"true\" aria-invalid=\"false\" placeholder=\"\u015eirket Telefon\" \/><\/span><\/div>\n<\/div>\n<\/div>\n<div class=\"row\">\n<div class=\"col-md-6\">\n<div class=\"field-group\"><span class=\"wpcf7-form-control-wrap sirketadres\"><input type=\"text\" name=\"sirketadres\" value=\"\" size=\"40\" class=\"wpcf7-form-control wpcf7-text wpcf7-validates-as-required\" aria-required=\"true\" aria-invalid=\"false\" placeholder=\"\u015eirket Adresi\" \/><\/span><\/div>\n<\/div>\n<div class=\"col-md-6\">\n<div class=\"field-group\"><span class=\"wpcf7-form-control-wrap sirketcalisma\"><input type=\"text\" name=\"sirketcalisma\" value=\"\" size=\"40\" class=\"wpcf7-form-control wpcf7-text wpcf7-validates-as-required\" aria-required=\"true\" aria-invalid=\"false\" placeholder=\"\u015eirket \u00c7al\u0131\u015fma Alan\u0131\" \/><\/span><\/div>\n<\/div>\n<\/div>\n<div class=\"row\">\n<div class=\"col-md-6\">\n<div class=\"field-group\"><span class=\"wpcf7-form-control-wrap sirkebayileri\"><input type=\"text\" name=\"sirkebayileri\" value=\"\" size=\"40\" class=\"wpcf7-form-control wpcf7-text wpcf7-validates-as-required\" aria-required=\"true\" aria-invalid=\"false\" placeholder=\"\u015eirketin Bayilikleri\" \/><\/span><\/div>\n<\/div>\n<div class=\"col-md-6\">\n<div class=\"field-group\"><span class=\"wpcf7-form-control-wrap sirketteminati\"><input type=\"text\" name=\"sirketteminati\" value=\"\" size=\"40\" class=\"wpcf7-form-control wpcf7-text wpcf7-validates-as-required\" aria-required=\"true\" aria-invalid=\"false\" placeholder=\"Verilebilecek Teminat Mektubu Miktar\u0131\" \/><\/span><\/div>\n<\/div>\n<\/div>\n<div class=\"row\">\n<div class=\"col-md-12\">\n<div class=\"field-group\"><span class=\"wpcf7-form-control-wrap message\"><textarea name=\"message\" cols=\"35\" rows=\"10\" class=\"wpcf7-form-control wpcf7-textarea wpcf7-validates-as-required\" aria-required=\"true\" aria-invalid=\"false\" placeholder=\"Di\u011fer Detaylar ve Mesaj\u0131n\u0131z\"><\/textarea><\/span><\/div>\n<\/div>\n<\/div>\n<div class=\"row\">\n<div class=\"col-md-12\">\n<div class=\"field-group\"><span class=\"wpcf7-form-control-wrap kvkk\"><span class=\"wpcf7-form-control wpcf7-checkbox wpcf7-validates-as-required\"><span class=\"wpcf7-list-item first last\"><label><input type=\"checkbox\" name=\"kvkk[]\" value=\"KVKK Kapsam\u0131ndaki Ayd\u0131nlatma Metnini okudum\" \/><span class=\"wpcf7-list-item-label\">KVKK Kapsam\u0131ndaki Ayd\u0131nlatma Metnini okudum<\/span><\/label><\/span><\/span><\/span><\/div>\n<\/div>\n<div><input type=\"submit\" value=\"G\u00d6NDER\" class=\"wpcf7-form-control has-spinner wpcf7-submit cmt-vc_general cmt-vc_btn3 cmt-vc_btn3-shape-square cmt-vc_btn3-color-skincolor cmt-vc_btn3-style-flat\" \/>\n<div class=\"wpcf7-response-output\" aria-hidden=\"true\"><\/div>\n<\/div>\n<\/div>\n<p style=\"display: none !important;\"><label>&#916;<textarea name=\"_wpcf7_ak_hp_textarea\" cols=\"45\" rows=\"8\" maxlength=\"100\"><\/textarea><\/label><input type=\"hidden\" id=\"ak_js\" name=\"_wpcf7_ak_js\" value=\"167\"\/><script>document.getElementById( \"ak_js\" ).setAttribute( \"value\", ( new Date() ).getTime() );<\/script><\/p><\/form><\/div>[\/vc_column][\/vc_row]<\/p>\n","protected":false},"excerpt":{"rendered":"<p>[vc_row cmt_bgimagefixed=&#8221;&#8221; css=&#8221;.vc_custom_1615898002345{background-color: #ffffff !important;}&#8221;][vc_column width=&#8221;1\/4&#8243; css=&#8221;.vc_custom_1615898030668{border-top-width: 1px !important;border-right-width: 1px !important;border-bottom-width: 1px !important;border-left-width: 1px !important;border-left-color: #d0202e !important;border-left-style: solid !important;border-right-color: #d0202e !important;border-right-style: solid !important;border-top-color: #d0202e !important;border-top-style: solid !important;border-bottom-color: #d0202e !important;border-bottom-style: solid !important;border-radius: 1px !important;}&#8221;][vc_widget_sidebar sidebar_id=&#8221;sidebar-left-portfolio&#8221;][\/vc_column][vc_column width=&#8221;3\/4&#8243; css=&#8221;.vc_custom_1615898125559{border-top-width: 1px !important;border-right-width: 1px !important;border-bottom-width: 1px !important;border-left-width: 1px !important;padding-bottom: 15px !important;border-left-color: #d0202e !important;border-left-style: solid !important;border-right-color: #d0202e !important;border-right-style: solid !important;border-top-color: #d0202e &hellip; <a href=\"https:\/\/www.bozoktraktor.com.tr\/en\/bayi-servis\/bayi-basvuru-formu\/\" class=\"more-link\">Continue reading <span class=\"screen-reader-text\">Bayi Ba\u015fvuru Formu<\/span><\/a><\/p>\n","protected":false},"author":1,"featured_media":0,"parent":1756,"menu_order":0,"comment_status":"closed","ping_status":"closed","template":"","meta":{"footnotes":""},"class_list":["post-2325","page","type-page","status-publish","hentry"],"_links":{"self":[{"href":"https:\/\/www.bozoktraktor.com.tr\/en\/wp-json\/wp\/v2\/pages\/2325","targetHints":{"allow":["GET"]}}],"collection":[{"href":"https:\/\/www.bozoktraktor.com.tr\/en\/wp-json\/wp\/v2\/pages"}],"about":[{"href":"https:\/\/www.bozoktraktor.com.tr\/en\/wp-json\/wp\/v2\/types\/page"}],"author":[{"embeddable":true,"href":"https:\/\/www.bozoktraktor.com.tr\/en\/wp-json\/wp\/v2\/users\/1"}],"replies":[{"embeddable":true,"href":"https:\/\/www.bozoktraktor.com.tr\/en\/wp-json\/wp\/v2\/comments?post=2325"}],"version-history":[{"count":11,"href":"https:\/\/www.bozoktraktor.com.tr\/en\/wp-json\/wp\/v2\/pages\/2325\/revisions"}],"predecessor-version":[{"id":2338,"href":"https:\/\/www.bozoktraktor.com.tr\/en\/wp-json\/wp\/v2\/pages\/2325\/revisions\/2338"}],"up":[{"embeddable":true,"href":"https:\/\/www.bozoktraktor.com.tr\/en\/wp-json\/wp\/v2\/pages\/1756"}],"wp:attachment":[{"href":"https:\/\/www.bozoktraktor.com.tr\/en\/wp-json\/wp\/v2\/media?parent=2325"}],"curies":[{"name":"wp","href":"https:\/\/api.w.org\/{rel}","templated":true}]}}