{"id":1743,"date":"2021-03-01T14:26:32","date_gmt":"2021-03-01T11:26:32","guid":{"rendered":"http:\/\/www.bozoktraktor.com.tr\/?page_id=1743"},"modified":"2022-01-24T13:18:14","modified_gmt":"2022-01-24T10:18:14","slug":"kariyer","status":"publish","type":"page","link":"https:\/\/www.bozoktraktor.com.tr\/fr\/kariyer\/","title":{"rendered":"Carri\u00e8re"},"content":{"rendered":"<p>[vc_row][vc_column width=\u00a0\u00bb2\/3&Prime;][vc_single_image image=\u00a0\u00bb2310&Prime; img_size=\u00a0\u00bbfull\u00a0\u00bb alignment=\u00a0\u00bbcenter\u00a0\u00bb style=\u00a0\u00bbvc_box_shadow_3d\u00a0\u00bb][vc_column_text]Derri\u00e8re le succ\u00e8s de <strong>Bozok Tractor<\/strong> se cache la forte culture d\u2019entreprise et les principes adopt\u00e9s par ses employ\u00e9s. Les politiques g\u00e9n\u00e9rales pr\u00e9par\u00e9es afin que les employ\u00e9s de Bozok Tractor puissent s\u2019acquitter au mieux de leurs t\u00e2ches sont bas\u00e9es sur les principes r\u00e9sum\u00e9s ci-dessous :<\/p>\n<p>\u2022 Un environnement et des conditions professionnelles sont fournis \u00e0 tous les employ\u00e9s sans aucune discrimination o\u00f9 ils peuvent utiliser et d\u00e9velopper leurs talents et leurs comp\u00e9tences.<br \/>\n\u2022 Un salaire ad\u00e9quat et d\u2019autres opportunit\u00e9s suppl\u00e9mentaires sont offerts en fonction du march\u00e9 et des conditions actuelles.<br \/>\n\u2022 Les employ\u00e9s b\u00e9n\u00e9ficient de possibilit\u00e9s de formation et de stage qui leur permettront de se d\u00e9velopper dans le cadre de leurs fonctions et d\u2019accro\u00eetre leur succ\u00e8s.<br \/>\n\u2022 Les employ\u00e9s qui remplissent les exigences d\u2019un titre sup\u00e9rieur dans le cadre de leurs plans de carri\u00e8re sont promus.<br \/>\n\u2022 Dans la confiance mutuelle, la compr\u00e9hension et la communication, de nouvelles id\u00e9es sont produites et des solutions sont trouv\u00e9es.<br \/>\n\u2022 Des syst\u00e8mes qui encouragent et r\u00e9compensent le succ\u00e8s et l\u2019excellence sont \u00e9tablis. Le principe selon lequel la premi\u00e8re condition du succ\u00e8s est le respect de la personne et de la dignit\u00e9 humaine est adopt\u00e9, et on estime que les ressources humaines et leur d\u00e9veloppement sont les facteurs les plus pr\u00e9cieux d\u2019une institution permanente.[\/vc_column_text][\/vc_column][vc_column width=\u00a0\u00bb1\/3&Prime;][vc_custom_heading text=\u00a0\u00bbFormulaire de candidature\u00a0\u00bb font_container=\u00a0\u00bbtag:h4|text_align:left|color:%23d0202e\u00a0\u00bb use_theme_fonts=\u00a0\u00bbyes\u00a0\u00bb][vc_separator color=\u00a0\u00bbjuicy_pink\u00a0\u00bb css=\u00a0\u00bb.vc_custom_1615375687873{margin-bottom: 0px !important;}\u00a0\u00bb]<div role=\"form\" class=\"wpcf7\" id=\"wpcf7-f1615-o3\" lang=\"en-US\" dir=\"ltr\">\n<div class=\"screen-reader-response\"><p role=\"status\" aria-live=\"polite\" aria-atomic=\"true\"><\/p> <ul><\/ul><\/div>\n<form action=\"\/fr\/wp-json\/wp\/v2\/pages\/1743#wpcf7-f1615-o3\" method=\"post\" class=\"wpcf7-form init\" enctype=\"multipart\/form-data\" novalidate=\"novalidate\" data-status=\"init\">\n<div style=\"display: none;\">\n<input type=\"hidden\" name=\"_wpcf7\" value=\"1615\" \/>\n<input type=\"hidden\" name=\"_wpcf7_version\" value=\"5.5.3\" \/>\n<input type=\"hidden\" name=\"_wpcf7_locale\" value=\"en_US\" \/>\n<input type=\"hidden\" name=\"_wpcf7_unit_tag\" value=\"wpcf7-f1615-o3\" \/>\n<input type=\"hidden\" name=\"_wpcf7_container_post\" value=\"0\" \/>\n<input type=\"hidden\" name=\"_wpcf7_posted_data_hash\" value=\"\" \/>\n<\/div>\n<div class=\"cmt-commonform cmt-quote-form\">\n<div class=\"row\">\n<div class=\"col-md-6\">\n<div class=\"field-group\"><span class=\"wpcf7-form-control-wrap your-name\"><input type=\"text\" name=\"your-name\" value=\"\" size=\"40\" class=\"wpcf7-form-control wpcf7-text wpcf7-validates-as-required\" aria-required=\"true\" aria-invalid=\"false\" placeholder=\"Votre Nom\" \/><\/span><\/div>\n<\/div>\n<div class=\"col-md-6\">\n<div class=\"field-group\"><span class=\"wpcf7-form-control-wrap your-email\"><input type=\"email\" name=\"your-email\" value=\"\" size=\"40\" class=\"wpcf7-form-control wpcf7-text wpcf7-email wpcf7-validates-as-required wpcf7-validates-as-email\" aria-required=\"true\" aria-invalid=\"false\" placeholder=\"E-Mail\" \/><\/span><\/div>\n<\/div>\n<\/div>\n<div class=\"row\">\n<div class=\"col-md-12\">\n<div class=\"field-group\"><span class=\"wpcf7-form-control-wrap your-phone\"><input type=\"text\" name=\"your-phone\" value=\"\" size=\"40\" class=\"wpcf7-form-control wpcf7-text wpcf7-validates-as-required\" aria-required=\"true\" aria-invalid=\"false\" placeholder=\"T\u00e9l\u00e9phoner\" \/><\/span><\/div>\n<\/div>\n<\/div>\n<div class=\"row\">\n<div class=\"col-md-6\">\n<div class=\"field-group\"><span class=\"wpcf7-form-control-wrap your-sehir\"><input type=\"text\" name=\"your-sehir\" value=\"\" size=\"40\" class=\"wpcf7-form-control wpcf7-text wpcf7-validates-as-required\" aria-required=\"true\" aria-invalid=\"false\" placeholder=\"Ville\" \/><\/span><\/div>\n<\/div>\n<div class=\"col-md-6\">\n<div class=\"field-group\"><span class=\"wpcf7-form-control-wrap your-ilce\"><input type=\"text\" name=\"your-ilce\" value=\"\" size=\"40\" class=\"wpcf7-form-control wpcf7-text wpcf7-validates-as-required\" aria-required=\"true\" aria-invalid=\"false\" placeholder=\"Quartier\" \/><\/span><\/div>\n<\/div>\n<\/div>\n<div class=\"row\">\n<div class=\"col-md-6\">\n<div class=\"field-group\"><span class=\"wpcf7-form-control-wrap file-772\"><input type=\"file\" name=\"file-772\" size=\"40\" class=\"wpcf7-form-control wpcf7-file\" accept=\".jpg,.doc\" aria-invalid=\"false\" \/><\/span><\/div>\n<\/div>\n<\/div>\n<div class=\"row\">\n<div class=\"col-md-12\">\n<div class=\"field-group\"><span class=\"wpcf7-form-control-wrap message\"><textarea name=\"message\" cols=\"35\" rows=\"10\" class=\"wpcf7-form-control wpcf7-textarea wpcf7-validates-as-required\" aria-required=\"true\" aria-invalid=\"false\" placeholder=\"Message et d\u00e9tails\"><\/textarea><\/span><\/div>\n<\/div>\n<\/div>\n<div><input type=\"submit\" value=\"Envoyer\" class=\"wpcf7-form-control has-spinner wpcf7-submit\" \/>\n<div class=\"wpcf7-response-output\" aria-hidden=\"true\"><\/div>\n<\/div>\n<\/div>\n<p style=\"display: none !important;\"><label>&#916;<textarea name=\"_wpcf7_ak_hp_textarea\" cols=\"45\" rows=\"8\" maxlength=\"100\"><\/textarea><\/label><input type=\"hidden\" id=\"ak_js\" name=\"_wpcf7_ak_js\" value=\"192\"\/><script>document.getElementById( \"ak_js\" ).setAttribute( \"value\", ( new Date() ).getTime() );<\/script><\/p><\/form><\/div>[\/vc_column][\/vc_row]<\/p>","protected":false},"excerpt":{"rendered":"<p>[vc_row][vc_column width=\u00a0\u00bb2\/3&Prime;][vc_single_image image=\u00a0\u00bb2310&Prime; img_size=\u00a0\u00bbfull\u00a0\u00bb alignment=\u00a0\u00bbcenter\u00a0\u00bb style=\u00a0\u00bbvc_box_shadow_3d\u00a0\u00bb][vc_column_text]Derri\u00e8re le succ\u00e8s de Bozok Tractor se cache la forte culture d\u2019entreprise et les principes adopt\u00e9s par ses employ\u00e9s. Les politiques g\u00e9n\u00e9rales pr\u00e9par\u00e9es afin que les employ\u00e9s de Bozok Tractor puissent s\u2019acquitter au mieux de leurs t\u00e2ches sont bas\u00e9es sur les principes r\u00e9sum\u00e9s ci-dessous : \u2022 Un environnement et des &hellip; <a href=\"https:\/\/www.bozoktraktor.com.tr\/fr\/kariyer\/\" class=\"more-link\">Continue reading <span class=\"screen-reader-text\">Carri\u00e8re<\/span><\/a><\/p>\n","protected":false},"author":1,"featured_media":0,"parent":0,"menu_order":0,"comment_status":"closed","ping_status":"closed","template":"","meta":{"footnotes":""},"class_list":["post-1743","page","type-page","status-publish","hentry"],"_links":{"self":[{"href":"https:\/\/www.bozoktraktor.com.tr\/fr\/wp-json\/wp\/v2\/pages\/1743","targetHints":{"allow":["GET"]}}],"collection":[{"href":"https:\/\/www.bozoktraktor.com.tr\/fr\/wp-json\/wp\/v2\/pages"}],"about":[{"href":"https:\/\/www.bozoktraktor.com.tr\/fr\/wp-json\/wp\/v2\/types\/page"}],"author":[{"embeddable":true,"href":"https:\/\/www.bozoktraktor.com.tr\/fr\/wp-json\/wp\/v2\/users\/1"}],"replies":[{"embeddable":true,"href":"https:\/\/www.bozoktraktor.com.tr\/fr\/wp-json\/wp\/v2\/comments?post=1743"}],"version-history":[{"count":19,"href":"https:\/\/www.bozoktraktor.com.tr\/fr\/wp-json\/wp\/v2\/pages\/1743\/revisions"}],"predecessor-version":[{"id":3211,"href":"https:\/\/www.bozoktraktor.com.tr\/fr\/wp-json\/wp\/v2\/pages\/1743\/revisions\/3211"}],"wp:attachment":[{"href":"https:\/\/www.bozoktraktor.com.tr\/fr\/wp-json\/wp\/v2\/media?parent=1743"}],"curies":[{"name":"wp","href":"https:\/\/api.w.org\/{rel}","templated":true}]}}