{"id":1749,"date":"2021-03-01T14:27:10","date_gmt":"2021-03-01T11:27:10","guid":{"rendered":"http:\/\/www.bozoktraktor.com.tr\/?page_id=1749"},"modified":"2022-01-31T10:32:31","modified_gmt":"2022-01-31T07:32:31","slug":"misyon-vizyon","status":"publish","type":"page","link":"https:\/\/www.bozoktraktor.com.tr\/fr\/misyon-vizyon\/","title":{"rendered":"Mission &#038; Vision"},"content":{"rendered":"<p>[vc_row cmt_bgimagefixed=\u00a0\u00bb\u00a0\u00bb][vc_column width=\u00a0\u00bb1\/4&Prime; css=\u00a0\u00bb.vc_custom_1617777453790{border-top-width: 2px !important;border-right-width: 2px !important;border-bottom-width: 2px !important;border-left-width: 2px !important;background-color: #ffffff !important;border-radius: 1px !important;}\u00a0\u00bb][vc_btn title=\u00a0\u00bb\u00c0 propos de nous\u00a0\u00bb style=\u00a0\u00bbgradient-custom\u00a0\u00bb gradient_custom_color_1=\u00a0\u00bb#d0202e\u00a0\u00bb gradient_custom_color_2=\u00a0\u00bb#d1646d\u00a0\u00bb align=\u00a0\u00bbleft\u00a0\u00bb button_block=\u00a0\u00bbtrue\u00a0\u00bb link=\u00a0\u00bburl:https%3A%2F%2Fwww.bozoktraktor.com.tr%2Fhakkimizda%2F\u00a0\u00bb css=\u00a0\u00bb.vc_custom_1643614472868{margin-top: 10px !important;}\u00a0\u00bb][vc_btn title=\u00a0\u00bbNos valeurs\u00a0\u00bb style=\u00a0\u00bbgradient-custom\u00a0\u00bb gradient_custom_color_1=\u00a0\u00bb#d0202e\u00a0\u00bb gradient_custom_color_2=\u00a0\u00bb#d1646d\u00a0\u00bb align=\u00a0\u00bbleft\u00a0\u00bb button_block=\u00a0\u00bbtrue\u00a0\u00bb link=\u00a0\u00bburl:https%3A%2F%2Fwww.bozoktraktor.com.tr%2Fdegerlerimiz%2F\u00a0\u00bb css=\u00a0\u00bb.vc_custom_1643614479580{margin-top: -15px !important;}\u00a0\u00bb][vc_btn title=\u00a0\u00bbMission &amp; Vision\u00a0\u00bb style=\u00a0\u00bbgradient-custom\u00a0\u00bb gradient_custom_color_1=\u00a0\u00bb#d0202e\u00a0\u00bb gradient_custom_color_2=\u00a0\u00bb#d1646d\u00a0\u00bb align=\u00a0\u00bbleft\u00a0\u00bb button_block=\u00a0\u00bbtrue\u00a0\u00bb link=\u00a0\u00bburl:https%3A%2F%2Fwww.bozoktraktor.com.tr%2Fmisyon-vizyon%2F\u00a0\u00bb css=\u00a0\u00bb.vc_custom_1643614487108{margin-top: -15px !important;}\u00a0\u00bb][vc_btn title=\u00a0\u00bbPolitique Qualit\u00e9 et Environnement\u00a0\u00bb style=\u00a0\u00bbgradient-custom\u00a0\u00bb gradient_custom_color_1=\u00a0\u00bb#d0202e\u00a0\u00bb gradient_custom_color_2=\u00a0\u00bb#d1646d\u00a0\u00bb align=\u00a0\u00bbleft\u00a0\u00bb button_block=\u00a0\u00bbtrue\u00a0\u00bb link=\u00a0\u00bburl:https%3A%2F%2Fwww.bozoktraktor.com.tr%2Fkalite-ve-cevre-politikamiz%2F\u00a0\u00bb css=\u00a0\u00bb.vc_custom_1643614493791{margin-top: -15px !important;}\u00a0\u00bb][vc_btn title=\u00a0\u00bbPolitique de Satisfaction Client\u00a0\u00bb style=\u00a0\u00bbgradient-custom\u00a0\u00bb gradient_custom_color_1=\u00a0\u00bb#d0202e\u00a0\u00bb gradient_custom_color_2=\u00a0\u00bb#d1646d\u00a0\u00bb align=\u00a0\u00bbleft\u00a0\u00bb button_block=\u00a0\u00bbtrue\u00a0\u00bb link=\u00a0\u00bburl:https%3A%2F%2Fwww.bozoktraktor.com.tr%2Fmusteri-memnuniyeti-politikamiz%2F\u00a0\u00bb css=\u00a0\u00bb.vc_custom_1643614504311{margin-top: -15px !important;}\u00a0\u00bb][\/vc_column][vc_column width=\u00a0\u00bb3\/4&Prime; css=\u00a0\u00bb.vc_custom_1615376568174{background-color: #ffffff !important;}\u00a0\u00bb][vc_single_image image=\u00a0\u00bb2310&Prime; img_size=\u00a0\u00bbfull\u00a0\u00bb alignment=\u00a0\u00bbcenter\u00a0\u00bb style=\u00a0\u00bbvc_box_shadow_3d\u00a0\u00bb][vc_separator color=\u00a0\u00bbjuicy_pink\u00a0\u00bb][vc_row_inner css=\u00a0\u00bb.vc_custom_1615377139684{padding-top: -5px !important;background-color: #ffffff !important;}\u00a0\u00bb][vc_column_inner width=\u00a0\u00bb1\/2&Prime;][vc_column_text]<span style=\"color: #d0202e;\"><strong>&gt;&gt; Mission<\/strong><\/span><\/p>\n<div class=\"page\">\n<div class=\"right-blm\">\n<div class=\"text-blmps\">\n<p>Produire des produits de qualit\u00e9 et fournir des services conformes aux besoins et aux attentes de nos clients, maintenir la satisfaction client au premier plan, d\u00e9velopper notre technologie de production en suivant une politique d&rsquo;am\u00e9lioration continue, augmenter la satisfaction de nos employ\u00e9s, en suivant de pr\u00e8s les technologies de production en Turquie et dans le monde et en appliquant les normes de qualit\u00e9 internationales.<\/p>\n<\/div>\n<\/div>\n<\/div>\n<p>[\/vc_column_text][\/vc_column_inner][vc_column_inner width=\u00a0\u00bb1\/2&Prime;][vc_column_text]<span style=\"color: #d0202e;\"><strong>&gt;&gt; Vision<\/strong><\/span><\/p>\n<div class=\"page\">\n<div class=\"right-blm\">\n<div class=\"text-blmps\">\n<p>\u00catre un pionnier en Turquie et le fabricant de tracteurs pr\u00e9f\u00e9r\u00e9 dans le monde.<\/p>\n<\/div>\n<\/div>\n<\/div>\n<p>[\/vc_column_text][\/vc_column_inner][\/vc_row_inner][\/vc_column][\/vc_row]<\/p>","protected":false},"excerpt":{"rendered":"<p>[vc_row cmt_bgimagefixed=\u00a0\u00bb\u00a0\u00bb][vc_column width=\u00a0\u00bb1\/4&Prime; css=\u00a0\u00bb.vc_custom_1617777453790{border-top-width: 2px !important;border-right-width: 2px !important;border-bottom-width: 2px !important;border-left-width: 2px !important;background-color: #ffffff !important;border-radius: 1px !important;}\u00a0\u00bb][vc_btn title=\u00a0\u00bb\u00c0 propos de nous\u00a0\u00bb style=\u00a0\u00bbgradient-custom\u00a0\u00bb gradient_custom_color_1=\u00a0\u00bb#d0202e\u00a0\u00bb gradient_custom_color_2=\u00a0\u00bb#d1646d\u00a0\u00bb align=\u00a0\u00bbleft\u00a0\u00bb button_block=\u00a0\u00bbtrue\u00a0\u00bb link=\u00a0\u00bburl:https%3A%2F%2Fwww.bozoktraktor.com.tr%2Fhakkimizda%2F\u00a0\u00bb css=\u00a0\u00bb.vc_custom_1643614472868{margin-top: 10px !important;}\u00a0\u00bb][vc_btn title=\u00a0\u00bbNos valeurs\u00a0\u00bb style=\u00a0\u00bbgradient-custom\u00a0\u00bb gradient_custom_color_1=\u00a0\u00bb#d0202e\u00a0\u00bb gradient_custom_color_2=\u00a0\u00bb#d1646d\u00a0\u00bb align=\u00a0\u00bbleft\u00a0\u00bb button_block=\u00a0\u00bbtrue\u00a0\u00bb link=\u00a0\u00bburl:https%3A%2F%2Fwww.bozoktraktor.com.tr%2Fdegerlerimiz%2F\u00a0\u00bb css=\u00a0\u00bb.vc_custom_1643614479580{margin-top: -15px !important;}\u00a0\u00bb][vc_btn title=\u00a0\u00bbMission &amp; Vision\u00a0\u00bb style=\u00a0\u00bbgradient-custom\u00a0\u00bb gradient_custom_color_1=\u00a0\u00bb#d0202e\u00a0\u00bb gradient_custom_color_2=\u00a0\u00bb#d1646d\u00a0\u00bb align=\u00a0\u00bbleft\u00a0\u00bb button_block=\u00a0\u00bbtrue\u00a0\u00bb link=\u00a0\u00bburl:https%3A%2F%2Fwww.bozoktraktor.com.tr%2Fmisyon-vizyon%2F\u00a0\u00bb css=\u00a0\u00bb.vc_custom_1643614487108{margin-top: -15px !important;}\u00a0\u00bb][vc_btn title=\u00a0\u00bbPolitique Qualit\u00e9 et &hellip; <a href=\"https:\/\/www.bozoktraktor.com.tr\/fr\/misyon-vizyon\/\" class=\"more-link\">Continue reading <span class=\"screen-reader-text\">Mission &#038; Vision<\/span><\/a><\/p>\n","protected":false},"author":1,"featured_media":0,"parent":0,"menu_order":0,"comment_status":"closed","ping_status":"closed","template":"","meta":{"footnotes":""},"class_list":["post-1749","page","type-page","status-publish","hentry"],"_links":{"self":[{"href":"https:\/\/www.bozoktraktor.com.tr\/fr\/wp-json\/wp\/v2\/pages\/1749","targetHints":{"allow":["GET"]}}],"collection":[{"href":"https:\/\/www.bozoktraktor.com.tr\/fr\/wp-json\/wp\/v2\/pages"}],"about":[{"href":"https:\/\/www.bozoktraktor.com.tr\/fr\/wp-json\/wp\/v2\/types\/page"}],"author":[{"embeddable":true,"href":"https:\/\/www.bozoktraktor.com.tr\/fr\/wp-json\/wp\/v2\/users\/1"}],"replies":[{"embeddable":true,"href":"https:\/\/www.bozoktraktor.com.tr\/fr\/wp-json\/wp\/v2\/comments?post=1749"}],"version-history":[{"count":10,"href":"https:\/\/www.bozoktraktor.com.tr\/fr\/wp-json\/wp\/v2\/pages\/1749\/revisions"}],"predecessor-version":[{"id":3229,"href":"https:\/\/www.bozoktraktor.com.tr\/fr\/wp-json\/wp\/v2\/pages\/1749\/revisions\/3229"}],"wp:attachment":[{"href":"https:\/\/www.bozoktraktor.com.tr\/fr\/wp-json\/wp\/v2\/media?parent=1749"}],"curies":[{"name":"wp","href":"https:\/\/api.w.org\/{rel}","templated":true}]}}