{"id":1751,"date":"2021-03-01T14:27:27","date_gmt":"2021-03-01T11:27:27","guid":{"rendered":"http:\/\/www.bozoktraktor.com.tr\/?page_id=1751"},"modified":"2022-01-31T10:44:14","modified_gmt":"2022-01-31T07:44:14","slug":"kalite-ve-cevre-politikamiz","status":"publish","type":"page","link":"https:\/\/www.bozoktraktor.com.tr\/fr\/kalite-ve-cevre-politikamiz\/","title":{"rendered":"Politique Qualit\u00e9 et Environnement"},"content":{"rendered":"<p>[vc_row cmt_bgimagefixed=\u00a0\u00bb\u00a0\u00bb][vc_column width=\u00a0\u00bb1\/4&Prime; css=\u00a0\u00bb.vc_custom_1617777453790{border-top-width: 2px !important;border-right-width: 2px !important;border-bottom-width: 2px !important;border-left-width: 2px !important;background-color: #ffffff !important;border-radius: 1px !important;}\u00a0\u00bb][vc_btn title=\u00a0\u00bb\u00c0 propos de nous\u00a0\u00bb style=\u00a0\u00bbgradient-custom\u00a0\u00bb gradient_custom_color_1=\u00a0\u00bb#d0202e\u00a0\u00bb gradient_custom_color_2=\u00a0\u00bb#d1646d\u00a0\u00bb align=\u00a0\u00bbleft\u00a0\u00bb button_block=\u00a0\u00bbtrue\u00a0\u00bb link=\u00a0\u00bburl:https%3A%2F%2Fwww.bozoktraktor.com.tr%2Fhakkimizda%2F\u00a0\u00bb css=\u00a0\u00bb.vc_custom_1643615125202{margin-top: 10px !important;}\u00a0\u00bb][vc_btn title=\u00a0\u00bbNos valeurs\u00a0\u00bb style=\u00a0\u00bbgradient-custom\u00a0\u00bb gradient_custom_color_1=\u00a0\u00bb#d0202e\u00a0\u00bb gradient_custom_color_2=\u00a0\u00bb#d1646d\u00a0\u00bb align=\u00a0\u00bbleft\u00a0\u00bb button_block=\u00a0\u00bbtrue\u00a0\u00bb link=\u00a0\u00bburl:https%3A%2F%2Fwww.bozoktraktor.com.tr%2Fdegerlerimiz%2F\u00a0\u00bb css=\u00a0\u00bb.vc_custom_1643615133014{margin-top: -15px !important;}\u00a0\u00bb][vc_btn title=\u00a0\u00bbMission &amp; Vision\u00a0\u00bb style=\u00a0\u00bbgradient-custom\u00a0\u00bb gradient_custom_color_1=\u00a0\u00bb#d0202e\u00a0\u00bb gradient_custom_color_2=\u00a0\u00bb#d1646d\u00a0\u00bb align=\u00a0\u00bbleft\u00a0\u00bb button_block=\u00a0\u00bbtrue\u00a0\u00bb link=\u00a0\u00bburl:https%3A%2F%2Fwww.bozoktraktor.com.tr%2Fmisyon-vizyon%2F\u00a0\u00bb css=\u00a0\u00bb.vc_custom_1643615145398{margin-top: -15px !important;}\u00a0\u00bb][vc_btn title=\u00a0\u00bbPolitique Qualit\u00e9 et Environnement\u00a0\u00bb style=\u00a0\u00bbgradient-custom\u00a0\u00bb gradient_custom_color_1=\u00a0\u00bb#d0202e\u00a0\u00bb gradient_custom_color_2=\u00a0\u00bb#d1646d\u00a0\u00bb align=\u00a0\u00bbleft\u00a0\u00bb button_block=\u00a0\u00bbtrue\u00a0\u00bb link=\u00a0\u00bburl:https%3A%2F%2Fwww.bozoktraktor.com.tr%2Fkalite-ve-cevre-politikamiz%2F\u00a0\u00bb css=\u00a0\u00bb.vc_custom_1643615152971{margin-top: -15px !important;}\u00a0\u00bb][vc_btn title=\u00a0\u00bbPolitique de Satisfaction Client\u00a0\u00bb style=\u00a0\u00bbgradient-custom\u00a0\u00bb gradient_custom_color_1=\u00a0\u00bb#d0202e\u00a0\u00bb gradient_custom_color_2=\u00a0\u00bb#d1646d\u00a0\u00bb align=\u00a0\u00bbleft\u00a0\u00bb button_block=\u00a0\u00bbtrue\u00a0\u00bb link=\u00a0\u00bburl:https%3A%2F%2Fwww.bozoktraktor.com.tr%2Fmusteri-memnuniyeti-politikamiz%2F\u00a0\u00bb css=\u00a0\u00bb.vc_custom_1643615159664{margin-top: -15px !important;}\u00a0\u00bb][\/vc_column][vc_column width=\u00a0\u00bb3\/4&Prime; css=\u00a0\u00bb.vc_custom_1615376568174{background-color: #ffffff !important;}\u00a0\u00bb][vc_single_image image=\u00a0\u00bb2310&Prime; img_size=\u00a0\u00bbfull\u00a0\u00bb alignment=\u00a0\u00bbcenter\u00a0\u00bb style=\u00a0\u00bbvc_box_shadow_3d\u00a0\u00bb][vc_separator color=\u00a0\u00bbjuicy_pink\u00a0\u00bb][vc_row_inner css=\u00a0\u00bb.vc_custom_1615377377882{background-color: #ffffff !important;}\u00a0\u00bb][vc_column_inner][vc_column_text]<span style=\"color: #d0202e;\"><strong>&gt;&gt; Politique de Qualit\u00e9<\/strong><\/span><\/p>\n<p><strong>Les grands principes de Bozok Tractor, qui dispose du syst\u00e8me de gestion de la qualit\u00e9 ISO 9001:2015 sont\u00a0:<\/strong><\/p>\n<ul>\n<li>Mettre la satisfaction du client au-dessus de tout,<\/li>\n<li>Avoir un sens du d\u00e9veloppement et de l\u2019am\u00e9lioration continus en suivant de pr\u00e8s la technologie en d\u00e9veloppement,<\/li>\n<li>\u00catre fiable et honn\u00eate,<\/li>\n<li>Travailler avec des fournisseurs dont la technologie de production s\u2019est am\u00e9lior\u00e9e,<\/li>\n<li>Prendre en compte les valeurs culturelles, sociales et morales dans nos services de production et de post-production,<\/li>\n<li>Travailler avec du personnel form\u00e9 et donner de l&rsquo;importance \u00e0 la formation que nos employ\u00e9s doivent recevoir pour leur d\u00e9veloppement personnel et leur carri\u00e8re,<\/li>\n<\/ul>\n<p><strong>Notre politique en mati\u00e8re d\u2019environnement et de vie<\/strong><\/p>\n<p>En tant que groupe Karacabay, nous abordons avec un soin et une importance particuliers \u00e0 la fois la phase de production et l&rsquo;utilisation de mat\u00e9riaux recycl\u00e9s afin d&rsquo;aider \u00e0 la prise de conscience environnementale mondiale avec la responsabilit\u00e9 qui nous est donn\u00e9e par notre vie commerciale. Conscients que le monde d&rsquo;aujourd&rsquo;hui sera laiss\u00e9 aux enfants de demain, nous poursuivons notre propre d\u00e9veloppement et production en rendant la nature plus vivable et en produisant des solutions respectueuses de l&rsquo;environnement pour le secteur agricole que nous servons.[\/vc_column_text][\/vc_column_inner][\/vc_row_inner][\/vc_column][\/vc_row]<\/p>","protected":false},"excerpt":{"rendered":"<p>[vc_row cmt_bgimagefixed=\u00a0\u00bb\u00a0\u00bb][vc_column width=\u00a0\u00bb1\/4&Prime; css=\u00a0\u00bb.vc_custom_1617777453790{border-top-width: 2px !important;border-right-width: 2px !important;border-bottom-width: 2px !important;border-left-width: 2px !important;background-color: #ffffff !important;border-radius: 1px !important;}\u00a0\u00bb][vc_btn title=\u00a0\u00bb\u00c0 propos de nous\u00a0\u00bb style=\u00a0\u00bbgradient-custom\u00a0\u00bb gradient_custom_color_1=\u00a0\u00bb#d0202e\u00a0\u00bb gradient_custom_color_2=\u00a0\u00bb#d1646d\u00a0\u00bb align=\u00a0\u00bbleft\u00a0\u00bb button_block=\u00a0\u00bbtrue\u00a0\u00bb link=\u00a0\u00bburl:https%3A%2F%2Fwww.bozoktraktor.com.tr%2Fhakkimizda%2F\u00a0\u00bb css=\u00a0\u00bb.vc_custom_1643615125202{margin-top: 10px !important;}\u00a0\u00bb][vc_btn title=\u00a0\u00bbNos valeurs\u00a0\u00bb style=\u00a0\u00bbgradient-custom\u00a0\u00bb gradient_custom_color_1=\u00a0\u00bb#d0202e\u00a0\u00bb gradient_custom_color_2=\u00a0\u00bb#d1646d\u00a0\u00bb align=\u00a0\u00bbleft\u00a0\u00bb button_block=\u00a0\u00bbtrue\u00a0\u00bb link=\u00a0\u00bburl:https%3A%2F%2Fwww.bozoktraktor.com.tr%2Fdegerlerimiz%2F\u00a0\u00bb css=\u00a0\u00bb.vc_custom_1643615133014{margin-top: -15px !important;}\u00a0\u00bb][vc_btn title=\u00a0\u00bbMission &amp; Vision\u00a0\u00bb style=\u00a0\u00bbgradient-custom\u00a0\u00bb gradient_custom_color_1=\u00a0\u00bb#d0202e\u00a0\u00bb gradient_custom_color_2=\u00a0\u00bb#d1646d\u00a0\u00bb align=\u00a0\u00bbleft\u00a0\u00bb button_block=\u00a0\u00bbtrue\u00a0\u00bb link=\u00a0\u00bburl:https%3A%2F%2Fwww.bozoktraktor.com.tr%2Fmisyon-vizyon%2F\u00a0\u00bb css=\u00a0\u00bb.vc_custom_1643615145398{margin-top: -15px !important;}\u00a0\u00bb][vc_btn title=\u00a0\u00bbPolitique Qualit\u00e9 et &hellip; <a href=\"https:\/\/www.bozoktraktor.com.tr\/fr\/kalite-ve-cevre-politikamiz\/\" class=\"more-link\">Continue reading <span class=\"screen-reader-text\">Politique Qualit\u00e9 et Environnement<\/span><\/a><\/p>\n","protected":false},"author":1,"featured_media":0,"parent":0,"menu_order":0,"comment_status":"closed","ping_status":"closed","template":"","meta":{"footnotes":""},"class_list":["post-1751","page","type-page","status-publish","hentry"],"_links":{"self":[{"href":"https:\/\/www.bozoktraktor.com.tr\/fr\/wp-json\/wp\/v2\/pages\/1751","targetHints":{"allow":["GET"]}}],"collection":[{"href":"https:\/\/www.bozoktraktor.com.tr\/fr\/wp-json\/wp\/v2\/pages"}],"about":[{"href":"https:\/\/www.bozoktraktor.com.tr\/fr\/wp-json\/wp\/v2\/types\/page"}],"author":[{"embeddable":true,"href":"https:\/\/www.bozoktraktor.com.tr\/fr\/wp-json\/wp\/v2\/users\/1"}],"replies":[{"embeddable":true,"href":"https:\/\/www.bozoktraktor.com.tr\/fr\/wp-json\/wp\/v2\/comments?post=1751"}],"version-history":[{"count":10,"href":"https:\/\/www.bozoktraktor.com.tr\/fr\/wp-json\/wp\/v2\/pages\/1751\/revisions"}],"predecessor-version":[{"id":3231,"href":"https:\/\/www.bozoktraktor.com.tr\/fr\/wp-json\/wp\/v2\/pages\/1751\/revisions\/3231"}],"wp:attachment":[{"href":"https:\/\/www.bozoktraktor.com.tr\/fr\/wp-json\/wp\/v2\/media?parent=1751"}],"curies":[{"name":"wp","href":"https:\/\/api.w.org\/{rel}","templated":true}]}}