{"id":1754,"date":"2021-03-01T14:27:51","date_gmt":"2021-03-01T11:27:51","guid":{"rendered":"http:\/\/www.bozoktraktor.com.tr\/?page_id=1754"},"modified":"2022-01-31T10:48:59","modified_gmt":"2022-01-31T07:48:59","slug":"musteri-memnuniyeti-politikamiz","status":"publish","type":"page","link":"https:\/\/www.bozoktraktor.com.tr\/fr\/musteri-memnuniyeti-politikamiz\/","title":{"rendered":"Politique de Satisfaction Client"},"content":{"rendered":"<p>[vc_row cmt_bgimagefixed=\u00a0\u00bb\u00a0\u00bb][vc_column width=\u00a0\u00bb1\/4&Prime; css=\u00a0\u00bb.vc_custom_1617777453790{border-top-width: 2px !important;border-right-width: 2px !important;border-bottom-width: 2px !important;border-left-width: 2px !important;background-color: #ffffff !important;border-radius: 1px !important;}\u00a0\u00bb][vc_btn title=\u00a0\u00bb\u00c0 propos de nous\u00a0\u00bb style=\u00a0\u00bbgradient-custom\u00a0\u00bb gradient_custom_color_1=\u00a0\u00bb#d0202e\u00a0\u00bb gradient_custom_color_2=\u00a0\u00bb#d1646d\u00a0\u00bb align=\u00a0\u00bbleft\u00a0\u00bb button_block=\u00a0\u00bbtrue\u00a0\u00bb link=\u00a0\u00bburl:https%3A%2F%2Fwww.bozoktraktor.com.tr%2Fhakkimizda%2F\u00a0\u00bb css=\u00a0\u00bb.vc_custom_1643615470475{margin-top: 10px !important;}\u00a0\u00bb][vc_btn title=\u00a0\u00bbNos valeurs\u00a0\u00bb style=\u00a0\u00bbgradient-custom\u00a0\u00bb gradient_custom_color_1=\u00a0\u00bb#d0202e\u00a0\u00bb gradient_custom_color_2=\u00a0\u00bb#d1646d\u00a0\u00bb align=\u00a0\u00bbleft\u00a0\u00bb button_block=\u00a0\u00bbtrue\u00a0\u00bb link=\u00a0\u00bburl:https%3A%2F%2Fwww.bozoktraktor.com.tr%2Fdegerlerimiz%2F\u00a0\u00bb css=\u00a0\u00bb.vc_custom_1643615481970{margin-top: -15px !important;}\u00a0\u00bb][vc_btn title=\u00a0\u00bbMission &amp; Vision\u00a0\u00bb style=\u00a0\u00bbgradient-custom\u00a0\u00bb gradient_custom_color_1=\u00a0\u00bb#d0202e\u00a0\u00bb gradient_custom_color_2=\u00a0\u00bb#d1646d\u00a0\u00bb align=\u00a0\u00bbleft\u00a0\u00bb button_block=\u00a0\u00bbtrue\u00a0\u00bb link=\u00a0\u00bburl:https%3A%2F%2Fwww.bozoktraktor.com.tr%2Fmisyon-vizyon%2F\u00a0\u00bb css=\u00a0\u00bb.vc_custom_1643615488990{margin-top: -15px !important;}\u00a0\u00bb][vc_btn title=\u00a0\u00bbPolitique Qualit\u00e9 et Environnement\u00a0\u00bb style=\u00a0\u00bbgradient-custom\u00a0\u00bb gradient_custom_color_1=\u00a0\u00bb#d0202e\u00a0\u00bb gradient_custom_color_2=\u00a0\u00bb#d1646d\u00a0\u00bb align=\u00a0\u00bbleft\u00a0\u00bb button_block=\u00a0\u00bbtrue\u00a0\u00bb link=\u00a0\u00bburl:https%3A%2F%2Fwww.bozoktraktor.com.tr%2Fkalite-ve-cevre-politikamiz%2F\u00a0\u00bb css=\u00a0\u00bb.vc_custom_1643615495805{margin-top: -15px !important;}\u00a0\u00bb][vc_btn title=\u00a0\u00bbPolitique de Satisfaction Client\u00a0\u00bb style=\u00a0\u00bbgradient-custom\u00a0\u00bb gradient_custom_color_1=\u00a0\u00bb#d0202e\u00a0\u00bb gradient_custom_color_2=\u00a0\u00bb#d1646d\u00a0\u00bb align=\u00a0\u00bbleft\u00a0\u00bb button_block=\u00a0\u00bbtrue\u00a0\u00bb link=\u00a0\u00bburl:https%3A%2F%2Fwww.bozoktraktor.com.tr%2Fmusteri-memnuniyeti-politikamiz%2F\u00a0\u00bb css=\u00a0\u00bb.vc_custom_1643615503100{margin-top: -15px !important;}\u00a0\u00bb][\/vc_column][vc_column width=\u00a0\u00bb3\/4&Prime; css=\u00a0\u00bb.vc_custom_1615376568174{background-color: #ffffff !important;}\u00a0\u00bb][vc_single_image image=\u00a0\u00bb2310&Prime; img_size=\u00a0\u00bbfull\u00a0\u00bb alignment=\u00a0\u00bbcenter\u00a0\u00bb style=\u00a0\u00bbvc_box_shadow_3d\u00a0\u00bb][vc_separator color=\u00a0\u00bbjuicy_pink\u00a0\u00bb][vc_row_inner css=\u00a0\u00bb.vc_custom_1615377541803{margin-top: 5px !important;background-color: #ffffff !important;}\u00a0\u00bb][vc_column_inner][vc_column_text]<strong><span style=\"color: #d0202e;\">&gt;&gt; Notre politique de satisfaction client<\/span><\/strong><\/p>\n<p>En tant que Groupe Karacabay, nos politiques de satisfaction de la client\u00e8le sont l\u2019une des cibles prioritaires de nos entreprises. Nous visons \u00e0 mener un travail coordonn\u00e9 avec nos concessionnaires et services dans tous les coins de la Turquie sans fronti\u00e8res afin de fournir des services de vente et d\u2019apr\u00e8s-vente aux agriculteurs turcs de la meilleure fa\u00e7on dans les tracteurs que nous importons et produisons.<\/p>\n<p>Nous pr\u00e9voyons de livrer les pi\u00e8ces de rechange d\u2019origine de nos tracteurs \u00e0 nos clients de la mani\u00e8re la plus efficace et la plus rapide, de r\u00e9soudre les probl\u00e8mes de compr\u00e9hension du service sur site et de fa\u00e7onner nos politiques de vente en am\u00e9liorant la qualit\u00e9 du service.[\/vc_column_text][\/vc_column_inner][\/vc_row_inner][\/vc_column][\/vc_row]<\/p>","protected":false},"excerpt":{"rendered":"<p>[vc_row cmt_bgimagefixed=\u00a0\u00bb\u00a0\u00bb][vc_column width=\u00a0\u00bb1\/4&Prime; css=\u00a0\u00bb.vc_custom_1617777453790{border-top-width: 2px !important;border-right-width: 2px !important;border-bottom-width: 2px !important;border-left-width: 2px !important;background-color: #ffffff !important;border-radius: 1px !important;}\u00a0\u00bb][vc_btn title=\u00a0\u00bb\u00c0 propos de nous\u00a0\u00bb style=\u00a0\u00bbgradient-custom\u00a0\u00bb gradient_custom_color_1=\u00a0\u00bb#d0202e\u00a0\u00bb gradient_custom_color_2=\u00a0\u00bb#d1646d\u00a0\u00bb align=\u00a0\u00bbleft\u00a0\u00bb button_block=\u00a0\u00bbtrue\u00a0\u00bb link=\u00a0\u00bburl:https%3A%2F%2Fwww.bozoktraktor.com.tr%2Fhakkimizda%2F\u00a0\u00bb css=\u00a0\u00bb.vc_custom_1643615470475{margin-top: 10px !important;}\u00a0\u00bb][vc_btn title=\u00a0\u00bbNos valeurs\u00a0\u00bb style=\u00a0\u00bbgradient-custom\u00a0\u00bb gradient_custom_color_1=\u00a0\u00bb#d0202e\u00a0\u00bb gradient_custom_color_2=\u00a0\u00bb#d1646d\u00a0\u00bb align=\u00a0\u00bbleft\u00a0\u00bb button_block=\u00a0\u00bbtrue\u00a0\u00bb link=\u00a0\u00bburl:https%3A%2F%2Fwww.bozoktraktor.com.tr%2Fdegerlerimiz%2F\u00a0\u00bb css=\u00a0\u00bb.vc_custom_1643615481970{margin-top: -15px !important;}\u00a0\u00bb][vc_btn title=\u00a0\u00bbMission &amp; Vision\u00a0\u00bb style=\u00a0\u00bbgradient-custom\u00a0\u00bb gradient_custom_color_1=\u00a0\u00bb#d0202e\u00a0\u00bb gradient_custom_color_2=\u00a0\u00bb#d1646d\u00a0\u00bb align=\u00a0\u00bbleft\u00a0\u00bb button_block=\u00a0\u00bbtrue\u00a0\u00bb link=\u00a0\u00bburl:https%3A%2F%2Fwww.bozoktraktor.com.tr%2Fmisyon-vizyon%2F\u00a0\u00bb css=\u00a0\u00bb.vc_custom_1643615488990{margin-top: -15px !important;}\u00a0\u00bb][vc_btn title=\u00a0\u00bbPolitique Qualit\u00e9 et &hellip; <a href=\"https:\/\/www.bozoktraktor.com.tr\/fr\/musteri-memnuniyeti-politikamiz\/\" class=\"more-link\">Continue reading <span class=\"screen-reader-text\">Politique de Satisfaction Client<\/span><\/a><\/p>\n","protected":false},"author":1,"featured_media":0,"parent":0,"menu_order":0,"comment_status":"closed","ping_status":"closed","template":"","meta":{"footnotes":""},"class_list":["post-1754","page","type-page","status-publish","hentry"],"_links":{"self":[{"href":"https:\/\/www.bozoktraktor.com.tr\/fr\/wp-json\/wp\/v2\/pages\/1754","targetHints":{"allow":["GET"]}}],"collection":[{"href":"https:\/\/www.bozoktraktor.com.tr\/fr\/wp-json\/wp\/v2\/pages"}],"about":[{"href":"https:\/\/www.bozoktraktor.com.tr\/fr\/wp-json\/wp\/v2\/types\/page"}],"author":[{"embeddable":true,"href":"https:\/\/www.bozoktraktor.com.tr\/fr\/wp-json\/wp\/v2\/users\/1"}],"replies":[{"embeddable":true,"href":"https:\/\/www.bozoktraktor.com.tr\/fr\/wp-json\/wp\/v2\/comments?post=1754"}],"version-history":[{"count":8,"href":"https:\/\/www.bozoktraktor.com.tr\/fr\/wp-json\/wp\/v2\/pages\/1754\/revisions"}],"predecessor-version":[{"id":3233,"href":"https:\/\/www.bozoktraktor.com.tr\/fr\/wp-json\/wp\/v2\/pages\/1754\/revisions\/3233"}],"wp:attachment":[{"href":"https:\/\/www.bozoktraktor.com.tr\/fr\/wp-json\/wp\/v2\/media?parent=1754"}],"curies":[{"name":"wp","href":"https:\/\/api.w.org\/{rel}","templated":true}]}}