{"id":2086,"date":"2021-03-10T15:49:51","date_gmt":"2021-03-10T12:49:51","guid":{"rendered":"https:\/\/www.bozoktraktor.com.tr\/?page_id=2086"},"modified":"2022-01-24T15:51:31","modified_gmt":"2022-01-24T12:51:31","slug":"kvkk-bilgilendirme-metni","status":"publish","type":"page","link":"https:\/\/www.bozoktraktor.com.tr\/fr\/kvkk-bilgilendirme-metni\/","title":{"rendered":"KVKK Information Text"},"content":{"rendered":"<p>[vc_row cmt_bgimagefixed=\u00a0\u00bb\u00a0\u00bb][vc_column width=\u00a0\u00bb1\/4&Prime; css=\u00a0\u00bb.vc_custom_1617773676395{border-top-width: 2px !important;border-right-width: 2px !important;border-bottom-width: 2px !important;border-left-width: 2px !important;background-color: #ffffff !important;border-radius: 1px !important;}\u00a0\u00bb][vc_btn title=\u00a0\u00bbDossier de presse\u00a0\u00bb style=\u00a0\u00bbgradient-custom\u00a0\u00bb gradient_custom_color_1=\u00a0\u00bb#d0202e\u00a0\u00bb gradient_custom_color_2=\u00a0\u00bb#d1646d\u00a0\u00bb align=\u00a0\u00bbleft\u00a0\u00bb button_block=\u00a0\u00bbtrue\u00a0\u00bb link=\u00a0\u00bburl:https%3A%2F%2Fwww.bozoktraktor.com.tr%2Fbasin-kiti%2F\u00a0\u00bb css=\u00a0\u00bb.vc_custom_1643026441849{margin-top: 10px !important;}\u00a0\u00bb][vc_btn title=\u00a0\u00bbGalerie Vid\u00e9o\u00a0\u00bb style=\u00a0\u00bbgradient-custom\u00a0\u00bb gradient_custom_color_1=\u00a0\u00bb#d0202e\u00a0\u00bb gradient_custom_color_2=\u00a0\u00bb#d1646d\u00a0\u00bb align=\u00a0\u00bbleft\u00a0\u00bb button_block=\u00a0\u00bbtrue\u00a0\u00bb link=\u00a0\u00bburl:https%3A%2F%2Fwww.bozoktraktor.com.tr%2Fbasin-kiti%2Fvideo-galeri%2F\u00a0\u00bb css=\u00a0\u00bb.vc_custom_1643026447812{margin-top: -15px !important;}\u00a0\u00bb][vc_btn title=\u00a0\u00bbCatalogue en ligne\u00a0\u00bb style=\u00a0\u00bbgradient-custom\u00a0\u00bb gradient_custom_color_1=\u00a0\u00bb#d0202e\u00a0\u00bb gradient_custom_color_2=\u00a0\u00bb#d1646d\u00a0\u00bb align=\u00a0\u00bbleft\u00a0\u00bb button_block=\u00a0\u00bbtrue\u00a0\u00bb link=\u00a0\u00bburl:https%3A%2F%2Fwww.bozoktraktor.com.tr%2Fbasin-kiti%2Flogo-katalog%2F\u00a0\u00bb css=\u00a0\u00bb.vc_custom_1643026468046{margin-top: -15px !important;}\u00a0\u00bb][vc_btn title=\u00a0\u00bbFoire aux Questions\u00a0\u00bb style=\u00a0\u00bbgradient-custom\u00a0\u00bb gradient_custom_color_1=\u00a0\u00bb#d0202e\u00a0\u00bb gradient_custom_color_2=\u00a0\u00bb#d1646d\u00a0\u00bb align=\u00a0\u00bbleft\u00a0\u00bb button_block=\u00a0\u00bbtrue\u00a0\u00bb link=\u00a0\u00bburl:https%3A%2F%2Fwww.bozoktraktor.com.tr%2Fs-s-s%2F\u00a0\u00bb css=\u00a0\u00bb.vc_custom_1643028803449{margin-top: -15px !important;}\u00a0\u00bb][vc_btn title=\u00a0\u00bbBozok Tractor dans la Presse\u00a0\u00bb style=\u00a0\u00bbgradient-custom\u00a0\u00bb gradient_custom_color_1=\u00a0\u00bb#d0202e\u00a0\u00bb gradient_custom_color_2=\u00a0\u00bb#d1646d\u00a0\u00bb align=\u00a0\u00bbleft\u00a0\u00bb button_block=\u00a0\u00bbtrue\u00a0\u00bb link=\u00a0\u00bburl:https%3A%2F%2Fwww.bozoktraktor.com.tr%2Fbasin-kiti%2Fbasinda-bozok-traktor%2F\u00a0\u00bb css=\u00a0\u00bb.vc_custom_1643028810960{margin-top: -15px !important;}\u00a0\u00bb][vc_btn title=\u00a0\u00bbPolitique de cookies\u00a0\u00bb style=\u00a0\u00bbgradient-custom\u00a0\u00bb gradient_custom_color_1=\u00a0\u00bb#d0202e\u00a0\u00bb gradient_custom_color_2=\u00a0\u00bb#d1646d\u00a0\u00bb align=\u00a0\u00bbleft\u00a0\u00bb button_block=\u00a0\u00bbtrue\u00a0\u00bb link=\u00a0\u00bburl:https%3A%2F%2Fwww.bozoktraktor.com.tr%2Fbasin-kiti%2Fcerez-politikasi%2F\u00a0\u00bb css=\u00a0\u00bb.vc_custom_1643028819512{margin-top: -15px !important;}\u00a0\u00bb][vc_btn title=\u00a0\u00bbPolitique de Confidentialit\u00e9\u00a0\u00bb style=\u00a0\u00bbgradient-custom\u00a0\u00bb gradient_custom_color_1=\u00a0\u00bb#d0202e\u00a0\u00bb gradient_custom_color_2=\u00a0\u00bb#d1646d\u00a0\u00bb align=\u00a0\u00bbleft\u00a0\u00bb button_block=\u00a0\u00bbtrue\u00a0\u00bb link=\u00a0\u00bburl:https%3A%2F%2Fwww.bozoktraktor.com.tr%2Fbasin-kiti%2Fgizlilik-politikasi%2F\u00a0\u00bb css=\u00a0\u00bb.vc_custom_1643028827808{margin-top: -15px !important;}\u00a0\u00bb][vc_btn title=\u00a0\u00bbKVKK Information Text\u00a0\u00bb style=\u00a0\u00bbgradient-custom\u00a0\u00bb gradient_custom_color_1=\u00a0\u00bb#d0202e\u00a0\u00bb gradient_custom_color_2=\u00a0\u00bb#d1646d\u00a0\u00bb align=\u00a0\u00bbleft\u00a0\u00bb button_block=\u00a0\u00bbtrue\u00a0\u00bb link=\u00a0\u00bburl:https%3A%2F%2Fwww.bozoktraktor.com.tr%2Fkvkk-bilgilendirme-metni%2F\u00a0\u00bb css=\u00a0\u00bb.vc_custom_1643028836601{margin-top: -15px !important;}\u00a0\u00bb][\/vc_column][vc_column width=\u00a0\u00bb3\/4&Prime; css=\u00a0\u00bb.vc_custom_1615376568174{background-color: #ffffff !important;}\u00a0\u00bb][vc_row_inner css=\u00a0\u00bb.vc_custom_1615376778493{padding-bottom: 23px !important;background-color: #ffffff !important;}\u00a0\u00bb][vc_column_inner][vc_column_text]\u00c0 PROPOS DE LA PROTECTION DES DONN\u00c9ES PERSONNELLES CONFORM\u00c9MENT \u00c0 LA LOI SUR LA PROTECTION DES DONN\u00c9ES PERSONNELLES N \u00b0 6698 (\u00ab\u00a0KVKK\u00a0\u00bb)<\/p>\n<p>TEXTE D&rsquo;\u00c9CLAIRAGE<\/p>\n<p>Ce texte&#8230;&#8230;&#8230;&#8230;.. A.Sh . Il a \u00e9t\u00e9 pr\u00e9par\u00e9 par (la SOCI\u00c9T\u00c9) afin de vous informer et de vous \u00e9clairer dans le cadre de la Loi n \u00b0 6698 sur la Protection des Donn\u00e9es \u00e0 Caract\u00e8re Personnel (\u201cLoi\u201d, \u201cKVKK\u201d) et de la l\u00e9gislation secondaire qui prend sa base juridique de la loi pertinente.<\/p>\n<p>Le 24 avril mars 2016, la Loi n\u00b0 6698 sur la Protection des Donn\u00e9es \u00e0 Caract\u00e8re Personnel a \u00e9t\u00e9 adopt\u00e9e et est entr\u00e9e en vigueur en la publiant au Journal Officiel le 7 avril 2016. L&rsquo;objectif principal de la loi est de prot\u00e9ger les droits et libert\u00e9s fondamentaux des personnes, en particulier la vie priv\u00e9e, dans le traitement des donn\u00e9es \u00e0 caract\u00e8re personnel et de d\u00e9terminer les obligations des personnes physiques et morales qui traitent des donn\u00e9es \u00e0 caract\u00e8re personnel et les proc\u00e9dures et principes \u00e0 suivre. Conform\u00e9ment au Communiqu\u00e9 sur les Proc\u00e9dures et Principes \u00e0 Suivre dans le respect de l&rsquo;Obligation de Divulgation dans le contenu du pr\u00e9sent texte,<\/p>\n<p>&#8211; Dans quel but vos donn\u00e9es personnelles sont-elles trait\u00e9es<\/p>\n<p>&#8211; \u00c0 qui et dans quel but vos donn\u00e9es personnelles peuvent \u00eatre transf\u00e9r\u00e9es<\/p>\n<p>&#8211; M\u00e9thodes de collecte des donn\u00e9es personnelles et raisons juridiques<\/p>\n<p>&#8211; En tant que personne dont les donn\u00e9es personnelles sont trait\u00e9es, vous serez inform\u00e9 de vos droits dans le cadre de KVKK.<\/p>\n<p>La Finalit\u00e9 et l&rsquo;\u00c9tendue du Traitement des Donn\u00e9es Personnelles, ainsi que la M\u00e9thode de Traitement des Donn\u00e9es<\/p>\n<p>Vos donn\u00e9es personnelles traitement enti\u00e8rement ou partiellement automatis\u00e9 de vos donn\u00e9es personnelles, ou pour faire partie de tout syst\u00e8me d&rsquo;enregistrement de donn\u00e9es enregistrer des moyens non automatiques d&rsquo;obtention, d&rsquo;enregistrement, de stockage, de conservation, d&rsquo;alt\u00e9ration, de r\u00e9arrangement, de divulgation, de transfert, d&rsquo;acquisition, peuvent \u00eatre obtenus, ce qui rend la classification ou l&rsquo;utilisation se r\u00e9f\u00e8re \u00e0 toute op\u00e9ration effectu\u00e9e sur les donn\u00e9es telle que la pr\u00e9vention de.<\/p>\n<p>La soci\u00e9t\u00e9, pour assurer l&rsquo;am\u00e9lioration des services \u00e0 ses visiteurs, enrichir votre exp\u00e9rience au sein du site, pour effectuer des \u00e9valuations statistiques au sens commercial, l&rsquo;utilisateur peut identifier les services en fonction de ses pr\u00e9f\u00e9rences et pr\u00e9f\u00e9rences de l&rsquo;utilisateur, pour introduire des recherches \u00e0 trouver dans le dimanche encore \u00e0 offrir aux utilisateurs du service en cr\u00e9ant des bases de donn\u00e9es \u00e0 ces fins le contenu de vos donn\u00e9es personnelles pour des raisons telles que la d\u00e9termination du contenu et la publicit\u00e9 op\u00e8re. Les donn\u00e9es personnelles pertinentes sont demand\u00e9es et trait\u00e9es par vous via le site. En outre, vos donn\u00e9es personnelles, vos partenaires commerciaux, nos comptes de m\u00e9dias sociaux, nos canaux de service client sont utilis\u00e9s pour identifier les moyens de cookies, que vous envoyez \u00e0 notre soci\u00e9t\u00e9 des e-mails, des fax, des lettres, etc. formulaires de contact avec lesquels nous avons une relation commerciale et le service que nous proposons dispose d&rsquo;un r\u00e9seau de vente mondial informations obtenues aupr\u00e8s de tiers et peuvent \u00eatre collect\u00e9es conform\u00e9ment \u00e0 l&rsquo;objectif et \u00e0 la port\u00e9e de KVKK obtenus via.<\/p>\n<p>En sa qualit\u00e9 de soci\u00e9t\u00e9 responsable de vos donn\u00e9es personnelles est vos donn\u00e9es par la loi n \u00b0 6698 sur la protection des donn\u00e9es personnelles 5. dans le cadre des exceptions \u00e9num\u00e9r\u00e9es dans l&rsquo;article, les \u00e9l\u00e9ments suivants peuvent \u00e9galement \u00eatre trait\u00e9s sans votre consentement explicite:<\/p>\n<p>a) Clairement stipul\u00e9 dans les lois;<\/p>\n<p>b) Une personne qui n&rsquo;est pas en mesure de divulguer son consentement en raison d&rsquo;une impossibilit\u00e9 r\u00e9elle ou dont le consentement n&rsquo;est pas juridiquement valable doit \u00eatre tenue de prot\u00e9ger sa vie ou son int\u00e9grit\u00e9 corporelle ou celle d&rsquo;une autre personne.<\/p>\n<p>c) Il est n\u00e9cessaire de traiter les donn\u00e9es personnelles appartenant aux parties au contrat, \u00e0 condition qu&rsquo;elles soient directement li\u00e9es \u00e0 l&rsquo;ex\u00e9cution du contrat.<\/p>\n<p>\u00e7) En tant que responsable du traitement, il est obligatoire pour que nos obligations l\u00e9gales soient remplies;<\/p>\n<p>d) Le fait que la personne concern\u00e9e a \u00e9t\u00e9 identifi\u00e9e publiquement par elle-m\u00eame.<\/p>\n<p>e) Le traitement des donn\u00e9es est obligatoire pour l&rsquo;\u00e9tablissement, l&rsquo;utilisation ou la protection d&rsquo;un droit<\/p>\n<p>f) Le fait que le traitement des donn\u00e9es soit obligatoire pour les int\u00e9r\u00eats l\u00e9gitimes du responsable du traitement, \u00e0 condition qu&rsquo;il ne porte pas atteinte aux droits et libert\u00e9s fondamentaux de la personne concern\u00e9e, peut \u00eatre utilis\u00e9 aux fins que nous pr\u00e9ciserons ci-dessous, sur la base de l&rsquo;une des conditions.<\/p>\n<p>Sauf indication contraire, les informations collect\u00e9es via le Site peuvent \u00eatre utilis\u00e9es pour le d\u00e9veloppement du contenu du Site, la disposition du Site en fonction de vos besoins sur la base de vos pr\u00e9f\u00e9rences et \u00e0 d&rsquo;autres fins sp\u00e9cifi\u00e9es dans les pr\u00e9sentes.<\/p>\n<p>Les utilisateurs n&rsquo;ont pas besoin de s&rsquo;inscrire pour utiliser la plupart des informations et services propos\u00e9s sur ce Site. Cependant, si les utilisateurs souhaitent s&rsquo;inscrire, la SOCI\u00c9T\u00c9 utilise les informations de contact fournies par les utilisateurs lors de leur inscription pour envoyer un e-mail confirmant qu&rsquo;ils se sont inscrits aupr\u00e8s de la SOCI\u00c9T\u00c9 et pour r\u00e9pondre \u00e0 leurs questions. \u00c0 la demande des utilisateurs, la SOCI\u00c9T\u00c9 peut, de temps \u00e0 autre, envoyer des e-mails contenant des promotions sp\u00e9ciales ou des newsletters susceptibles d&rsquo;int\u00e9resser ces utilisateurs, dans la mesure permise par la l\u00e9gislation applicable, aux utilisateurs qui ont donn\u00e9 leur autorisation en partageant leurs coordonn\u00e9es.<\/p>\n<p>\u00c0 Qui et dans quel But les Donn\u00e9es Personnelles Trait\u00e9es peuvent-elles \u00eatre Transf\u00e9r\u00e9es<\/p>\n<p>Vos donn\u00e9es personnelles collect\u00e9es sont partag\u00e9es avec les unit\u00e9s internes de la SOCI\u00c9T\u00c9 afin de d\u00e9terminer vos go\u00fbts et vos habitudes d&rsquo;utilisation et d&rsquo;am\u00e9liorer la qualit\u00e9 des produits et services. Nous partageons vos donn\u00e9es personnelles avec les unit\u00e9s internes de notre soci\u00e9t\u00e9 afin d&rsquo;\u00e9valuer vos go\u00fbts, besoins ou r\u00e9clamations et de r\u00e9aliser un certain nombre d&rsquo;\u00e9tudes dans ce contexte, nous prenons en compte nos clients lors de la d\u00e9termination de nos strat\u00e9gies commerciales. La SOCI\u00c9T\u00c9 fournit vos donn\u00e9es personnelles \u00e0 des partenaires commerciaux, fournisseurs, actionnaires, organismes publics et particuliers conform\u00e9ment \u00e0 ses relations commerciales en dehors de ses unit\u00e9s internes conform\u00e9ment \u00e0 l&rsquo;article 8 de la Loi sur la Protection des Donn\u00e9es Personnelles. Et 9. Elles peuvent \u00eatre transf\u00e9r\u00e9es dans le cadre des conditions et finalit\u00e9s de traitement des donn\u00e9es \u00e0 caract\u00e8re personnel sp\u00e9cifi\u00e9es dans les articles.<\/p>\n<p>Mesures techniques et Administratives Prises pour Assurer la S\u00e9curit\u00e9 des Donn\u00e9es Personnelles<\/p>\n<p>La SOCI\u00c9T\u00c9 s&rsquo;engage \u00e0 prendre toutes les mesures techniques et administratives n\u00e9cessaires et \u00e0 prendre les pr\u00e9cautions n\u00e9cessaires pour assurer la confidentialit\u00e9, l&rsquo;int\u00e9grit\u00e9 et la s\u00e9curit\u00e9 de vos donn\u00e9es personnelles. Dans ce contexte, il prend les mesures n\u00e9cessaires pour emp\u00eacher l&rsquo;utilisation incorrecte des donn\u00e9es personnelles, le traitement ill\u00e9gal, l&rsquo;acc\u00e8s non autoris\u00e9 aux donn\u00e9es, la divulgation, la modification ou la destruction des donn\u00e9es.<\/p>\n<p>La SOCI\u00c9T\u00c9 prend les mesures techniques et administratives suivantes concernant la pr\u00e9vention de l&rsquo;acc\u00e8s illicite aux donn\u00e9es personnelles qu&rsquo;elle traite, la pr\u00e9vention du traitement illicite de ces donn\u00e9es et la protection des donn\u00e9es personnelles;<\/p>\n<p>La SOCI\u00c9T\u00c9 analyse r\u00e9guli\u00e8rement les risques li\u00e9s \u00e0 la s\u00e9curit\u00e9 des donn\u00e9es en fournissant des services de conseil dans le domaine de l&rsquo;informatique et du droit afin d&rsquo;analyser les mesures techniques et administratives qu&rsquo;elle peut prendre pour prot\u00e9ger les donn\u00e9es personnelles et maintient sa politique de s\u00e9curit\u00e9 \u00e0 jour. L&rsquo;ENTREPRISE organise des formations KVKK pour ses employ\u00e9s et veille \u00e0 ce que les employ\u00e9s re\u00e7oivent une formation de formateurs experts dans leur domaine. De cette mani\u00e8re, on tente d&#8217;emp\u00eacher les violations de la loi sur la protection des donn\u00e9es personnelles qui peuvent \u00eatre caus\u00e9es par les erreurs des employ\u00e9s. La SOCI\u00c9T\u00c9 inclut des clauses de confidentialit\u00e9 dans le contenu des contrats de travail des employ\u00e9s au prorata des possibilit\u00e9s d&rsquo;acc\u00e8s aux donn\u00e9es personnelles.<\/p>\n<p>Des syst\u00e8mes de tenue de dossiers s\u00e9curis\u00e9s (journalisation) sont utilis\u00e9s dans des environnements \u00e9lectroniques o\u00f9 des donn\u00e9es personnelles sont trait\u00e9es. En outre, des programmes de sauvegarde des donn\u00e9es qui assurent le stockage s\u00e9curis\u00e9 des donn\u00e9es personnelles et des programmes qui assurent la s\u00e9curit\u00e9 du r\u00e9seau de communication interne sont utilis\u00e9s, et l&rsquo;ENTREPRISE essaie de prendre toutes sortes de mesures dans le domaine de la s\u00e9curit\u00e9 de l&rsquo;information.<\/p>\n<p>11 De La Loi Sur La Protection Des Donn\u00e9es Personnelles Du Propri\u00e9taire Des Donn\u00e9es Personnelles. les droits \u00e9num\u00e9r\u00e9s dans l&rsquo;article<\/p>\n<p>En tant que propri\u00e9taires de donn\u00e9es personnelles, KVKK 11. Conform\u00e9ment \u00e0 l&rsquo;article;<\/p>\n<p>* Savoir si des donn\u00e9es personnelles ont \u00e9t\u00e9 trait\u00e9es,<\/p>\n<p>* Demander des informations sur vos donn\u00e9es personnelles si elles ont \u00e9t\u00e9 trait\u00e9es,<\/p>\n<p>* Pour conna\u00eetre la finalit\u00e9 du traitement des donn\u00e9es personnelles et si elles sont utilis\u00e9es aux fins auxquelles elles sont destin\u00e9es,<\/p>\n<p>* Connaissance des tiers auxquels les donn\u00e9es personnelles sont transf\u00e9r\u00e9es au pays ou \u00e0 l&rsquo;\u00e9tranger,<\/p>\n<p>* Demander la correction des donn\u00e9es personnelles en cas de traitement incomplet ou incorrect et demander la notification de la transaction effectu\u00e9e dans ce contexte aux tiers auxquels les donn\u00e9es personnelles ont \u00e9t\u00e9 transf\u00e9r\u00e9es,<\/p>\n<p>* Trait\u00e9es conform\u00e9ment aux dispositions de la loi ou d&rsquo;une autre loi pertinente KVK, bien qu&rsquo;en cas de disparition des raisons n\u00e9cessitant un traitement, et dans ce contexte \u00e0 la destruction ou \u00e0 la suppression de vos donn\u00e9es personnelles, demandez \u00e0 \u00eatre inform\u00e9 du traitement des donn\u00e9es personnelles transf\u00e9r\u00e9es \u00e0 des tiers,<\/p>\n<p>* S&rsquo;opposer \u00e0 l&rsquo;\u00e9mergence d&rsquo;une conclusion contre la personne elle-m\u00eame en analysant les donn\u00e9es trait\u00e9es exclusivement par des syst\u00e8mes automatis\u00e9s,<\/p>\n<p>\u00b7 Si des donn\u00e9es personnelles sont endommag\u00e9es en raison d&rsquo;un traitement ill\u00e9gal, vous avez le droit d&rsquo;exiger une indemnisation pour le dommage.<\/p>\n<p>13 De la loi KVK. article 1. conform\u00e9ment au paragraphe ci-dessus, vous pouvez soumettre votre demande \u00e0 notre Soci\u00e9t\u00e9 par \u00e9crit ou par d&rsquo;autres m\u00e9thodes d\u00e9termin\u00e9es par le Comit\u00e9 de protection des Donn\u00e9es Personnelles concernant l&rsquo;exercice de vos droits mentionn\u00e9s ci-dessus.<\/p>\n<p>11 de la Loi sur la Protection des Donn\u00e9es Personnelles avec les informations n\u00e9cessaires pour identifier votre identit\u00e9 afin d&rsquo;exercer vos droits mentionn\u00e9s ci-dessus. votre demande, qui comprend vos explications sur votre droit que vous demandez d&rsquo;utiliser des droits sp\u00e9cifi\u00e9s dans l&rsquo;article; www&#8230;&#8230;&#8230;&#8230;..com.tr en remplissant le formulaire \u00e0 l&rsquo;adresse, vous recevrez une copie sign\u00e9e du formulaire&#8230;&#8230;&#8230;&#8230;&#8230;&#8230;. \u2026\u2026\u2026..Vous pouvez envoyer vos documents d&rsquo;identit\u00e9 \u00e0 \/ \u00e0 l&rsquo;adresse d&rsquo;Istanbul personnellement \u00e0 la main, notari\u00e9s ou par d&rsquo;autres m\u00e9thodes sp\u00e9cifi\u00e9es dans la Loi sur la Protection des Donn\u00e9es Personnelles.<\/p>\n<p>Politique de Cookies<\/p>\n<p>Les cookies sont de tr\u00e8s petits fichiers texte, g\u00e9n\u00e9ralement compos\u00e9s de lettres et de chiffres, qui sont enregistr\u00e9s sur votre ordinateur (ou d&rsquo;autres appareils tels que les smartphones ou les tablettes) via les navigateurs des sites Web que vous visitez.<\/p>\n<p>Les cookies vous permettent de fournir des pages personnalis\u00e9es pour qu&rsquo;un site fonctionne plus efficacement, ainsi que de fournir une exp\u00e9rience de visite plus pratique et plus rapide pour vos besoins personnels. Les cookies contiennent uniquement des informations sur l&rsquo;historique de vos visites sur Internet, ne collectent aucune information sur les fichiers stock\u00e9s sur votre ordinateur ou votre appareil mobile et ne fournissent aucun acc\u00e8s \u00e0 distance.[\/vc_column_text][\/vc_column_inner][\/vc_row_inner][\/vc_column][\/vc_row]<\/p>","protected":false},"excerpt":{"rendered":"<p>[vc_row cmt_bgimagefixed=\u00a0\u00bb\u00a0\u00bb][vc_column width=\u00a0\u00bb1\/4&Prime; css=\u00a0\u00bb.vc_custom_1617773676395{border-top-width: 2px !important;border-right-width: 2px !important;border-bottom-width: 2px !important;border-left-width: 2px !important;background-color: #ffffff !important;border-radius: 1px !important;}\u00a0\u00bb][vc_btn title=\u00a0\u00bbDossier de presse\u00a0\u00bb style=\u00a0\u00bbgradient-custom\u00a0\u00bb gradient_custom_color_1=\u00a0\u00bb#d0202e\u00a0\u00bb gradient_custom_color_2=\u00a0\u00bb#d1646d\u00a0\u00bb align=\u00a0\u00bbleft\u00a0\u00bb button_block=\u00a0\u00bbtrue\u00a0\u00bb link=\u00a0\u00bburl:https%3A%2F%2Fwww.bozoktraktor.com.tr%2Fbasin-kiti%2F\u00a0\u00bb css=\u00a0\u00bb.vc_custom_1643026441849{margin-top: 10px !important;}\u00a0\u00bb][vc_btn title=\u00a0\u00bbGalerie Vid\u00e9o\u00a0\u00bb style=\u00a0\u00bbgradient-custom\u00a0\u00bb gradient_custom_color_1=\u00a0\u00bb#d0202e\u00a0\u00bb gradient_custom_color_2=\u00a0\u00bb#d1646d\u00a0\u00bb align=\u00a0\u00bbleft\u00a0\u00bb button_block=\u00a0\u00bbtrue\u00a0\u00bb link=\u00a0\u00bburl:https%3A%2F%2Fwww.bozoktraktor.com.tr%2Fbasin-kiti%2Fvideo-galeri%2F\u00a0\u00bb css=\u00a0\u00bb.vc_custom_1643026447812{margin-top: -15px !important;}\u00a0\u00bb][vc_btn title=\u00a0\u00bbCatalogue en ligne\u00a0\u00bb style=\u00a0\u00bbgradient-custom\u00a0\u00bb gradient_custom_color_1=\u00a0\u00bb#d0202e\u00a0\u00bb gradient_custom_color_2=\u00a0\u00bb#d1646d\u00a0\u00bb align=\u00a0\u00bbleft\u00a0\u00bb button_block=\u00a0\u00bbtrue\u00a0\u00bb link=\u00a0\u00bburl:https%3A%2F%2Fwww.bozoktraktor.com.tr%2Fbasin-kiti%2Flogo-katalog%2F\u00a0\u00bb css=\u00a0\u00bb.vc_custom_1643026468046{margin-top: -15px !important;}\u00a0\u00bb][vc_btn title=\u00a0\u00bbFoire aux Questions\u00a0\u00bb style=\u00a0\u00bbgradient-custom\u00a0\u00bb &hellip; <a href=\"https:\/\/www.bozoktraktor.com.tr\/fr\/kvkk-bilgilendirme-metni\/\" class=\"more-link\">Continue reading <span class=\"screen-reader-text\">KVKK Information Text<\/span><\/a><\/p>\n","protected":false},"author":1,"featured_media":0,"parent":0,"menu_order":0,"comment_status":"closed","ping_status":"closed","template":"","meta":{"footnotes":""},"class_list":["post-2086","page","type-page","status-publish","hentry"],"_links":{"self":[{"href":"https:\/\/www.bozoktraktor.com.tr\/fr\/wp-json\/wp\/v2\/pages\/2086","targetHints":{"allow":["GET"]}}],"collection":[{"href":"https:\/\/www.bozoktraktor.com.tr\/fr\/wp-json\/wp\/v2\/pages"}],"about":[{"href":"https:\/\/www.bozoktraktor.com.tr\/fr\/wp-json\/wp\/v2\/types\/page"}],"author":[{"embeddable":true,"href":"https:\/\/www.bozoktraktor.com.tr\/fr\/wp-json\/wp\/v2\/users\/1"}],"replies":[{"embeddable":true,"href":"https:\/\/www.bozoktraktor.com.tr\/fr\/wp-json\/wp\/v2\/comments?post=2086"}],"version-history":[{"count":4,"href":"https:\/\/www.bozoktraktor.com.tr\/fr\/wp-json\/wp\/v2\/pages\/2086\/revisions"}],"predecessor-version":[{"id":3222,"href":"https:\/\/www.bozoktraktor.com.tr\/fr\/wp-json\/wp\/v2\/pages\/2086\/revisions\/3222"}],"wp:attachment":[{"href":"https:\/\/www.bozoktraktor.com.tr\/fr\/wp-json\/wp\/v2\/media?parent=2086"}],"curies":[{"name":"wp","href":"https:\/\/api.w.org\/{rel}","templated":true}]}}