{"id":2091,"date":"2021-03-10T15:51:32","date_gmt":"2021-03-10T12:51:32","guid":{"rendered":"https:\/\/www.bozoktraktor.com.tr\/?page_id=2091"},"modified":"2022-01-24T14:14:56","modified_gmt":"2022-01-24T11:14:56","slug":"cerez-politikasi","status":"publish","type":"page","link":"https:\/\/www.bozoktraktor.com.tr\/fr\/basin-kiti\/cerez-politikasi\/","title":{"rendered":"Politique de cookies"},"content":{"rendered":"<p>[vc_row cmt_bgimagefixed=\u00a0\u00bb\u00a0\u00bb][vc_column width=\u00a0\u00bb1\/4&Prime; css=\u00a0\u00bb.vc_custom_1617773676395{border-top-width: 2px !important;border-right-width: 2px !important;border-bottom-width: 2px !important;border-left-width: 2px !important;background-color: #ffffff !important;border-radius: 1px !important;}\u00a0\u00bb][vc_btn title=\u00a0\u00bbDossier de presse\u00a0\u00bb style=\u00a0\u00bbgradient-custom\u00a0\u00bb gradient_custom_color_1=\u00a0\u00bb#d0202e\u00a0\u00bb gradient_custom_color_2=\u00a0\u00bb#d1646d\u00a0\u00bb align=\u00a0\u00bbleft\u00a0\u00bb button_block=\u00a0\u00bbtrue\u00a0\u00bb link=\u00a0\u00bburl:https%3A%2F%2Fwww.bozoktraktor.com.tr%2Fbasin-kiti%2F\u00a0\u00bb css=\u00a0\u00bb.vc_custom_1643022901639{margin-top: 10px !important;}\u00a0\u00bb][vc_btn title=\u00a0\u00bbGalerie Vid\u00e9o\u00a0\u00bb style=\u00a0\u00bbgradient-custom\u00a0\u00bb gradient_custom_color_1=\u00a0\u00bb#d0202e\u00a0\u00bb gradient_custom_color_2=\u00a0\u00bb#d1646d\u00a0\u00bb align=\u00a0\u00bbleft\u00a0\u00bb button_block=\u00a0\u00bbtrue\u00a0\u00bb link=\u00a0\u00bburl:https%3A%2F%2Fwww.bozoktraktor.com.tr%2Fbasin-kiti%2Fvideo-galeri%2F\u00a0\u00bb css=\u00a0\u00bb.vc_custom_1643022908099{margin-top: -15px !important;}\u00a0\u00bb][vc_btn title=\u00a0\u00bbCatalogue en ligne\u00a0\u00bb style=\u00a0\u00bbgradient-custom\u00a0\u00bb gradient_custom_color_1=\u00a0\u00bb#d0202e\u00a0\u00bb gradient_custom_color_2=\u00a0\u00bb#d1646d\u00a0\u00bb align=\u00a0\u00bbleft\u00a0\u00bb button_block=\u00a0\u00bbtrue\u00a0\u00bb link=\u00a0\u00bburl:https%3A%2F%2Fwww.bozoktraktor.com.tr%2Fbasin-kiti%2Flogo-katalog%2F\u00a0\u00bb css=\u00a0\u00bb.vc_custom_1643022926714{margin-top: -15px !important;}\u00a0\u00bb][vc_btn title=\u00a0\u00bbFoire aux Questions\u00a0\u00bb style=\u00a0\u00bbgradient-custom\u00a0\u00bb gradient_custom_color_1=\u00a0\u00bb#d0202e\u00a0\u00bb gradient_custom_color_2=\u00a0\u00bb#d1646d\u00a0\u00bb align=\u00a0\u00bbleft\u00a0\u00bb button_block=\u00a0\u00bbtrue\u00a0\u00bb link=\u00a0\u00bburl:https%3A%2F%2Fwww.bozoktraktor.com.tr%2Fs-s-s%2F\u00a0\u00bb css=\u00a0\u00bb.vc_custom_1643022935089{margin-top: -15px !important;}\u00a0\u00bb][vc_btn title=\u00a0\u00bbBozok Tractor dans la Presse\u00a0\u00bb style=\u00a0\u00bbgradient-custom\u00a0\u00bb gradient_custom_color_1=\u00a0\u00bb#d0202e\u00a0\u00bb gradient_custom_color_2=\u00a0\u00bb#d1646d\u00a0\u00bb align=\u00a0\u00bbleft\u00a0\u00bb button_block=\u00a0\u00bbtrue\u00a0\u00bb link=\u00a0\u00bburl:https%3A%2F%2Fwww.bozoktraktor.com.tr%2Fbasin-kiti%2Fbasinda-bozok-traktor%2F\u00a0\u00bb css=\u00a0\u00bb.vc_custom_1643022942610{margin-top: -15px !important;}\u00a0\u00bb][vc_btn title=\u00a0\u00bbPolitique de cookies\u00a0\u00bb style=\u00a0\u00bbgradient-custom\u00a0\u00bb gradient_custom_color_1=\u00a0\u00bb#d0202e\u00a0\u00bb gradient_custom_color_2=\u00a0\u00bb#d1646d\u00a0\u00bb align=\u00a0\u00bbleft\u00a0\u00bb button_block=\u00a0\u00bbtrue\u00a0\u00bb link=\u00a0\u00bburl:https%3A%2F%2Fwww.bozoktraktor.com.tr%2Fbasin-kiti%2Fcerez-politikasi%2F\u00a0\u00bb css=\u00a0\u00bb.vc_custom_1643022949861{margin-top: -15px !important;}\u00a0\u00bb][vc_btn title=\u00a0\u00bbPolitique de Confidentialit\u00e9\u00a0\u00bb style=\u00a0\u00bbgradient-custom\u00a0\u00bb gradient_custom_color_1=\u00a0\u00bb#d0202e\u00a0\u00bb gradient_custom_color_2=\u00a0\u00bb#d1646d\u00a0\u00bb align=\u00a0\u00bbleft\u00a0\u00bb button_block=\u00a0\u00bbtrue\u00a0\u00bb link=\u00a0\u00bburl:https%3A%2F%2Fwww.bozoktraktor.com.tr%2Fbasin-kiti%2Fgizlilik-politikasi%2F\u00a0\u00bb css=\u00a0\u00bb.vc_custom_1643023079011{margin-top: -15px !important;}\u00a0\u00bb][vc_btn title=\u00a0\u00bbKVKK Information Text\u00a0\u00bb style=\u00a0\u00bbgradient-custom\u00a0\u00bb gradient_custom_color_1=\u00a0\u00bb#d0202e\u00a0\u00bb gradient_custom_color_2=\u00a0\u00bb#d1646d\u00a0\u00bb align=\u00a0\u00bbleft\u00a0\u00bb button_block=\u00a0\u00bbtrue\u00a0\u00bb link=\u00a0\u00bburl:https%3A%2F%2Fwww.bozoktraktor.com.tr%2Fkvkk-bilgilendirme-metni%2F\u00a0\u00bb css=\u00a0\u00bb.vc_custom_1643022975744{margin-top: -15px !important;}\u00a0\u00bb][\/vc_column][vc_column width=\u00a0\u00bb3\/4&Prime; css=\u00a0\u00bb.vc_custom_1615376568174{background-color: #ffffff !important;}\u00a0\u00bb][vc_column_text css=\u00a0\u00bb.vc_custom_1643022998662{padding-top: 5px !important;padding-bottom: 15px !important;}\u00a0\u00bb]<strong>Politique relative aux cookies<\/strong><\/p>\n<p>En tant que tracteur Bozok ; Diff\u00e9rents types de cookies sont utilis\u00e9s sur le site afin de r\u00e9aliser des \u00e9tudes statistiques sur la fr\u00e9quentation du site, de faire des publicit\u00e9s\/promotions cibl\u00e9es et de vous offrir une exp\u00e9rience client efficace. Il s&rsquo;agit des cookies de session, des cookies persistants, des cookies essentiels, des cookies de fonctionnalit\u00e9, des cookies analytiques, des cookies commerciaux et des cookies tiers.<\/p>\n<p>Les cookies permettent au site Web de fonctionner correctement et de d\u00e9velopper, personnaliser et am\u00e9liorer l&rsquo;exp\u00e9rience utilisateur, de visiter les sites Web sans se connecter et\/ou d&rsquo;envoyer des notifications commerciales et sociales au site Web et, en g\u00e9n\u00e9ral, aux utilisateurs-visiteurs du site \u00e0 la fois sur le site concern\u00e9 et sur d&rsquo;autres sites (sociaux). Il s&rsquo;agit de petites donn\u00e9es plac\u00e9es sur des ordinateurs et des appareils mobiles dans le but de fournir et de transmettre des informations g\u00e9n\u00e9rales ou personnalis\u00e9es, des publicit\u00e9s et des promotions (y compris les r\u00e9seaux de m\u00e9dias et les r\u00e9seaux de publicit\u00e9 en ligne). Les cookies sont conserv\u00e9s sur les ordinateurs-dispositifs pendant une dur\u00e9e appropri\u00e9e, \u00e0 condition que la dur\u00e9e maximale l\u00e9gale, le cas \u00e9ch\u00e9ant, ne soit pas d\u00e9pass\u00e9e.<\/p>\n<p>Les visiteurs utilisant notre site sont r\u00e9put\u00e9s avoir accept\u00e9 l&rsquo;application susmentionn\u00e9e, ainsi que le traitement des cookies concern\u00e9s dans la l\u00e9gislation sur les donn\u00e9es personnelles et d&rsquo;autres parties de ce texte d&rsquo;information aux fins et conditions d&rsquo;application stipul\u00e9es pour vos diverses informations (y compris transfert, partage et utilisation \u00e0 des tiers dans ce cadre).<\/p>\n<p>Les visiteurs peuvent supprimer les cookies et\/ou arr\u00eater les notifications susmentionn\u00e9es \u00e0 tout moment en modifiant les param\u00e8tres du programme et\/ou du syst\u00e8me d&rsquo;exploitation et\/ou du navigateur Internet de leurs appareils (dans ce cas, il faut savoir que notre Site\/appareil li\u00e9\/ le programme peut ne pas fonctionner comme souhait\u00e9 et\/ou ne pas \u00eatre au courant du contenu de la notification).[\/vc_column_text][\/vc_column][\/vc_row]<\/p>","protected":false},"excerpt":{"rendered":"<p>[vc_row cmt_bgimagefixed=\u00a0\u00bb\u00a0\u00bb][vc_column width=\u00a0\u00bb1\/4&Prime; css=\u00a0\u00bb.vc_custom_1617773676395{border-top-width: 2px !important;border-right-width: 2px !important;border-bottom-width: 2px !important;border-left-width: 2px !important;background-color: #ffffff !important;border-radius: 1px !important;}\u00a0\u00bb][vc_btn title=\u00a0\u00bbDossier de presse\u00a0\u00bb style=\u00a0\u00bbgradient-custom\u00a0\u00bb gradient_custom_color_1=\u00a0\u00bb#d0202e\u00a0\u00bb gradient_custom_color_2=\u00a0\u00bb#d1646d\u00a0\u00bb align=\u00a0\u00bbleft\u00a0\u00bb button_block=\u00a0\u00bbtrue\u00a0\u00bb link=\u00a0\u00bburl:https%3A%2F%2Fwww.bozoktraktor.com.tr%2Fbasin-kiti%2F\u00a0\u00bb css=\u00a0\u00bb.vc_custom_1643022901639{margin-top: 10px !important;}\u00a0\u00bb][vc_btn title=\u00a0\u00bbGalerie Vid\u00e9o\u00a0\u00bb style=\u00a0\u00bbgradient-custom\u00a0\u00bb gradient_custom_color_1=\u00a0\u00bb#d0202e\u00a0\u00bb gradient_custom_color_2=\u00a0\u00bb#d1646d\u00a0\u00bb align=\u00a0\u00bbleft\u00a0\u00bb button_block=\u00a0\u00bbtrue\u00a0\u00bb link=\u00a0\u00bburl:https%3A%2F%2Fwww.bozoktraktor.com.tr%2Fbasin-kiti%2Fvideo-galeri%2F\u00a0\u00bb css=\u00a0\u00bb.vc_custom_1643022908099{margin-top: -15px !important;}\u00a0\u00bb][vc_btn title=\u00a0\u00bbCatalogue en ligne\u00a0\u00bb style=\u00a0\u00bbgradient-custom\u00a0\u00bb gradient_custom_color_1=\u00a0\u00bb#d0202e\u00a0\u00bb gradient_custom_color_2=\u00a0\u00bb#d1646d\u00a0\u00bb align=\u00a0\u00bbleft\u00a0\u00bb button_block=\u00a0\u00bbtrue\u00a0\u00bb link=\u00a0\u00bburl:https%3A%2F%2Fwww.bozoktraktor.com.tr%2Fbasin-kiti%2Flogo-katalog%2F\u00a0\u00bb css=\u00a0\u00bb.vc_custom_1643022926714{margin-top: -15px !important;}\u00a0\u00bb][vc_btn title=\u00a0\u00bbFoire aux Questions\u00a0\u00bb style=\u00a0\u00bbgradient-custom\u00a0\u00bb &hellip; <a href=\"https:\/\/www.bozoktraktor.com.tr\/fr\/basin-kiti\/cerez-politikasi\/\" class=\"more-link\">Continue reading <span class=\"screen-reader-text\">Politique de cookies<\/span><\/a><\/p>\n","protected":false},"author":1,"featured_media":0,"parent":1745,"menu_order":0,"comment_status":"closed","ping_status":"closed","template":"","meta":{"footnotes":""},"class_list":["post-2091","page","type-page","status-publish","hentry"],"_links":{"self":[{"href":"https:\/\/www.bozoktraktor.com.tr\/fr\/wp-json\/wp\/v2\/pages\/2091","targetHints":{"allow":["GET"]}}],"collection":[{"href":"https:\/\/www.bozoktraktor.com.tr\/fr\/wp-json\/wp\/v2\/pages"}],"about":[{"href":"https:\/\/www.bozoktraktor.com.tr\/fr\/wp-json\/wp\/v2\/types\/page"}],"author":[{"embeddable":true,"href":"https:\/\/www.bozoktraktor.com.tr\/fr\/wp-json\/wp\/v2\/users\/1"}],"replies":[{"embeddable":true,"href":"https:\/\/www.bozoktraktor.com.tr\/fr\/wp-json\/wp\/v2\/comments?post=2091"}],"version-history":[{"count":5,"href":"https:\/\/www.bozoktraktor.com.tr\/fr\/wp-json\/wp\/v2\/pages\/2091\/revisions"}],"predecessor-version":[{"id":3220,"href":"https:\/\/www.bozoktraktor.com.tr\/fr\/wp-json\/wp\/v2\/pages\/2091\/revisions\/3220"}],"up":[{"embeddable":true,"href":"https:\/\/www.bozoktraktor.com.tr\/fr\/wp-json\/wp\/v2\/pages\/1745"}],"wp:attachment":[{"href":"https:\/\/www.bozoktraktor.com.tr\/fr\/wp-json\/wp\/v2\/media?parent=2091"}],"curies":[{"name":"wp","href":"https:\/\/api.w.org\/{rel}","templated":true}]}}