{"id":2093,"date":"2021-03-10T15:54:02","date_gmt":"2021-03-10T12:54:02","guid":{"rendered":"https:\/\/www.bozoktraktor.com.tr\/?page_id=2093"},"modified":"2022-01-24T15:05:56","modified_gmt":"2022-01-24T12:05:56","slug":"gizlilik-politikasi","status":"publish","type":"page","link":"https:\/\/www.bozoktraktor.com.tr\/fr\/basin-kiti\/gizlilik-politikasi\/","title":{"rendered":"Politique de Confidentialit\u00e9"},"content":{"rendered":"<p>[vc_row cmt_bgimagefixed=\u00a0\u00bb\u00a0\u00bb][vc_column width=\u00a0\u00bb1\/4&Prime; css=\u00a0\u00bb.vc_custom_1617773676395{border-top-width: 2px !important;border-right-width: 2px !important;border-bottom-width: 2px !important;border-left-width: 2px !important;background-color: #ffffff !important;border-radius: 1px !important;}\u00a0\u00bb][vc_btn title=\u00a0\u00bbDossier de presse\u00a0\u00bb style=\u00a0\u00bbgradient-custom\u00a0\u00bb gradient_custom_color_1=\u00a0\u00bb#d0202e\u00a0\u00bb gradient_custom_color_2=\u00a0\u00bb#d1646d\u00a0\u00bb align=\u00a0\u00bbleft\u00a0\u00bb button_block=\u00a0\u00bbtrue\u00a0\u00bb link=\u00a0\u00bburl:https%3A%2F%2Fwww.bozoktraktor.com.tr%2Fbasin-kiti%2F\u00a0\u00bb css=\u00a0\u00bb.vc_custom_1643023424920{margin-top: 10px !important;}\u00a0\u00bb][vc_btn title=\u00a0\u00bbGalerie Vid\u00e9o\u00a0\u00bb style=\u00a0\u00bbgradient-custom\u00a0\u00bb gradient_custom_color_1=\u00a0\u00bb#d0202e\u00a0\u00bb gradient_custom_color_2=\u00a0\u00bb#d1646d\u00a0\u00bb align=\u00a0\u00bbleft\u00a0\u00bb button_block=\u00a0\u00bbtrue\u00a0\u00bb link=\u00a0\u00bburl:https%3A%2F%2Fwww.bozoktraktor.com.tr%2Fbasin-kiti%2Fvideo-galeri%2F\u00a0\u00bb css=\u00a0\u00bb.vc_custom_1643025989671{margin-top: -15px !important;}\u00a0\u00bb][vc_btn title=\u00a0\u00bbCatalogue En Ligne\u00a0\u00bb style=\u00a0\u00bbgradient-custom\u00a0\u00bb gradient_custom_color_1=\u00a0\u00bb#d0202e\u00a0\u00bb gradient_custom_color_2=\u00a0\u00bb#d1646d\u00a0\u00bb align=\u00a0\u00bbleft\u00a0\u00bb button_block=\u00a0\u00bbtrue\u00a0\u00bb link=\u00a0\u00bburl:https%3A%2F%2Fwww.bozoktraktor.com.tr%2Fbasin-kiti%2Flogo-katalog%2F\u00a0\u00bb css=\u00a0\u00bb.vc_custom_1643026006816{margin-top: -15px !important;}\u00a0\u00bb][vc_btn title=\u00a0\u00bbFoire aux Questions\u00a0\u00bb style=\u00a0\u00bbgradient-custom\u00a0\u00bb gradient_custom_color_1=\u00a0\u00bb#d0202e\u00a0\u00bb gradient_custom_color_2=\u00a0\u00bb#d1646d\u00a0\u00bb align=\u00a0\u00bbleft\u00a0\u00bb button_block=\u00a0\u00bbtrue\u00a0\u00bb link=\u00a0\u00bburl:https%3A%2F%2Fwww.bozoktraktor.com.tr%2Fs-s-s%2F\u00a0\u00bb css=\u00a0\u00bb.vc_custom_1643026018908{margin-top: -15px !important;}\u00a0\u00bb][vc_btn title=\u00a0\u00bbBozok Tractor dans la Presse\u00a0\u00bb style=\u00a0\u00bbgradient-custom\u00a0\u00bb gradient_custom_color_1=\u00a0\u00bb#d0202e\u00a0\u00bb gradient_custom_color_2=\u00a0\u00bb#d1646d\u00a0\u00bb align=\u00a0\u00bbleft\u00a0\u00bb button_block=\u00a0\u00bbtrue\u00a0\u00bb link=\u00a0\u00bburl:https%3A%2F%2Fwww.bozoktraktor.com.tr%2Fbasin-kiti%2Fbasinda-bozok-traktor%2F\u00a0\u00bb css=\u00a0\u00bb.vc_custom_1643026032797{margin-top: -15px !important;}\u00a0\u00bb][vc_btn title=\u00a0\u00bbPolitique de cookies\u00a0\u00bb style=\u00a0\u00bbgradient-custom\u00a0\u00bb gradient_custom_color_1=\u00a0\u00bb#d0202e\u00a0\u00bb gradient_custom_color_2=\u00a0\u00bb#d1646d\u00a0\u00bb align=\u00a0\u00bbleft\u00a0\u00bb button_block=\u00a0\u00bbtrue\u00a0\u00bb link=\u00a0\u00bburl:https%3A%2F%2Fwww.bozoktraktor.com.tr%2Fbasin-kiti%2Fcerez-politikasi%2F\u00a0\u00bb css=\u00a0\u00bb.vc_custom_1643026044466{margin-top: -15px !important;}\u00a0\u00bb][vc_btn title=\u00a0\u00bbPolitique de Confidentialit\u00e9\u00a0\u00bb style=\u00a0\u00bbgradient-custom\u00a0\u00bb gradient_custom_color_1=\u00a0\u00bb#d0202e\u00a0\u00bb gradient_custom_color_2=\u00a0\u00bb#d1646d\u00a0\u00bb align=\u00a0\u00bbleft\u00a0\u00bb button_block=\u00a0\u00bbtrue\u00a0\u00bb link=\u00a0\u00bburl:https%3A%2F%2Fwww.bozoktraktor.com.tr%2Fbasin-kiti%2Fgizlilik-politikasi%2F\u00a0\u00bb css=\u00a0\u00bb.vc_custom_1643026071607{margin-top: -15px !important;}\u00a0\u00bb][vc_btn title=\u00a0\u00bbKVKK Information Text\u00a0\u00bb style=\u00a0\u00bbgradient-custom\u00a0\u00bb gradient_custom_color_1=\u00a0\u00bb#d0202e\u00a0\u00bb gradient_custom_color_2=\u00a0\u00bb#d1646d\u00a0\u00bb align=\u00a0\u00bbleft\u00a0\u00bb button_block=\u00a0\u00bbtrue\u00a0\u00bb link=\u00a0\u00bburl:https%3A%2F%2Fwww.bozoktraktor.com.tr%2Fkvkk-bilgilendirme-metni%2F\u00a0\u00bb css=\u00a0\u00bb.vc_custom_1643026081397{margin-top: -15px !important;}\u00a0\u00bb][\/vc_column][vc_column width=\u00a0\u00bb3\/4&Prime; css=\u00a0\u00bb.vc_custom_1615376568174{background-color: #ffffff !important;}\u00a0\u00bb][vc_column_text css=\u00a0\u00bb.vc_custom_1643026134629{padding-top: 5px !important;padding-bottom: 15px !important;}\u00a0\u00bb]Politique de confidentialit\u00e9: En tant que Tracteur Bozok (\u201cTracteur Bozok\u201d), nous nous effor\u00e7ons de prot\u00e9ger la vie priv\u00e9e de nos membres qui utilisent notre site afin de garantir \u00e0 nos utilisateurs une utilisation s\u00fbre et compl\u00e8te de nos services.<\/p>\n<p>En cons\u00e9quence, la pr\u00e9sente Politique de confidentialit\u00e9 de Bozok (la \u00ab\u00a0Politique\u201c) a \u00e9t\u00e9 pr\u00e9par\u00e9e afin de traiter les donn\u00e9es personnelles de nos membres en pleine conformit\u00e9 avec la Loi n \u00b0 6698 sur la Protection des Donn\u00e9es Personnelles (la \u201dLoi\u00a0\u00bb) et d&rsquo;informer nos utilisateurs dans ce contexte.<\/p>\n<p>bozoktraktor.com.tr la politique en mati\u00e8re de cookies fait partie int\u00e9grante de cette Politique. Le but de cette politique, Tracteur Bozok exploit\u00e9 par www.bozoktraktor.com.tr site web et application mobile (ensemble la \u201cplate-forme\u201d) pendant le fonctionnement des membres \/ visiteurs \/ utilisateurs de la plate-forme (collectivement le \u201cpropri\u00e9taire des donn\u00e9es\u201d est appel\u00e9 Bozok tracteur Bozok, tracteur par, ou partag\u00e9 avec, le propri\u00e9taire des donn\u00e9es produites lors de l&rsquo;utilisation de la plate-forme doit d\u00e9terminer les termes et conditions d&rsquo;utilisation des donn\u00e9es personnelles.<\/p>\n<p>Quelles Donn\u00e9es Sont Trait\u00e9es ?<\/p>\n<p>La liste suivante r\u00e9pertorie les donn\u00e9es trait\u00e9es par Bozok Tractor et consid\u00e9r\u00e9es comme des donn\u00e9es personnelles conform\u00e9ment \u00e0 la loi. Sauf indication contraire expresse, l&rsquo;expression \u00ab\u00a0donn\u00e9es personnelles\u00a0\u00bb couvrira les informations suivantes dans le cadre des termes et conditions pr\u00e9vus dans la pr\u00e9sente Politique.<\/p>\n<p>&#8211; Informations d&rsquo;identification<br \/>\n-coordonn\u00e9es<br \/>\n&#8211; Informations utilisateur<br \/>\n&#8211; Informations de Transaction Utilisateur<br \/>\n&#8211; Informations de S\u00e9curit\u00e9 des Transactions<br \/>\n&#8211; Informations financi\u00e8res<br \/>\n&#8211; Informations Marketing<br \/>\n&#8211; Informations de Gestion des Demandes \/ Plaintes<\/p>\n<p>3 de la Loi sur la Protection des Donn\u00e9es Personnelles. et 7. les donn\u00e9es rendues irr\u00e9vocablement anonymes par l&rsquo;agence de protection des donn\u00e9es ne seront pas consid\u00e9r\u00e9es comme des donn\u00e9es personnelles conform\u00e9ment aux dispositions de la loi susmentionn\u00e9e, et les activit\u00e9s de traitement li\u00e9es \u00e0 ces donn\u00e9es seront effectu\u00e9es sans \u00eatre li\u00e9es par les dispositions de la pr\u00e9sente Politique.<\/p>\n<p>Aux fins du Traitement des Donn\u00e9es Personnelles, Bozok Tractor utilise les donn\u00e9es personnelles fournies par le Propri\u00e9taire des Donn\u00e9es pour cr\u00e9er et maintenir une inscription et un compte d&rsquo;adh\u00e9sion, utiliser les services fournis par le Propri\u00e9taire des Donn\u00e9es via la Plate-forme pour d\u00e9tecter les erreurs du syst\u00e8me et effectuer un suivi des performances et am\u00e9liorer le fonctionnement de la Plate-forme, Services de sauvegarde de tracteurs Bozok, y compris l&rsquo;offre de services de maintenance et de support dans le but de faire profiter les gens des produits et services offerts par les unit\u00e9s commerciales et des processus commerciaux pertinents n\u00e9cessaires \u00e0 l&rsquo;ex\u00e9cution du travail \u00e0 effectuer par la personne concern\u00e9e avec les go\u00fbts de ces produits et services, personnalis\u00e9s en fonction de vos besoins et habitudes, et recommand\u00e9s aux personnes concern\u00e9es et \u00e0 l&rsquo;introduction des activit\u00e9s n\u00e9cessaires \u00e0 la planification et \u00e0 l&rsquo;ex\u00e9cution,<\/p>\n<p>R\u00e9alisation des travaux n\u00e9cessaires par les unit\u00e9s commerciales concern\u00e9es pour la r\u00e9alisation des activit\u00e9s commerciales men\u00e9es par Bozok Tractor et r\u00e9alisation des processus commerciaux associ\u00e9s,<\/p>\n<p>Il peut \u00eatre trait\u00e9 dans le but d&rsquo;assurer la s\u00e9curit\u00e9 juridique, technique et commerciale de Bozok Trakt\u00f6r et des personnes avec lesquelles il entretient une relation commerciale, ainsi que de planifier et de mettre en \u0153uvre les strat\u00e9gies commerciales et \/ ou commerciales de Bozok Trakt\u00f6r. Jul.<\/p>\n<p>Donn\u00e9es Personnelles \u00e0 traiter avec le Consentement Explicite des Propri\u00e9taires des Donn\u00e9es et \u00e0 des Fins de Traitement Dans le cadre du consentement explicite du Propri\u00e9taire des Donn\u00e9es, Bozok Tractor sera en mesure de traiter les donn\u00e9es et de partager ces donn\u00e9es avec les parties suivantes afin d&rsquo;augmenter l&rsquo;exp\u00e9rience utilisateur, de cr\u00e9er des statistiques, un profil, du marketing direct et du remarketing, de cr\u00e9er des offres promotionnelles sp\u00e9ciales pour le Propri\u00e9taire des Donn\u00e9es et de les transmettre au Propri\u00e9taire des Donn\u00e9es et d&rsquo;utiliser les donn\u00e9es obtenues dans toutes sortes de contenus publicitaires et mat\u00e9riels en suivant les actions des Propri\u00e9taires des Donn\u00e9es sur la Plate-forme.<\/p>\n<p>Transfert de donn\u00e9es personnelles: Bozok Trakt\u00f6r peut transf\u00e9rer les donn\u00e9es personnelles appartenant au Propri\u00e9taire des Donn\u00e9es et les nouvelles donn\u00e9es obtenues en utilisant ces donn\u00e9es personnelles \u00e0 des tiers dont Bozok Trakt\u00f6r utilise les services afin d&rsquo;atteindre les objectifs \u00e9nonc\u00e9s dans la pr\u00e9sente Politique de confidentialit\u00e9, y compris mais sans s&rsquo;y limiter \u00e0 la fourniture de tels services. Jul.<\/p>\n<p>Tracteur Bozok, donn\u00e9es d&rsquo;exp\u00e9rience du propri\u00e9taire pour le d\u00e9veloppement (y compris l&rsquo;am\u00e9lioration et la personnalisation), pour assurer la s\u00e9curit\u00e9 du propri\u00e9taire des donn\u00e9es, d\u00e9tecter une utilisation frauduleuse ou non autoris\u00e9e, \u00e9valuation op\u00e9rationnelle, enqu\u00eate, \u00e9limination des erreurs en relation avec la plate-forme de services et la pr\u00e9sente Politique de confidentialit\u00e9 pour atteindre l&rsquo;un des objectifs, y compris ceux qui envoient des fournisseurs de services d&rsquo;externalisation de SMS, fournisseurs de services d&rsquo;h\u00e9bergement services d&rsquo;h\u00e9bergement), les cabinets d&rsquo;avocats, les soci\u00e9t\u00e9s de recherche, peuvent \u00e9galement partager ces informations avec des tiers, tels que des centres d&rsquo;appels.<\/p>\n<p>Les donn\u00e9es personnelles sont soumises \u00e0 l&rsquo;article 8 de la Loi. et 9. il peut \u00eatre partag\u00e9 avec les responsables de Bozok Tractor, les actionnaires, les partenaires commerciaux, les fournisseurs, les institutions et organisations publiques l\u00e9galement autoris\u00e9es et les institutions priv\u00e9es l\u00e9galement autoris\u00e9es dans le cadre des conditions et finalit\u00e9s du traitement des donn\u00e9es personnelles sp\u00e9cifi\u00e9es dans les articles, limit\u00e9es \u00e0 ces finalit\u00e9s par Law.it pourra \u00eatre transf\u00e9r\u00e9 \u00e0 l&rsquo;\u00e9tranger dans le cadre des d\u00e9cisions du Conseil de la Protection des Donn\u00e9es personnelles avec les principes proc\u00e9duraux sp\u00e9cifi\u00e9s au 9.<\/p>\n<p>M\u00e9thode et Raison l\u00e9gale de collecte des Donn\u00e9es personnelles Les donn\u00e9es personnelles sont collect\u00e9es via la Plateforme et par voie \u00e9lectronique. Les donn\u00e9es \u00e0 caract\u00e8re personnel collect\u00e9es pour les motifs juridiques susmentionn\u00e9s sont soumises \u00e0 l&rsquo;article 5 de la Loi n\u00b0 6698. et 6. elles peuvent \u00eatre trait\u00e9es et transf\u00e9r\u00e9es aux fins sp\u00e9cifi\u00e9es dans les articles et la pr\u00e9sente Politique de confidentialit\u00e9.<\/p>\n<p>11 de la Loi sur les Droits du Propri\u00e9taire des Donn\u00e9es Personnelles. propri\u00e9taires des donn\u00e9es conform\u00e9ment \u00e0 l&rsquo;article,<\/p>\n<p>&#8211; Savoir si des donn\u00e9es personnelles les concernant ont \u00e9t\u00e9 trait\u00e9es,<br \/>\ndemander des informations sur vos donn\u00e9es personnelles si elles ont \u00e9t\u00e9 trait\u00e9es,<br \/>\n&#8211; Pour conna\u00eetre la finalit\u00e9 du traitement des donn\u00e9es personnelles et si elles sont utilis\u00e9es aux fins auxquelles elles sont destin\u00e9es,<br \/>\nconna\u00eetre les tiers auxquels les donn\u00e9es personnelles sont transf\u00e9r\u00e9es au pays ou \u00e0 l&rsquo;\u00e9tranger,<br \/>\n&#8211; Demander la correction des donn\u00e9es personnelles en cas de traitement incomplet ou incorrect et demander la notification de la transaction effectu\u00e9e dans ce contexte aux tiers auxquels les donn\u00e9es personnelles ont \u00e9t\u00e9 transf\u00e9r\u00e9es,<br \/>\n&#8211; Est trait\u00e9 conform\u00e9ment aux dispositions des lois et autres lois pertinentes, bien qu&rsquo;en cas de disparition des raisons n\u00e9cessitant un traitement, et dans ce contexte \u00e0 la destruction ou \u00e0 la suppression de vos donn\u00e9es personnelles, demandez \u00e0 \u00eatre inform\u00e9 du traitement des donn\u00e9es personnelles transf\u00e9r\u00e9es \u00e0 des tiers,<br \/>\n&#8211; En analysant les donn\u00e9es trait\u00e9es exclusivement par le biais de syst\u00e8mes automatis\u00e9s, l&rsquo;un contre l&rsquo;autre, le r\u00e9sultat de l&rsquo;appel et l&rsquo;\u00e9limination des dommages en cas de dommages dus \u00e0 un traitement ill\u00e9gal de la demande de donn\u00e9es personnelles<\/p>\n<p>il a ses droits.<\/p>\n<p>Demandes d&rsquo;utilisation de ces droits des propri\u00e9taires de donn\u00e9es personnelles www.bozoktraktor.com.tr \u00e0 l&rsquo;adresse situ\u00e9e en vertu de la loi n \u00b0 6698 sur la protection des donn\u00e9es personnelles et la politique de traitement pr\u00e9par\u00e9e par Bozok Tractor avec la m\u00e9thode sp\u00e9cifi\u00e9e sera transmise.<\/p>\n<p>Bozok Tractor finalisera ces demandes dans un d\u00e9lai de trente jours.<\/p>\n<p>Bozok Traktor se r\u00e9serve le droit de facturer des frais bas\u00e9s sur le tarif des frais d\u00e9termin\u00e9 par le Comit\u00e9 de Protection des Donn\u00e9es Personnelles (le cas \u00e9ch\u00e9ant) en relation avec les demandes.[\/vc_column_text][\/vc_column][\/vc_row]<\/p>","protected":false},"excerpt":{"rendered":"<p>[vc_row cmt_bgimagefixed=\u00a0\u00bb\u00a0\u00bb][vc_column width=\u00a0\u00bb1\/4&Prime; css=\u00a0\u00bb.vc_custom_1617773676395{border-top-width: 2px !important;border-right-width: 2px !important;border-bottom-width: 2px !important;border-left-width: 2px !important;background-color: #ffffff !important;border-radius: 1px !important;}\u00a0\u00bb][vc_btn title=\u00a0\u00bbDossier de presse\u00a0\u00bb style=\u00a0\u00bbgradient-custom\u00a0\u00bb gradient_custom_color_1=\u00a0\u00bb#d0202e\u00a0\u00bb gradient_custom_color_2=\u00a0\u00bb#d1646d\u00a0\u00bb align=\u00a0\u00bbleft\u00a0\u00bb button_block=\u00a0\u00bbtrue\u00a0\u00bb link=\u00a0\u00bburl:https%3A%2F%2Fwww.bozoktraktor.com.tr%2Fbasin-kiti%2F\u00a0\u00bb css=\u00a0\u00bb.vc_custom_1643023424920{margin-top: 10px !important;}\u00a0\u00bb][vc_btn title=\u00a0\u00bbGalerie Vid\u00e9o\u00a0\u00bb style=\u00a0\u00bbgradient-custom\u00a0\u00bb gradient_custom_color_1=\u00a0\u00bb#d0202e\u00a0\u00bb gradient_custom_color_2=\u00a0\u00bb#d1646d\u00a0\u00bb align=\u00a0\u00bbleft\u00a0\u00bb button_block=\u00a0\u00bbtrue\u00a0\u00bb link=\u00a0\u00bburl:https%3A%2F%2Fwww.bozoktraktor.com.tr%2Fbasin-kiti%2Fvideo-galeri%2F\u00a0\u00bb css=\u00a0\u00bb.vc_custom_1643025989671{margin-top: -15px !important;}\u00a0\u00bb][vc_btn title=\u00a0\u00bbCatalogue En Ligne\u00a0\u00bb style=\u00a0\u00bbgradient-custom\u00a0\u00bb gradient_custom_color_1=\u00a0\u00bb#d0202e\u00a0\u00bb gradient_custom_color_2=\u00a0\u00bb#d1646d\u00a0\u00bb align=\u00a0\u00bbleft\u00a0\u00bb button_block=\u00a0\u00bbtrue\u00a0\u00bb link=\u00a0\u00bburl:https%3A%2F%2Fwww.bozoktraktor.com.tr%2Fbasin-kiti%2Flogo-katalog%2F\u00a0\u00bb css=\u00a0\u00bb.vc_custom_1643026006816{margin-top: -15px !important;}\u00a0\u00bb][vc_btn title=\u00a0\u00bbFoire aux Questions\u00a0\u00bb style=\u00a0\u00bbgradient-custom\u00a0\u00bb &hellip; <a href=\"https:\/\/www.bozoktraktor.com.tr\/fr\/basin-kiti\/gizlilik-politikasi\/\" class=\"more-link\">Continue reading <span class=\"screen-reader-text\">Politique de Confidentialit\u00e9<\/span><\/a><\/p>\n","protected":false},"author":1,"featured_media":0,"parent":1745,"menu_order":0,"comment_status":"closed","ping_status":"closed","template":"","meta":{"footnotes":""},"class_list":["post-2093","page","type-page","status-publish","hentry"],"_links":{"self":[{"href":"https:\/\/www.bozoktraktor.com.tr\/fr\/wp-json\/wp\/v2\/pages\/2093","targetHints":{"allow":["GET"]}}],"collection":[{"href":"https:\/\/www.bozoktraktor.com.tr\/fr\/wp-json\/wp\/v2\/pages"}],"about":[{"href":"https:\/\/www.bozoktraktor.com.tr\/fr\/wp-json\/wp\/v2\/types\/page"}],"author":[{"embeddable":true,"href":"https:\/\/www.bozoktraktor.com.tr\/fr\/wp-json\/wp\/v2\/users\/1"}],"replies":[{"embeddable":true,"href":"https:\/\/www.bozoktraktor.com.tr\/fr\/wp-json\/wp\/v2\/comments?post=2093"}],"version-history":[{"count":4,"href":"https:\/\/www.bozoktraktor.com.tr\/fr\/wp-json\/wp\/v2\/pages\/2093\/revisions"}],"predecessor-version":[{"id":3221,"href":"https:\/\/www.bozoktraktor.com.tr\/fr\/wp-json\/wp\/v2\/pages\/2093\/revisions\/3221"}],"up":[{"embeddable":true,"href":"https:\/\/www.bozoktraktor.com.tr\/fr\/wp-json\/wp\/v2\/pages\/1745"}],"wp:attachment":[{"href":"https:\/\/www.bozoktraktor.com.tr\/fr\/wp-json\/wp\/v2\/media?parent=2093"}],"curies":[{"name":"wp","href":"https:\/\/api.w.org\/{rel}","templated":true}]}}