{"id":2158,"date":"2021-03-10T17:12:23","date_gmt":"2021-03-10T14:12:23","guid":{"rendered":"https:\/\/www.bozoktraktor.com.tr\/?page_id=2158"},"modified":"2023-02-23T10:56:50","modified_gmt":"2023-02-23T07:56:50","slug":"video-galeri","status":"publish","type":"page","link":"https:\/\/www.bozoktraktor.com.tr\/fr\/basin-kiti\/video-galeri\/","title":{"rendered":"Galerie Vid\u00e9o"},"content":{"rendered":"<p>[vc_row cmt_bgimagefixed=\u00a0\u00bb\u00a0\u00bb][vc_column width=\u00a0\u00bb1\/4&Prime; css=\u00a0\u00bb.vc_custom_1617773676395{border-top-width: 2px !important;border-right-width: 2px !important;border-bottom-width: 2px !important;border-left-width: 2px !important;background-color: #ffffff !important;border-radius: 1px !important;}\u00a0\u00bb][vc_btn title=\u00a0\u00bbDossier de presse\u00a0\u00bb style=\u00a0\u00bbgradient-custom\u00a0\u00bb gradient_custom_color_1=\u00a0\u00bb#d0202e\u00a0\u00bb gradient_custom_color_2=\u00a0\u00bb#d1646d\u00a0\u00bb align=\u00a0\u00bbleft\u00a0\u00bb button_block=\u00a0\u00bbtrue\u00a0\u00bb link=\u00a0\u00bburl:https%3A%2F%2Fwww.bozoktraktor.com.tr%2Fbasin-kiti%2F\u00a0\u00bb css=\u00a0\u00bb.vc_custom_1643021335174{margin-top: 10px !important;}\u00a0\u00bb][vc_btn title=\u00a0\u00bbGalerie vid\u00e9o\u00a0\u00bb style=\u00a0\u00bbgradient-custom\u00a0\u00bb gradient_custom_color_1=\u00a0\u00bb#d0202e\u00a0\u00bb gradient_custom_color_2=\u00a0\u00bb#d1646d\u00a0\u00bb align=\u00a0\u00bbleft\u00a0\u00bb button_block=\u00a0\u00bbtrue\u00a0\u00bb link=\u00a0\u00bburl:https%3A%2F%2Fwww.bozoktraktor.com.tr%2Fbasin-kiti%2Fvideo-galeri%2F\u00a0\u00bb css=\u00a0\u00bb.vc_custom_1643021347208{margin-top: -15px !important;}\u00a0\u00bb][vc_btn title=\u00a0\u00bbCatalogue en ligne\u00a0\u00bb style=\u00a0\u00bbgradient-custom\u00a0\u00bb gradient_custom_color_1=\u00a0\u00bb#d0202e\u00a0\u00bb gradient_custom_color_2=\u00a0\u00bb#d1646d\u00a0\u00bb align=\u00a0\u00bbleft\u00a0\u00bb button_block=\u00a0\u00bbtrue\u00a0\u00bb link=\u00a0\u00bburl:https%3A%2F%2Fwww.bozoktraktor.com.tr%2Fbasin-kiti%2Flogo-katalog%2F\u00a0\u00bb css=\u00a0\u00bb.vc_custom_1643021358173{margin-top: -15px !important;}\u00a0\u00bb][vc_btn title=\u00a0\u00bbFoire aux Questions\u00a0\u00bb style=\u00a0\u00bbgradient-custom\u00a0\u00bb gradient_custom_color_1=\u00a0\u00bb#d0202e\u00a0\u00bb gradient_custom_color_2=\u00a0\u00bb#d1646d\u00a0\u00bb align=\u00a0\u00bbleft\u00a0\u00bb button_block=\u00a0\u00bbtrue\u00a0\u00bb link=\u00a0\u00bburl:https%3A%2F%2Fwww.bozoktraktor.com.tr%2Fs-s-s%2F\u00a0\u00bb css=\u00a0\u00bb.vc_custom_1643021410356{margin-top: -15px !important;}\u00a0\u00bb][vc_btn title=\u00a0\u00bbBozok Tractor dans la Presse\u00a0\u00bb style=\u00a0\u00bbgradient-custom\u00a0\u00bb gradient_custom_color_1=\u00a0\u00bb#d0202e\u00a0\u00bb gradient_custom_color_2=\u00a0\u00bb#d1646d\u00a0\u00bb align=\u00a0\u00bbleft\u00a0\u00bb button_block=\u00a0\u00bbtrue\u00a0\u00bb link=\u00a0\u00bburl:https%3A%2F%2Fwww.bozoktraktor.com.tr%2Fbasin-kiti%2Fbasinda-bozok-traktor%2F\u00a0\u00bb css=\u00a0\u00bb.vc_custom_1643021435101{margin-top: -15px !important;}\u00a0\u00bb][vc_btn title=\u00a0\u00bbPolitique de cookies \u00a0\u00bb style=\u00a0\u00bbgradient-custom\u00a0\u00bb gradient_custom_color_1=\u00a0\u00bb#d0202e\u00a0\u00bb gradient_custom_color_2=\u00a0\u00bb#d1646d\u00a0\u00bb align=\u00a0\u00bbleft\u00a0\u00bb button_block=\u00a0\u00bbtrue\u00a0\u00bb link=\u00a0\u00bburl:https%3A%2F%2Fwww.bozoktraktor.com.tr%2Fbasin-kiti%2Fcerez-politikasi%2F\u00a0\u00bb css=\u00a0\u00bb.vc_custom_1643021471513{margin-top: -15px !important;}\u00a0\u00bb][vc_btn title=\u00a0\u00bbPolitique de confidentialit\u00e9\u00a0\u00bb style=\u00a0\u00bbgradient-custom\u00a0\u00bb gradient_custom_color_1=\u00a0\u00bb#d0202e\u00a0\u00bb gradient_custom_color_2=\u00a0\u00bb#d1646d\u00a0\u00bb align=\u00a0\u00bbleft\u00a0\u00bb button_block=\u00a0\u00bbtrue\u00a0\u00bb link=\u00a0\u00bburl:https%3A%2F%2Fwww.bozoktraktor.com.tr%2Fbasin-kiti%2Fgizlilik-politikasi%2F\u00a0\u00bb css=\u00a0\u00bb.vc_custom_1643021515159{margin-top: -15px !important;}\u00a0\u00bb][vc_btn title=\u00a0\u00bbKVKK Information Text\u00a0\u00bb style=\u00a0\u00bbgradient-custom\u00a0\u00bb gradient_custom_color_1=\u00a0\u00bb#d0202e\u00a0\u00bb gradient_custom_color_2=\u00a0\u00bb#d1646d\u00a0\u00bb align=\u00a0\u00bbleft\u00a0\u00bb button_block=\u00a0\u00bbtrue\u00a0\u00bb link=\u00a0\u00bburl:https%3A%2F%2Fwww.bozoktraktor.com.tr%2Fkvkk-bilgilendirme-metni%2F\u00a0\u00bb css=\u00a0\u00bb.vc_custom_1643021541285{margin-top: -15px !important;}\u00a0\u00bb][\/vc_column][vc_column width=\u00a0\u00bb3\/4&Prime; css=\u00a0\u00bb.vc_custom_1617773633791{border-top-width: 2px !important;border-right-width: 2px !important;border-bottom-width: 2px !important;border-left-width: 2px !important;background-color: #ffffff !important;border-left-color: #d0202e !important;border-left-style: solid !important;border-right-color: #d0202e !important;border-right-style: solid !important;border-top-color: #d0202e !important;border-top-style: solid !important;border-bottom-color: #d0202e !important;border-bottom-style: solid !important;border-radius: 1px !important;}\u00a0\u00bb][vc_row_inner css=\u00a0\u00bb.vc_custom_1617774067597{margin-top: 10px !important;}\u00a0\u00bb][vc_column_inner width=\u00a0\u00bb1\/2&Prime;][vc_video link=\u00a0\u00bbhttps:\/\/www.youtube.com\/watch?v=JUWfCWuKoKY\u00a0\u00bb align=\u00a0\u00bbcenter\u00a0\u00bb][vc_column_text]<strong><span style=\"color: #d0202e;\">&gt;&gt; BT GOLD POWER \/ PHANTOM \u0130LE G\u00dc\u00c7 SEN\u0130N<\/span><\/strong>[\/vc_column_text][\/vc_column_inner][vc_column_inner width=\u00a0\u00bb1\/2&Prime;][vc_video link=\u00a0\u00bbhttps:\/\/www.youtube.com\/watch?v=6GJS6mcXInA\u00a0\u00bb align=\u00a0\u00bbcenter\u00a0\u00bb][vc_column_text]<strong><span style=\"color: #d0202e;\">&gt;&gt; Bozok 3.105D Phantom Trakt\u00f6rmetre<\/span><\/strong>[\/vc_column_text][\/vc_column_inner][\/vc_row_inner][vc_separator color=\u00a0\u00bbjuicy_pink\u00a0\u00bb css=\u00a0\u00bb.vc_custom_1617774104290{margin-top: -15px !important;}\u00a0\u00bb][vc_row_inner][vc_column_inner width=\u00a0\u00bb1\/2&Prime;][vc_video link=\u00a0\u00bbhttps:\/\/www.youtube.com\/watch?v=ueOqJer5F2M&amp;t=197s\u00a0\u00bb align=\u00a0\u00bbcenter\u00a0\u00bb][vc_column_text]<strong><span style=\"color: #d0202e;\">&gt;&gt;BT GOLD POWER Phantom \u0130le G\u00fc\u00e7 Seninle<br \/>\n<\/span><\/strong>[\/vc_column_text][\/vc_column_inner][vc_column_inner width=\u00a0\u00bb1\/2&Prime;][vc_video link=\u00a0\u00bbhttps:\/\/www.youtube.com\/watch?v=EQThQzXeMD4&Prime; align=\u00a0\u00bbcenter\u00a0\u00bb][vc_column_text]<strong><span style=\"color: #d0202e;\">&gt;&gt; BT GOLD POWER 3.105 D PHANTOM<\/span><\/strong>[\/vc_column_text][\/vc_column_inner][\/vc_row_inner][vc_separator color=\u00a0\u00bbjuicy_pink\u00a0\u00bb css=\u00a0\u00bb.vc_custom_1617774110439{margin-top: -15px !important;}\u00a0\u00bb][vc_row_inner][vc_column_inner width=\u00a0\u00bb1\/2&Prime;][vc_video link=\u00a0\u00bbhttps:\/\/www.youtube.com\/watch?v=3H-s59ugXew\u00a0\u00bb align=\u00a0\u00bbcenter\u00a0\u00bb][vc_column_text]<strong><span style=\"color: #d0202e;\">&gt;&gt;BT GOLD POWER Phantom \u0130le G\u00fc\u00e7 Seninle<br \/>\n<\/span><\/strong>[\/vc_column_text][\/vc_column_inner][vc_column_inner width=\u00a0\u00bb1\/2&Prime;][vc_video link=\u00a0\u00bbhttps:\/\/www.youtube.com\/watch?v=0VK68JMnXmk\u00a0\u00bb align=\u00a0\u00bbcenter\u00a0\u00bb][vc_column_text]<strong><span style=\"color: #d0202e;\">&gt;&gt; BT GOLD POWER \u00c7orlu Tar\u0131m Fuar\u0131nda<\/span><\/strong>[\/vc_column_text][\/vc_column_inner][\/vc_row_inner][vc_separator color=\u00a0\u00bbjuicy_pink\u00a0\u00bb css=\u00a0\u00bb.vc_custom_1617774110439{margin-top: -15px !important;}\u00a0\u00bb][vc_row_inner][vc_column_inner width=\u00a0\u00bb1\/2&Prime;][vc_video link=\u00a0\u00bbhttps:\/\/www.youtube.com\/watch?v=Pf0g4AlrY7o&amp;t=920s\u00a0\u00bb align=\u00a0\u00bbcenter\u00a0\u00bb][vc_column_text]<strong><span style=\"color: #d0202e;\">&gt;&gt; O\u011ful Erdal Babas\u0131 Erdal&rsquo;\u0131 Trakt\u00f6r Alabilmeye \u0130kna Edebilecek mi?<\/span><\/strong>[\/vc_column_text][\/vc_column_inner][vc_column_inner width=\u00a0\u00bb1\/2&Prime;][vc_video link=\u00a0\u00bbhttps:\/\/www.youtube.com\/watch?v=3c-bdq7T-YI\u00a0\u00bb align=\u00a0\u00bbcenter\u00a0\u00bb][vc_column_text]<strong><span style=\"color: #d0202e;\">&gt;&gt; 2019 Konya Tar\u0131m Fuar\u0131 \/ \u0130lkem UMUTLU &#8211; BOZOK TRAKT\u00d6R Sat\u0131\u015f M\u00fcd\u00fcr\u00fc<\/span><\/strong>[\/vc_column_text][\/vc_column_inner][\/vc_row_inner][vc_separator color=\u00a0\u00bbjuicy_pink\u00a0\u00bb css=\u00a0\u00bb.vc_custom_1617774110439{margin-top: -15px !important;}\u00a0\u00bb][vc_row_inner][vc_column_inner width=\u00a0\u00bb1\/2&Prime;][vc_video link=\u00a0\u00bbhttps:\/\/www.youtube.com\/watch?v=hjgw1w1qgJE\u00a0\u00bb align=\u00a0\u00bbcenter\u00a0\u00bb][vc_column_text]<strong><span style=\"color: #d0202e;\">&gt;&gt; BOZOK TRAKT\u00d6R ISPARTA FUARI<\/span><\/strong>[\/vc_column_text][\/vc_column_inner][vc_column_inner width=\u00a0\u00bb1\/2&Prime;][vc_video link=\u00a0\u00bbhttps:\/\/www.youtube.com\/watch?v=dHmw5zyUayM\u00a0\u00bb align=\u00a0\u00bbcenter\u00a0\u00bb][vc_column_text]<strong><span style=\"color: #d0202e;\">&gt;&gt; BOZOK TRAKT\u00d6R K\u00d6Y TV REKLAM F\u0130LM\u0130<\/span><\/strong>[\/vc_column_text][\/vc_column_inner][\/vc_row_inner][vc_row_inner][vc_column_inner width=\u00a0\u00bb1\/2&Prime;][vc_video link=\u00a0\u00bbhttps:\/\/www.youtube.com\/watch?v=-t7EEmyWuEY\u00a0\u00bb align=\u00a0\u00bbcenter\u00a0\u00bb][vc_column_text]<strong><span style=\"color: #d0202e;\">&gt;&gt; BOZOK TRAKT\u00d6R PHANTOM SER\u0130S\u0130 BURTARIM LANSMANI<\/span><\/strong>[\/vc_column_text][\/vc_column_inner][vc_column_inner width=\u00a0\u00bb1\/2&Prime;][vc_video link=\u00a0\u00bbhttps:\/\/www.youtube.com\/watch?v=3T2-iwsEJg4&Prime; align=\u00a0\u00bbcenter\u00a0\u00bb][vc_column_text]<strong><span style=\"color: #d0202e;\">&gt;&gt; BOZOK TRAKT\u00d6R \u00c7\u0130FT\u00c7\u0130 TV REKLAM F\u0130LM\u0130<\/span><\/strong>[\/vc_column_text][\/vc_column_inner][\/vc_row_inner][vc_separator color=\u00a0\u00bbjuicy_pink\u00a0\u00bb css=\u00a0\u00bb.vc_custom_1617774110439{margin-top: -15px !important;}\u00a0\u00bb][vc_row_inner][vc_column_inner width=\u00a0\u00bb1\/2&Prime;][vc_video link=\u00a0\u00bbhttps:\/\/www.youtube.com\/watch?v=b_kvIktlExM\u00a0\u00bb align=\u00a0\u00bbcenter\u00a0\u00bb][vc_column_text]<strong><span style=\"color: #d0202e;\">&gt;&gt; BOZOK TRAKT\u00d6R 2016 BURTARIM FUARI<\/span><\/strong>[\/vc_column_text][\/vc_column_inner][vc_column_inner width=\u00a0\u00bb1\/2&Prime;][vc_video link=\u00a0\u00bbhttps:\/\/www.youtube.com\/watch?v=g_K_m17vKrc\u00a0\u00bb align=\u00a0\u00bbcenter\u00a0\u00bb][vc_column_text]<strong><span style=\"color: #d0202e;\">&gt;&gt; Agro TV ile G\u00dcNAYDIN &#8211; Bozok Trakt\u00f6r \u0130lkem Umutlu<\/span><\/strong>[\/vc_column_text][\/vc_column_inner][\/vc_row_inner][\/vc_column][\/vc_row]<\/p>","protected":false},"excerpt":{"rendered":"<p>[vc_row cmt_bgimagefixed=\u00a0\u00bb\u00a0\u00bb][vc_column width=\u00a0\u00bb1\/4&Prime; css=\u00a0\u00bb.vc_custom_1617773676395{border-top-width: 2px !important;border-right-width: 2px !important;border-bottom-width: 2px !important;border-left-width: 2px !important;background-color: #ffffff !important;border-radius: 1px !important;}\u00a0\u00bb][vc_btn title=\u00a0\u00bbDossier de presse\u00a0\u00bb style=\u00a0\u00bbgradient-custom\u00a0\u00bb gradient_custom_color_1=\u00a0\u00bb#d0202e\u00a0\u00bb gradient_custom_color_2=\u00a0\u00bb#d1646d\u00a0\u00bb align=\u00a0\u00bbleft\u00a0\u00bb button_block=\u00a0\u00bbtrue\u00a0\u00bb link=\u00a0\u00bburl:https%3A%2F%2Fwww.bozoktraktor.com.tr%2Fbasin-kiti%2F\u00a0\u00bb css=\u00a0\u00bb.vc_custom_1643021335174{margin-top: 10px !important;}\u00a0\u00bb][vc_btn title=\u00a0\u00bbGalerie vid\u00e9o\u00a0\u00bb style=\u00a0\u00bbgradient-custom\u00a0\u00bb gradient_custom_color_1=\u00a0\u00bb#d0202e\u00a0\u00bb gradient_custom_color_2=\u00a0\u00bb#d1646d\u00a0\u00bb align=\u00a0\u00bbleft\u00a0\u00bb button_block=\u00a0\u00bbtrue\u00a0\u00bb link=\u00a0\u00bburl:https%3A%2F%2Fwww.bozoktraktor.com.tr%2Fbasin-kiti%2Fvideo-galeri%2F\u00a0\u00bb css=\u00a0\u00bb.vc_custom_1643021347208{margin-top: -15px !important;}\u00a0\u00bb][vc_btn title=\u00a0\u00bbCatalogue en ligne\u00a0\u00bb style=\u00a0\u00bbgradient-custom\u00a0\u00bb gradient_custom_color_1=\u00a0\u00bb#d0202e\u00a0\u00bb gradient_custom_color_2=\u00a0\u00bb#d1646d\u00a0\u00bb align=\u00a0\u00bbleft\u00a0\u00bb button_block=\u00a0\u00bbtrue\u00a0\u00bb link=\u00a0\u00bburl:https%3A%2F%2Fwww.bozoktraktor.com.tr%2Fbasin-kiti%2Flogo-katalog%2F\u00a0\u00bb css=\u00a0\u00bb.vc_custom_1643021358173{margin-top: -15px !important;}\u00a0\u00bb][vc_btn title=\u00a0\u00bbFoire aux Questions\u00a0\u00bb style=\u00a0\u00bbgradient-custom\u00a0\u00bb &hellip; <a href=\"https:\/\/www.bozoktraktor.com.tr\/fr\/basin-kiti\/video-galeri\/\" class=\"more-link\">Continue reading <span class=\"screen-reader-text\">Galerie Vid\u00e9o<\/span><\/a><\/p>\n","protected":false},"author":1,"featured_media":0,"parent":1745,"menu_order":0,"comment_status":"closed","ping_status":"closed","template":"","meta":{"footnotes":""},"class_list":["post-2158","page","type-page","status-publish","hentry"],"_links":{"self":[{"href":"https:\/\/www.bozoktraktor.com.tr\/fr\/wp-json\/wp\/v2\/pages\/2158","targetHints":{"allow":["GET"]}}],"collection":[{"href":"https:\/\/www.bozoktraktor.com.tr\/fr\/wp-json\/wp\/v2\/pages"}],"about":[{"href":"https:\/\/www.bozoktraktor.com.tr\/fr\/wp-json\/wp\/v2\/types\/page"}],"author":[{"embeddable":true,"href":"https:\/\/www.bozoktraktor.com.tr\/fr\/wp-json\/wp\/v2\/users\/1"}],"replies":[{"embeddable":true,"href":"https:\/\/www.bozoktraktor.com.tr\/fr\/wp-json\/wp\/v2\/comments?post=2158"}],"version-history":[{"count":22,"href":"https:\/\/www.bozoktraktor.com.tr\/fr\/wp-json\/wp\/v2\/pages\/2158\/revisions"}],"predecessor-version":[{"id":3315,"href":"https:\/\/www.bozoktraktor.com.tr\/fr\/wp-json\/wp\/v2\/pages\/2158\/revisions\/3315"}],"up":[{"embeddable":true,"href":"https:\/\/www.bozoktraktor.com.tr\/fr\/wp-json\/wp\/v2\/pages\/1745"}],"wp:attachment":[{"href":"https:\/\/www.bozoktraktor.com.tr\/fr\/wp-json\/wp\/v2\/media?parent=2158"}],"curies":[{"name":"wp","href":"https:\/\/api.w.org\/{rel}","templated":true}]}}