{"id":2306,"date":"2021-03-16T14:49:11","date_gmt":"2021-03-16T11:49:11","guid":{"rendered":"https:\/\/www.bozoktraktor.com.tr\/?page_id=2306"},"modified":"2025-05-19T13:51:48","modified_gmt":"2025-05-19T10:51:48","slug":"fiyat-listemiz","status":"publish","type":"page","link":"https:\/\/www.bozoktraktor.com.tr\/fr\/fiyat-listemiz\/","title":{"rendered":"Notre liste de prix"},"content":{"rendered":"<p>[vc_row cmt_bgimagefixed=\u00a0\u00bb\u00a0\u00bb el_class=\u00a0\u00bbmobilayar13&Prime;][vc_column][vc_single_image image=\u00a0\u00bb2310&Prime; img_size=\u00a0\u00bbfull\u00a0\u00bb alignment=\u00a0\u00bbcenter\u00a0\u00bb style=\u00a0\u00bbvc_box_shadow_3d\u00a0\u00bb onclick=\u00a0\u00bbcustom_link\u00a0\u00bb link=\u00a0\u00bbhttps:\/\/www.bozoktraktor.com.tr\/bayi-servis\/bayilerimiz\/\u00a0\u00bb][vc_column_text]<\/p>\n<p style=\"text-align: center;\"><strong>Veuillez nous contacter pour nos prix \u00e0 l&rsquo;\u00e9tranger.<\/strong><\/p>\n<p style=\"text-align: center;\"><strong>E-Mail :<\/strong> <a href=\"mailto:info@bozoktraktor.com.tr\">info@bozoktraktor.com.tr<\/a><\/p>\n<p style=\"text-align: center;\"><strong>T\u00e9l\u00e9phoner :<\/strong> <a href=\"tel:902125123235\">+90 (212) 512 32 35<\/a><\/p>\n<p>[\/vc_column_text][\/vc_column][\/vc_row]<\/p>","protected":false},"excerpt":{"rendered":"<p>[vc_row cmt_bgimagefixed=\u00a0\u00bb\u00a0\u00bb el_class=\u00a0\u00bbmobilayar13&Prime;][vc_column][vc_single_image image=\u00a0\u00bb2310&Prime; img_size=\u00a0\u00bbfull\u00a0\u00bb alignment=\u00a0\u00bbcenter\u00a0\u00bb style=\u00a0\u00bbvc_box_shadow_3d\u00a0\u00bb onclick=\u00a0\u00bbcustom_link\u00a0\u00bb link=\u00a0\u00bbhttps:\/\/www.bozoktraktor.com.tr\/bayi-servis\/bayilerimiz\/\u00a0\u00bb][vc_column_text] Veuillez nous contacter pour nos prix \u00e0 l&rsquo;\u00e9tranger. E-Mail : info@bozoktraktor.com.tr T\u00e9l\u00e9phoner : +90 (212) 512 32 35 [\/vc_column_text][\/vc_column][\/vc_row]<\/p>\n","protected":false},"author":1,"featured_media":0,"parent":0,"menu_order":0,"comment_status":"closed","ping_status":"closed","template":"","meta":{"footnotes":""},"class_list":["post-2306","page","type-page","status-publish","hentry"],"_links":{"self":[{"href":"https:\/\/www.bozoktraktor.com.tr\/fr\/wp-json\/wp\/v2\/pages\/2306","targetHints":{"allow":["GET"]}}],"collection":[{"href":"https:\/\/www.bozoktraktor.com.tr\/fr\/wp-json\/wp\/v2\/pages"}],"about":[{"href":"https:\/\/www.bozoktraktor.com.tr\/fr\/wp-json\/wp\/v2\/types\/page"}],"author":[{"embeddable":true,"href":"https:\/\/www.bozoktraktor.com.tr\/fr\/wp-json\/wp\/v2\/users\/1"}],"replies":[{"embeddable":true,"href":"https:\/\/www.bozoktraktor.com.tr\/fr\/wp-json\/wp\/v2\/comments?post=2306"}],"version-history":[{"count":156,"href":"https:\/\/www.bozoktraktor.com.tr\/fr\/wp-json\/wp\/v2\/pages\/2306\/revisions"}],"predecessor-version":[{"id":3368,"href":"https:\/\/www.bozoktraktor.com.tr\/fr\/wp-json\/wp\/v2\/pages\/2306\/revisions\/3368"}],"wp:attachment":[{"href":"https:\/\/www.bozoktraktor.com.tr\/fr\/wp-json\/wp\/v2\/media?parent=2306"}],"curies":[{"name":"wp","href":"https:\/\/api.w.org\/{rel}","templated":true}]}}