{"id":282,"date":"2020-01-24T06:04:02","date_gmt":"2020-01-24T03:04:02","guid":{"rendered":"https:\/\/duplexo.cymolthemes.com\/?page_id=282"},"modified":"2022-01-31T09:56:55","modified_gmt":"2022-01-31T06:56:55","slug":"s-s-s","status":"publish","type":"page","link":"https:\/\/www.bozoktraktor.com.tr\/fr\/s-s-s\/","title":{"rendered":"F.A.Q."},"content":{"rendered":"<p>[vc_row cmt_bgimagefixed=\u00a0\u00bb\u00a0\u00bb full_width=\u00a0\u00bbstretch_row\u00a0\u00bb tm_bgimagefixed=\u00a0\u00bb\u00a0\u00bb css=\u00a0\u00bb.vc_custom_1582009365725{padding-top: 84px !important;padding-bottom: 0px !important;}\u00a0\u00bb cmt_responsive_css=\u00a0\u00bb52775064|colbreak_no|||||||||colbreak_no|||||50px||||colbreak_no||||||||||colbreak_no|||||||||\u00a0\u00bb][vc_column]<div class=\"cmt-element-heading-wrapper cmt-sboxheading-inner cmt-sboxelement-align-center cmt-seperator-solid cmt-sboxheading-style-vertical \"><section class=\"cmt-sboxvc_cta3-container\"><div class=\"cmt-vc_general cmt-sboxvc_cta3 cmt-sboxcta3-only cmt-sboxvc_cta3-style-classic cmt-sboxvc_cta3-shape-rounded cmt-sboxvc_cta3-align-center cmt-sboxvc_cta3-color-transparent cmt-sboxvc_cta3-icon-size-md cmt-sboxvc_cta3-actions-no cmt-sboxcta3-without-desc\"><div class=\"cmt-vc_cta3_content-container\"><div class=\"cmt-vc_cta3-content\"><header class=\"cmt-vc_cta3-content-header cmt-section-wrapper\"><div class=\"cmt-sboxvc_cta3-headers cmt-section-wrapper-cell\"><h4 class=\"cmt-custom-heading \" >F.A.Q.<\/h4>\n<h2 class=\"cmt-custom-heading \" >Vous avez des questions ?<\/h2>\n<\/div><div class=\"heading-seperator\"><span><\/span><\/div><\/header><\/div><\/div><\/div><\/section><\/div> <!-- .cmt-element-heading-wrapper container --> [\/vc_column][\/vc_row][vc_row cmt_bgimagefixed=\u00a0\u00bb\u00a0\u00bb break_in_responsive=\u00a0\u00bb991&Prime; full_width=\u00a0\u00bbstretch_row\u00a0\u00bb equal_height=\u00a0\u00bbyes\u00a0\u00bb tm_bgimagefixed=\u00a0\u00bb\u00a0\u00bb css=\u00a0\u00bb.vc_custom_1582009413691{padding-top: 0px !important;padding-bottom: 67px !important;}\u00a0\u00bb cmt_responsive_css=\u00a0\u00bb10535839|colbreak_no|||||||||colbreak_no|||||||25px||colbreak_no||||||||||colbreak_no|||||||||\u00a0\u00bb][vc_column width=\u00a0\u00bb1\/2&Prime;][vc_single_image image=\u00a0\u00bb2073&Prime; img_size=\u00a0\u00bbfull\u00a0\u00bb css=\u00a0\u00bb.vc_custom_1615379410873{margin-bottom: 0px !important;}\u00a0\u00bb][vc_row_inner][vc_column_inner css=\u00a0\u00bb.vc_custom_1579845952619{margin-top: -189px !important;padding-left: 25px !important;}\u00a0\u00bb]<div class=\"cmt-vc_icon_element cmt-vc_icon_element-outer cmt-vc_icon_element-align-center  cmt-vc_icon_element-have-style cmt_prettyphoto cmt-video-icon\"><div class=\"cmt-vc_icon_element-inner  cmt-vc_icon_element-have-style-inner cmt-vc_icon_element-color-white cmt-vc_icon_element-size-md cmt-vc_icon_element-style-rounded cmt-vc_icon_element-background cmt-vc_icon_element-background-color-skincolor\" ><span class=\"cmt-vc_icon_element-icon fa fa-play\" ><\/span><a class=\"cmt-vc_icon_element-link\" href=\"https:\/\/www.youtube.com\/watch?v=3H-s59ugXew\" title=\"\" target=\"_self\"><\/a><\/div><\/div>[\/vc_column_inner][\/vc_row_inner][\/vc_column][vc_column width=\u00a0\u00bb1\/2&Prime; cmt_responsive_css=\u00a0\u00bb43856502|colbreak_no|||||||||colbreak_no|||||40px||||colbreak_no||||||||||colbreak_no|||||||||\u00a0\u00bb][vc_toggle title=\u00a0\u00bbLes nouveaux tracteurs ont-ils un rodage de moteur ?\u00a0\u00bb style=\u00a0\u00bbrounded\u00a0\u00bb size=\u00a0\u00bbsm\u00a0\u00bb open=\u00a0\u00bbtrue\u00a0\u00bb]Vous pouvez utiliser votre tracteur nouvellement achet\u00e9 pour toutes sortes de travaux sous une charge l\u00e9g\u00e8re.[\/vc_toggle][vc_toggle title=\u00a0\u00bbQUELLES SONT LES CONDITIONS DE GARANTIE ?\u00a0\u00bb style=\u00a0\u00bbround\u00a0\u00bb size=\u00a0\u00bbsm\u00a0\u00bb]En utilisant les mat\u00e9riaux d&rsquo;entretien d&rsquo;origine des tracteurs Bozok, \u00e0 condition que l&rsquo;entretien p\u00e9riodique soit effectu\u00e9 par le service agr\u00e9\u00e9, les erreurs de pi\u00e8ces, d&rsquo;assemblage et de fabrication qui peuvent survenir dans les tracteurs sont \u00e9valu\u00e9es dans le cadre de la garantie. Il a une p\u00e9riode de garantie de 2 ans et\/ou 1600 heures.[\/vc_toggle][vc_toggle title=\u00a0\u00bbQUELLES SONT LES CONDITIONS QUI NE SONT PAS COUVERTES PAR LA GARANTIE?\u00a0\u00bb style=\u00a0\u00bbround\u00a0\u00bb size=\u00a0\u00bbsm\u00a0\u00bb]La r\u00e9paration ou l\u2019entretien dans un atelier non autoris\u00e9, les pannes caus\u00e9es par l\u2019utilisation par le client et le remplacement de consommables tels que garniture de frein, filtre, huile, courroie, ampoule, etc. ne sont pas couverts par la garantie. De plus, les utilisations autres que agricoles (pelle, pelle r\u00e9trocaveuse, chargeuse, etc.) et l\u2019utilisation d\u2019\u00e9quipements qui d\u00e9passent les performances et la puissance du moteur ne sont pas couvertes par la garantie.[\/vc_toggle][vc_toggle title=\u00a0\u00bbCOMMENT AJUSTER LA PRESSION DES PNEUS?\u00a0\u00bb style=\u00a0\u00bbround\u00a0\u00bb size=\u00a0\u00bbsm\u00a0\u00bb]La pression des pneus est importante dans le travail sur le terrain des tracteurs et le transport routier. Selon la marque de pression des pneus, s\u2019il y a de l\u2019usure sur le c\u00f4t\u00e9 de la bande de roulement, la pression d\u2019air est faible, s\u2019il y a de l\u2019usure au milieu du pneu, la pression d\u2019air est \u00e9lev\u00e9e. La pression des pneus doit \u00eatre v\u00e9rifi\u00e9e en fonction de l\u2019environnement de travail.[\/vc_toggle][vc_toggle title=\u00a0\u00bbL\u2019ENTRETIEN EST-IL PAY\u00c9?\u00a0\u00bb style=\u00a0\u00bbround\u00a0\u00bb size=\u00a0\u00bbsm\u00a0\u00bb]Aucun frais de main-d\u2019\u0153uvre n\u2019est factur\u00e9 pour la formation des conducteurs, l\u2019entretien de 50, 100 et 250 heures, les consommables (filtres et huiles) sont factur\u00e9s. Maintenance apr\u00e8s 250 heures (pour 500, 750, 1000 heures), des frais de main-d\u2019\u0153uvre sont factur\u00e9s.[\/vc_toggle][\/vc_column][\/vc_row][vc_row cmt_bgimagefixed=\u00a0\u00bb\u00a0\u00bb css=\u00a0\u00bb.vc_custom_1636005324340{margin-top: -140px !important;}\u00a0\u00bb][vc_column][vc_toggle title=\u00a0\u00bbJ\u2019AIMERAIS EN SAVOIR PLUS SUR LES TRACTEURS, O\u00d9 POSTULER?\u00a0\u00bb style=\u00a0\u00bbround\u00a0\u00bb size=\u00a0\u00bbsm\u00a0\u00bb]Vous pouvez trouver tout type d\u2019information sur notre site Web et \/ ou aupr\u00e8s de nos concessionnaires.[\/vc_toggle][vc_toggle title=\u00a0\u00bbQUE SONT L\u2019ENTRETIEN ET LES CONTR\u00d4LES DE ROUTINE?\u00a0\u00bb style=\u00a0\u00bbround\u00a0\u00bb size=\u00a0\u00bbsm\u00a0\u00bb]Le moteur du tracteur, l\u2019huile de transmission, le niveau d\u2019eau du radiateur et les contr\u00f4les d\u2019\u00e9tanch\u00e9it\u00e9 doivent \u00eatre effectu\u00e9s quotidiennement. Il est tr\u00e8s important pour l\u2019utilisateur d\u2019effectuer ces v\u00e9rifications tous les jours afin d\u2019\u00e9viter d\u2019\u00e9ventuels dysfonctionnements majeurs.[\/vc_toggle][vc_toggle title=\u00a0\u00bbPUIS-JE \u00c9CHANGER MON ANCIEN TRACTEUR CONTRE UN NOUVEAU TRACTEUR?\u00a0\u00bb style=\u00a0\u00bbround\u00a0\u00bb size=\u00a0\u00bbsm\u00a0\u00bb][\/vc_toggle][\/vc_column][\/vc_row][vc_row cmt_bgimagefixed=\u00a0\u00bb\u00a0\u00bb css=\u00a0\u00bb.vc_custom_1636005833629{margin-top: -200px !important;}\u00a0\u00bb][vc_column][vc_separator color=\u00a0\u00bbjuicy_pink\u00a0\u00bb border_width=\u00a0\u00bb2&Prime;][\/vc_column][\/vc_row][vc_row cmt_bgimagefixed=\u00a0\u00bb\u00a0\u00bb css=\u00a0\u00bb.vc_custom_1636006526173{margin-top: -200px !important;margin-bottom: 30px !important;}\u00a0\u00bb][vc_column width=\u00a0\u00bb1\/2&Prime;]<div class=\"cmt-element-heading-wrapper cmt-sboxheading-inner cmt-sboxelement-align-center cmt-seperator-solid cmt-sboxheading-style-vertical \"><section class=\"cmt-sboxvc_cta3-container\"><div class=\"cmt-vc_general cmt-sboxvc_cta3 cmt-sboxcta3-only cmt-sboxvc_cta3-style-classic cmt-sboxvc_cta3-shape-rounded cmt-sboxvc_cta3-align-center cmt-sboxvc_cta3-color-transparent cmt-sboxvc_cta3-icon-size-md cmt-sboxvc_cta3-actions-no cmt-sboxcta3-without-desc\"><div class=\"cmt-vc_cta3_content-container\"><div class=\"cmt-vc_cta3-content\"><header class=\"cmt-vc_cta3-content-header cmt-section-wrapper\"><div class=\"cmt-sboxvc_cta3-headers cmt-section-wrapper-cell\"><h4 class=\"cmt-custom-heading \" >F.A.Q.<\/h4>\n<h2 class=\"cmt-custom-heading \" >ENTRETIEN QUOTIDIEN<\/h2>\n<\/div><div class=\"heading-seperator\"><span><\/span><\/div><\/header><\/div><\/div><\/div><\/section><\/div> <!-- .cmt-element-heading-wrapper container --> [vc_column_text]<strong><u>PRESSION Des PNEUS: <\/u><\/strong>Il devrait \u00eatre v\u00e9rifi\u00e9 avec l\u2019\u0153il avant d\u2019aller au travail tous les jours. Si une usure irr\u00e9guli\u00e8re, un faible d\u00e9bit d\u2019air, des dommages caus\u00e9s par un corps \u00e9tranger sont visibles, l\u2019air du pneu doit \u00eatre v\u00e9rifi\u00e9.<\/p>\n<p><strong><u>RAVITAILLEMENT:<\/u><\/strong> Le carburant utilis\u00e9 dans le tracteur doit \u00eatre repos\u00e9 si possible et le r\u00e9servoir doit \u00eatre compl\u00e8tement charg\u00e9 apr\u00e8s la fin de la journ\u00e9e de travail. Sinon, des gouttelettes d\u2019eau se forment en raison de la densit\u00e9 d\u2019oxyg\u00e8ne dans le r\u00e9servoir et l\u2019eau est m\u00e9lang\u00e9e au carburant. Cela peut entra\u00eener une rouille dans le r\u00e9servoir et endommager les \u00e9l\u00e9ments de carburant tels que les pompes \u00e0 injecteur.<\/p>\n<p><strong><u>CONTR\u00d4LE DU NIVEAU D\u2019HUILE MOTEUR : <\/u><\/strong>Chaque jour, la barre de niveau d\u2019huile doit \u00eatre mesur\u00e9e avant que le moteur ne soit op\u00e9rationnel. Le niveau doit se situer entre les lignes maximale et minimale, et s\u2019il est inf\u00e9rieur au niveau minimum, la cause doit \u00eatre v\u00e9rifi\u00e9e.<\/p>\n<p><strong><u>REFROIDISSEMENT et RADIATEUR: <\/u><\/strong>Le contr\u00f4le du niveau d\u2019eau doit \u00eatre effectu\u00e9 \u00e0 partir du couvercle du radiateur avant le d\u00e9marrage du moteur tous les jours. Le niveau d\u2019eau devrait \u00eatre suffisant pour couvrir la partie sup\u00e9rieure des nids d\u2019abeilles. Ne remplissez pas jusqu\u2019\u00e0 la gorge du radiateur et nettoyez \u00e9galement l\u2019avant du nid d\u2019abeille avec de la paille, de la poussi\u00e8re, de l\u2019herbe, etc.<\/p>\n<p><strong><u>ELECTRICIT\u00c9: <\/u><\/strong>V\u00e9rifiez le fonctionnement des feux d\u2019\u00e9clairage, de freinage et de signalisation tous les jours.<\/p>\n<p><strong><u>CONTR\u00d4LES: <\/u><\/strong>V\u00e9rifiez les freins au premier d\u00e9part de la matin\u00e9e, v\u00e9rifiez l\u2019air des pneus, v\u00e9rifiez les fuites d\u2019huile et d\u2019eau visibles, v\u00e9rifiez le desserrage des boulons de roue.[\/vc_column_text][\/vc_column][vc_column width=\u00a0\u00bb1\/2&Prime;]<div class=\"cmt-element-heading-wrapper cmt-sboxheading-inner cmt-sboxelement-align-center cmt-seperator-solid cmt-sboxheading-style-vertical \"><section class=\"cmt-sboxvc_cta3-container\"><div class=\"cmt-vc_general cmt-sboxvc_cta3 cmt-sboxcta3-only cmt-sboxvc_cta3-style-classic cmt-sboxvc_cta3-shape-rounded cmt-sboxvc_cta3-align-center cmt-sboxvc_cta3-color-transparent cmt-sboxvc_cta3-icon-size-md cmt-sboxvc_cta3-actions-no cmt-sboxcta3-without-desc\"><div class=\"cmt-vc_cta3_content-container\"><div class=\"cmt-vc_cta3-content\"><header class=\"cmt-vc_cta3-content-header cmt-section-wrapper\"><div class=\"cmt-sboxvc_cta3-headers cmt-section-wrapper-cell\"><h4 class=\"cmt-custom-heading \" >F.A.Q.<\/h4>\n<h2 class=\"cmt-custom-heading \" >RECOMMANDATIONS-INFORMATIONS UTILES<\/h2>\n<\/div><div class=\"heading-seperator\"><span><\/span><\/div><\/header><\/div><\/div><\/div><\/section><\/div> <!-- .cmt-element-heading-wrapper container --> [vc_column_text]<\/p>\n<ul>\n<li>Faites effectuer l\u2019entretien p\u00e9riodique \u00e0 temps et en service autoris\u00e9.<\/li>\n<li>Utilisez uniquement des consommables d&rsquo;origine tels que des filtres et de l&rsquo;huile dans votre tracteur.<\/li>\n<li>Pr\u00e9f\u00e9rez l&rsquo;euro diesel, l&rsquo;utilisation de carburant de mauvaise qualit\u00e9 peut causer des dommages impr\u00e9vus.<\/li>\n<li>Utiliser un \u00e9quipement adapt\u00e9 au type de tracteur, \u00e0 la puissance et au terrain.<\/li>\n<li>Nous vous recommandons d&rsquo;utiliser des masses avant et arri\u00e8re du tracteur en fonction du travail effectu\u00e9. Il n&rsquo;est pas recommand\u00e9 de remplir les pneus avec de l&rsquo;eau.<\/li>\n<li>Placer les bras de suspension arri\u00e8re et les bras tendeurs lat\u00e9raux dans la bonne position de travail pendant la conduite.<\/li>\n<li>Utilisez le syst\u00e8me \u00e0 double traction (4\u00d74), si disponible, dans tous vos travaux aux champs avec votre tracteur.<\/li>\n<li>N&rsquo;utilisez pas le syst\u00e8me de traction double (4\u00d74) sur votre tracteur \u00e0 une vitesse de 14 km ou plus pendant la conduite, car cela entra\u00eenerait une charge excessive sur le diff\u00e9rentiel avant.<\/li>\n<li>Pendant la conduite, vos pieds ne doivent jamais \u00eatre toujours sur les p\u00e9dales d&#8217;embrayage et de frein.<\/li>\n<li>Dans le travail sur le terrain, ne tournez jamais lorsque le blocage de diff\u00e9rentiel est connect\u00e9 activement<\/li>\n<li>N&rsquo;effectuez aucune modification technique sur le tracteur sans l&rsquo;accord du constructeur (chargeur avant-arri\u00e8re, godet, installation \u00e9lectrique d&rsquo;\u00e9clairage suppl\u00e9mentaire, etc.).<\/li>\n<li>Ne retirez jamais le cadre de s\u00e9curit\u00e9 du tracteur avec ROPS.<\/li>\n<li>Pendant la conduite avec le tracteur, les phares doivent \u00eatre allum\u00e9s jour et nuit.<\/li>\n<\/ul>\n<p>L&rsquo;\u00e9clairage et les lampes de signalisation doivent toujours \u00eatre en \u00e9tat de fonctionnement.[\/vc_column_text][\/vc_column][\/vc_row][vc_row cmt_bgimagefixed=\u00a0\u00bb\u00a0\u00bb][vc_column width=\u00a0\u00bb1\/4&Prime;][\/vc_column][vc_column width=\u00a0\u00bb1\/2&Prime; css=\u00a0\u00bb.vc_custom_1636006443423{margin-top: -200px !important;}\u00a0\u00bb][vc_btn title=\u00a0\u00bbCLIQUEZ ICI POUR LE CALENDRIER D&rsquo;ENTRETIEN P\u00c9RIODIQUE\u00a0\u00bb style=\u00a0\u00bb3d\u00a0\u00bb color=\u00a0\u00bbjuicy-pink\u00a0\u00bb size=\u00a0\u00bblg\u00a0\u00bb align=\u00a0\u00bbcenter\u00a0\u00bb i_icon_fontawesome=\u00a0\u00bbfas fa-redo-alt\u00a0\u00bb button_block=\u00a0\u00bbtrue\u00a0\u00bb add_icon=\u00a0\u00bbtrue\u00a0\u00bb link=\u00a0\u00bburl:https%3A%2F%2Fwww.bozoktraktor.com.tr%2Fwp-content%2Fuploads%2F2021%2F11%2FBakim-Cetveli-2.pdf|target:_blank\u00a0\u00bb][\/vc_column][vc_column width=\u00a0\u00bb1\/4&Prime;][\/vc_column][\/vc_row][vc_row cmt_bgimagefixed=\u00a0\u00bb\u00a0\u00bb css=\u00a0\u00bb.vc_custom_1636005839646{margin-top: -200px !important;}\u00a0\u00bb][vc_column][vc_separator color=\u00a0\u00bbjuicy_pink\u00a0\u00bb border_width=\u00a0\u00bb2&Prime;][\/vc_column][\/vc_row][vc_row cmt_bgimagefixed=\u00a0\u00bb\u00a0\u00bb break_in_responsive=\u00a0\u00bb991&Prime; full_width=\u00a0\u00bbstretch_row\u00a0\u00bb equal_height=\u00a0\u00bbyes\u00a0\u00bb tm_bgimagefixed=\u00a0\u00bb\u00a0\u00bb el_class=\u00a0\u00bbcmt-iconbox-hover1&Prime; css=\u00a0\u00bb.vc_custom_1636005861442{margin-top: -20px !important;padding-top: 0px !important;}\u00a0\u00bb cmt_responsive_css=\u00a0\u00bb73394820|colbreak_no|||||||||colbreak_no|||||||40px||colbreak_no||||||||||colbreak_no|||||||||\u00a0\u00bb][vc_column width=\u00a0\u00bb1\/3&Prime; tm_shadow=\u00a0\u00bbyes\u00a0\u00bb el_class=\u00a0\u00bbtm-bgcolor-white\u00a0\u00bb]<div class=\"cmt-sbox cmt-sbox-iconalign-left-spacing cmt-sbox-bgcolor-white cmt-bgcolor-white cmt-sbox-textcolor- cmt-textcolor- cmt-sbox-isize-md cmt-sbox-isize-md cmt-sbox-istyle-none  cmt-bgcolor-yes cmt-sbox-heading-only\"><section class=\"cmt-sboxvc_cta3-container\"><div class=\"cmt-vc_general cmt-sboxvc_cta3 cmt-sboxvc_cta3-align-left cmt-sboxvc_cta3-icon-size-md cmt-sboxvc_cta3-icons-left cmt-sboxvc_cta3-actions-no\"><div class=\"cmt-sboxvc_cta3-icons cmt-section-wrapper-cell\"><div class=\"cmt-vc_icon_element cmt-vc_icon_element-outer cmt-vc_icon_element-align-left \"><div class=\"cmt-vc_icon_element-inner  cmt-vc_icon_element-color-skincolor cmt-vc_icon_element-size-md cmt-vc_icon_element-style-none cmt-vc_icon_element-background-color-grey\" ><span class=\"cmt-vc_icon_element-icon cmt_duplexo flaticon-wrench\" ><\/span><\/div><\/div><\/div><div class=\"cmt-vc_cta3_content-container\"><div class=\"cmt-vc_cta3-content\"><div class=\"cmt-vc_cta3-content-header cmt-section-wrapper\"><div class=\"cmt-sboxvc_cta3-headers cmt-section-wrapper-cell\"><h2 class=\"cmt-custom-heading \" >Service &amp; Entretien<\/h2>\n<\/div><\/div><\/div><div class=\"cmt-sboxcta3-desc-btn-wrapper\"><div class=\"cmt-sboxcta3-description\"><div class=\"cmt-sboxcta3-content-wrapper\"><p>Support de service et de maintenance dans toutes les r\u00e9gions de Turquie.<\/p><\/div><\/div><\/div><\/div><\/div><\/section><\/div>[\/vc_column][vc_column cmt_shadow=\u00a0\u00bbyes\u00a0\u00bb width=\u00a0\u00bb1\/3&Prime;]<div class=\"cmt-sbox cmt-sbox-iconalign-left-spacing cmt-sbox-bgcolor-white cmt-bgcolor-white cmt-sbox-textcolor- cmt-textcolor- cmt-sbox-isize-md cmt-sbox-isize-md cmt-sbox-istyle-none  cmt-bgcolor-yes cmt-sbox-heading-only\"><section class=\"cmt-sboxvc_cta3-container\"><div class=\"cmt-vc_general cmt-sboxvc_cta3 cmt-sboxvc_cta3-align-left cmt-sboxvc_cta3-icon-size-md cmt-sboxvc_cta3-icons-left cmt-sboxvc_cta3-actions-no\"><div class=\"cmt-sboxvc_cta3-icons cmt-section-wrapper-cell\"><div class=\"cmt-vc_icon_element cmt-vc_icon_element-outer cmt-vc_icon_element-align-left \"><div class=\"cmt-vc_icon_element-inner  cmt-vc_icon_element-color-skincolor cmt-vc_icon_element-size-md cmt-vc_icon_element-style-none cmt-vc_icon_element-background-color-grey\" ><span class=\"cmt-vc_icon_element-icon cmt_duplexo flaticon-worldwide\" ><\/span><\/div><\/div><\/div><div class=\"cmt-vc_cta3_content-container\"><div class=\"cmt-vc_cta3-content\"><div class=\"cmt-vc_cta3-content-header cmt-section-wrapper\"><div class=\"cmt-sboxvc_cta3-headers cmt-section-wrapper-cell\"><h2 class=\"cmt-custom-heading \" >Haute performance<\/h2>\n<\/div><\/div><\/div><div class=\"cmt-sboxcta3-desc-btn-wrapper\"><div class=\"cmt-sboxcta3-description\"><div class=\"cmt-sboxcta3-content-wrapper\"><p>Haute performance, haute production avec notre s\u00e9rie BT GOLD POWER.<\/p><\/div><\/div><\/div><\/div><\/div><\/section><\/div>[\/vc_column][vc_column width=\u00a0\u00bb1\/3&Prime; el_class=\u00a0\u00bbtm-bgcolor-white\u00a0\u00bb]<div class=\"cmt-sbox cmt-sbox-iconalign-left-spacing cmt-sbox-bgcolor-white cmt-bgcolor-white cmt-sbox-textcolor- cmt-textcolor- cmt-sbox-isize-md cmt-sbox-isize-md cmt-sbox-istyle-none  cmt-bgcolor-yes cmt-sbox-heading-only\"><section class=\"cmt-sboxvc_cta3-container\"><div class=\"cmt-vc_general cmt-sboxvc_cta3 cmt-sboxvc_cta3-align-left cmt-sboxvc_cta3-icon-size-md cmt-sboxvc_cta3-icons-left cmt-sboxvc_cta3-actions-no\"><div class=\"cmt-sboxvc_cta3-icons cmt-section-wrapper-cell\"><div class=\"cmt-vc_icon_element cmt-vc_icon_element-outer cmt-vc_icon_element-align-left \"><div class=\"cmt-vc_icon_element-inner  cmt-vc_icon_element-color-skincolor cmt-vc_icon_element-size-md cmt-vc_icon_element-style-none cmt-vc_icon_element-background-color-grey\" ><span class=\"cmt-vc_icon_element-icon cmt_duplexo flaticon-skyline\" ><\/span><\/div><\/div><\/div><div class=\"cmt-vc_cta3_content-container\"><div class=\"cmt-vc_cta3-content\"><div class=\"cmt-vc_cta3-content-header cmt-section-wrapper\"><div class=\"cmt-sboxvc_cta3-headers cmt-section-wrapper-cell\"><h2 class=\"cmt-custom-heading \" >Production domestique<\/h2>\n<\/div><\/div><\/div><div class=\"cmt-sboxcta3-desc-btn-wrapper\"><div class=\"cmt-sboxcta3-description\"><div class=\"cmt-sboxcta3-content-wrapper\"><p>Nous proposons des tracteurs de production nationale \u00e0 l&rsquo;agriculture turque depuis 54 ans.<\/p><\/div><\/div><\/div><\/div><\/div><\/section><\/div>[\/vc_column][\/vc_row]<\/p>","protected":false},"excerpt":{"rendered":"<p>[vc_row cmt_bgimagefixed=\u00a0\u00bb\u00a0\u00bb full_width=\u00a0\u00bbstretch_row\u00a0\u00bb tm_bgimagefixed=\u00a0\u00bb\u00a0\u00bb css=\u00a0\u00bb.vc_custom_1582009365725{padding-top: 84px !important;padding-bottom: 0px !important;}\u00a0\u00bb cmt_responsive_css=\u00a0\u00bb52775064|colbreak_no|||||||||colbreak_no|||||50px||||colbreak_no||||||||||colbreak_no|||||||||\u00a0\u00bb][vc_column][\/vc_column][\/vc_row][vc_row cmt_bgimagefixed=\u00a0\u00bb\u00a0\u00bb break_in_responsive=\u00a0\u00bb991&Prime; full_width=\u00a0\u00bbstretch_row\u00a0\u00bb equal_height=\u00a0\u00bbyes\u00a0\u00bb tm_bgimagefixed=\u00a0\u00bb\u00a0\u00bb css=\u00a0\u00bb.vc_custom_1582009413691{padding-top: 0px !important;padding-bottom: 67px !important;}\u00a0\u00bb cmt_responsive_css=\u00a0\u00bb10535839|colbreak_no|||||||||colbreak_no|||||||25px||colbreak_no||||||||||colbreak_no|||||||||\u00a0\u00bb][vc_column width=\u00a0\u00bb1\/2&Prime;][vc_single_image image=\u00a0\u00bb2073&Prime; img_size=\u00a0\u00bbfull\u00a0\u00bb css=\u00a0\u00bb.vc_custom_1615379410873{margin-bottom: 0px !important;}\u00a0\u00bb][vc_row_inner][vc_column_inner css=\u00a0\u00bb.vc_custom_1579845952619{margin-top: -189px !important;padding-left: 25px !important;}\u00a0\u00bb][\/vc_column_inner][\/vc_row_inner][\/vc_column][vc_column width=\u00a0\u00bb1\/2&Prime; cmt_responsive_css=\u00a0\u00bb43856502|colbreak_no|||||||||colbreak_no|||||40px||||colbreak_no||||||||||colbreak_no|||||||||\u00a0\u00bb][vc_toggle title=\u00a0\u00bbLes nouveaux tracteurs ont-ils un rodage de moteur ?\u00a0\u00bb style=\u00a0\u00bbrounded\u00a0\u00bb size=\u00a0\u00bbsm\u00a0\u00bb open=\u00a0\u00bbtrue\u00a0\u00bb]Vous pouvez utiliser votre tracteur nouvellement achet\u00e9 pour toutes sortes &hellip; <a href=\"https:\/\/www.bozoktraktor.com.tr\/fr\/s-s-s\/\" class=\"more-link\">Continue reading <span class=\"screen-reader-text\">F.A.Q.<\/span><\/a><\/p>\n","protected":false},"author":1,"featured_media":0,"parent":0,"menu_order":10,"comment_status":"closed","ping_status":"closed","template":"","meta":{"footnotes":""},"class_list":["post-282","page","type-page","status-publish","hentry"],"_links":{"self":[{"href":"https:\/\/www.bozoktraktor.com.tr\/fr\/wp-json\/wp\/v2\/pages\/282","targetHints":{"allow":["GET"]}}],"collection":[{"href":"https:\/\/www.bozoktraktor.com.tr\/fr\/wp-json\/wp\/v2\/pages"}],"about":[{"href":"https:\/\/www.bozoktraktor.com.tr\/fr\/wp-json\/wp\/v2\/types\/page"}],"author":[{"embeddable":true,"href":"https:\/\/www.bozoktraktor.com.tr\/fr\/wp-json\/wp\/v2\/users\/1"}],"replies":[{"embeddable":true,"href":"https:\/\/www.bozoktraktor.com.tr\/fr\/wp-json\/wp\/v2\/comments?post=282"}],"version-history":[{"count":40,"href":"https:\/\/www.bozoktraktor.com.tr\/fr\/wp-json\/wp\/v2\/pages\/282\/revisions"}],"predecessor-version":[{"id":3224,"href":"https:\/\/www.bozoktraktor.com.tr\/fr\/wp-json\/wp\/v2\/pages\/282\/revisions\/3224"}],"wp:attachment":[{"href":"https:\/\/www.bozoktraktor.com.tr\/fr\/wp-json\/wp\/v2\/media?parent=282"}],"curies":[{"name":"wp","href":"https:\/\/api.w.org\/{rel}","templated":true}]}}