{"id":583,"date":"2020-01-27T06:33:07","date_gmt":"2020-01-27T03:33:07","guid":{"rendered":"https:\/\/duplexo.cymolthemes.com\/?page_id=583"},"modified":"2023-02-23T13:34:07","modified_gmt":"2023-02-23T10:34:07","slug":"hakkimizda","status":"publish","type":"page","link":"https:\/\/www.bozoktraktor.com.tr\/fr\/hakkimizda\/","title":{"rendered":"\u00c0 propos de nous"},"content":{"rendered":"<p>[vc_row cmt_bgimagefixed=\u00a0\u00bb\u00a0\u00bb break_in_responsive=\u00a0\u00bb991&Prime; full_width=\u00a0\u00bbstretch_row\u00a0\u00bb tm_bgimagefixed=\u00a0\u00bb\u00a0\u00bb css=\u00a0\u00bb.vc_custom_1582784739532{padding-top: 66px !important;padding-bottom: 90px !important;background-image: url(http:\/\/www.bozoktraktor.com.tr\/wp-content\/uploads\/2020\/01\/cmt-rowbg-06.jpg?id=666) !important;background-position: center !important;background-repeat: no-repeat !important;background-size: cover !important;}\u00a0\u00bb cmt_responsive_css=\u00a0\u00bb97291357|colbreak_no|||||||||colbreak_no|||||30px||30px||colbreak_no||||||||||colbreak_no|||||||||\u00a0\u00bb][vc_column width=\u00a0\u00bb1\/2&Prime; css=\u00a0\u00bb.vc_custom_1580382465538{background-position: center !important;background-repeat: no-repeat !important;background-size: cover !important;}\u00a0\u00bb][vc_single_image image=\u00a0\u00bb1791&Prime; img_size=\u00a0\u00bbfull\u00a0\u00bb css=\u00a0\u00bb.vc_custom_1615361187360{margin-bottom: 0px !important;}\u00a0\u00bb][\/vc_column][vc_column width=\u00a0\u00bb1\/2&Prime; cmt_responsive_css=\u00a0\u00bb41004784|colbreak_no|||||||||colbreak_no|||||40px||||colbreak_no||||||||||colbreak_no|||||||||\u00a0\u00bb]<div class=\"cmt-element-heading-wrapper cmt-sboxheading-inner cmt-sboxelement-align-left cmt-seperator-none cmt-sboxheading-style-vertical  vc_custom_1677148472892\"><section class=\"cmt-sboxvc_cta3-container\"><div class=\"cmt-vc_general cmt-sboxvc_cta3 cmt-sboxcta3-only cmt-sboxvc_cta3-style-classic cmt-sboxvc_cta3-shape-rounded cmt-sboxvc_cta3-align-left cmt-sboxvc_cta3-color-transparent cmt-sboxvc_cta3-icon-size-md cmt-sboxvc_cta3-actions-no cmt-sboxcta3-with-desc\"><div class=\"cmt-vc_cta3_content-container\"><div class=\"cmt-vc_cta3-content\"><header class=\"cmt-vc_cta3-content-header cmt-section-wrapper\"><div class=\"cmt-sboxvc_cta3-headers cmt-section-wrapper-cell\"><h4 class=\"cmt-custom-heading \" >\u00c0 propos de nous<\/h4>\n<h2 class=\"cmt-custom-heading \" >BOZOK TRACTEUR<\/h2>\n<\/div><div class=\"heading-seperator\"><span><\/span><\/div><\/header><div class=\"cmt-sboxcta3-content-wrapper\"><p>Entreprise de tourisme et de v\u00e9hicules automobiles de Karacabay a \u00e9t\u00e9 fond\u00e9e en 1967. Afin de fournir un meilleur service au secteur agricole turc sur une p\u00e9riode de 47 ans, Karacabay a cr\u00e9\u00e9 la COMMUNAUT\u00c9 DES ENTREPRISES DE KARACABAY en cr\u00e9ant des soci\u00e9t\u00e9s d\u2019importation, d\u2019exportation, de finance et de zone franche. Les tracteurs et les machines \u00e0 balles qu\u2019elle importe et produit et ses outils et \u00e9quipements agricoles ont montr\u00e9 qu\u2019elle est pionni\u00e8re dans le secteur.<\/p>\n<p>Le chef du groupe d&rsquo;entreprises, a d\u00e9cid\u00e9 de r\u00e9aliser le potentiel financiel et le potentiel de main-d&rsquo;\u0153uvre en tant que projets d&rsquo;investissement permanents et \u00e0 long terme et a fait exporter l&rsquo;entreprise sur le march\u00e9 mondial. Les entreprises du groupe d&rsquo;entreprises ont connu du succ\u00e8s avec leur production, leurs ventes et leurs services apr\u00e8s-vente et ont contribu\u00e9 \u00e0 la croissance du secteur agricole turc.<\/p><\/div><\/div><\/div><\/div><\/section><\/div> <!-- .cmt-element-heading-wrapper container --> [vc_separator css=\u00a0\u00bb.vc_custom_1576215976351{margin-bottom: 0px !important;}\u00a0\u00bb][vc_row_inner el_class=\u00a0\u00bbcmt-column-inline cmt-col-seprator\u00a0\u00bb][vc_column_inner el_class=\u00a0\u00bbmobilayar11&Prime; width=\u00a0\u00bb1\/3&Prime; css=\u00a0\u00bb.vc_custom_1618406913538{padding-top: 10px !important;padding-right: 10px !important;}\u00a0\u00bb]<div class=\"cmt-sbox cmt-sbox-iconalign-left-spacing cmt-sbox-bgcolor-transparent cmt-bgcolor-transparent cmt-sbox-textcolor- cmt-textcolor- cmt-sbox-isize-xs cmt-sbox-isize-xs cmt-sbox-istyle-none vc_custom_1643613319254 cmt-sbox-both-headings\"><section class=\"cmt-sboxvc_cta3-container\"><div class=\"cmt-vc_general cmt-sboxvc_cta3 cmt-sboxvc_cta3-align-left cmt-sboxvc_cta3-icon-size-xs cmt-sboxvc_cta3-icons-left cmt-sboxvc_cta3-actions-no\"><div class=\"cmt-sboxvc_cta3-icons cmt-section-wrapper-cell\"><div class=\"cmt-vc_icon_element cmt-vc_icon_element-outer cmt-vc_icon_element-align-left \"><div class=\"cmt-vc_icon_element-inner  cmt-vc_icon_element-color-skincolor cmt-vc_icon_element-size-xs cmt-vc_icon_element-style-none cmt-vc_icon_element-background-color-grey\" ><span class=\"cmt-vc_icon_element-icon empty\" ><\/span><\/div><\/div><\/div><div class=\"cmt-vc_cta3_content-container\"><div class=\"cmt-vc_cta3-content\"><div class=\"cmt-vc_cta3-content-header cmt-section-wrapper\"><div class=\"cmt-sboxvc_cta3-headers cmt-section-wrapper-cell\"><h2 class=\"cmt-custom-heading \" >54 ans<\/h2>\n<h4 style=\"font-size:13px;line-height:17px;\" class=\"cmt-custom-heading \" >Nous sommes au service de<br \/>\nl\u2019agriculture turque depuis<\/h4>\n<\/div><\/div><\/div><div class=\"cmt-sboxcta3-desc-btn-wrapper\"><div class=\"cmt-sboxcta3-description\"><\/div><\/div><\/div><\/div><\/section><\/div>[\/vc_column_inner][vc_column_inner width=\u00a0\u00bb1\/3&Prime; css=\u00a0\u00bb.vc_custom_1615361444423{padding-top: 10px !important;padding-right: 10px !important;padding-left: 10px !important;}\u00a0\u00bb][\/vc_column_inner][vc_column_inner el_class=\u00a0\u00bbmobilayar12&Prime; width=\u00a0\u00bb1\/3&Prime; css=\u00a0\u00bb.vc_custom_1618407118709{padding-top: 10px !important;padding-left: 10px !important;}\u00a0\u00bb][\/vc_column_inner][\/vc_row_inner][\/vc_column][\/vc_row][vc_row cmt_bgimagefixed=\u00a0\u00bb\u00a0\u00bb full_width=\u00a0\u00bbstretch_row\u00a0\u00bb tm_bgimagefixed=\u00a0\u00bb\u00a0\u00bb css=\u00a0\u00bb.vc_custom_1677148482583{padding-top: 115px !important;padding-bottom: 110px !important;background-image: url(https:\/\/www.bozoktraktor.com.tr\/wp-content\/uploads\/2023\/02\/new.png?id=3318) !important;background-position: center !important;background-repeat: no-repeat !important;background-size: cover !important;}\u00a0\u00bb cmt_responsive_css=\u00a0\u00bb91728449|colbreak_no|||||||||colbreak_no|||||65px||40px||colbreak_no||||||||||colbreak_no|||||||||\u00a0\u00bb el_class=\u00a0\u00bbmobilayar9&Prime;][vc_column cmt_textcolor=\u00a0\u00bbwhite\u00a0\u00bb tm_textcolor=\u00a0\u00bbwhite\u00a0\u00bb]<div class=\"cmt-vc_icon_element cmt-vc_icon_element-outer cmt-vc_icon_element-align-center  cmt-vc_icon_element-have-style  wpb_animate_when_almost_visible wpb_bounceInUp bounceInUp cmt_prettyphoto vc_custom_1618392598760\"><div class=\"cmt-vc_icon_element-inner  cmt-vc_icon_element-have-style-inner cmt-vc_icon_element-color-skincolor cmt-vc_icon_element-size-md cmt-vc_icon_element-style-rounded cmt-vc_icon_element-background cmt-vc_icon_element-background-color-white\" ><span class=\"cmt-vc_icon_element-icon fa fa-play\" ><\/span><a class=\"cmt-vc_icon_element-link\" href=\"https:\/\/www.youtube.com\/watch?v=eQnCvnMSfmc\" title=\"\" target=\"_self\"><\/a><\/div><\/div>[\/vc_column][\/vc_row][vc_row cmt_bgimagefixed=\u00a0\u00bb\u00a0\u00bb full_width=\u00a0\u00bbstretch_row\u00a0\u00bb tm_bgimagefixed=\u00a0\u00bb\u00a0\u00bb css=\u00a0\u00bb.vc_custom_1618406575998{padding-top: 115px !important;padding-bottom: 110px !important;background-image: url(https:\/\/www.bozoktraktor.com.tr\/wp-content\/uploads\/2021\/04\/arka-plan-mobil-video.jpg?id=2862) !important;background-position: center !important;background-repeat: no-repeat !important;background-size: cover !important;}\u00a0\u00bb cmt_responsive_css=\u00a0\u00bb91728449|colbreak_no|||||||||colbreak_no|||||65px||40px||colbreak_no||||||||||colbreak_no|||||||||\u00a0\u00bb el_class=\u00a0\u00bbmobilayar10&Prime;][vc_column cmt_textcolor=\u00a0\u00bbwhite\u00a0\u00bb tm_textcolor=\u00a0\u00bbwhite\u00a0\u00bb]<div class=\"cmt-vc_icon_element cmt-vc_icon_element-outer cmt-vc_icon_element-align-center  cmt-vc_icon_element-have-style  wpb_animate_when_almost_visible wpb_bounceInUp bounceInUp cmt_prettyphoto vc_custom_1618392598760\"><div class=\"cmt-vc_icon_element-inner  cmt-vc_icon_element-have-style-inner cmt-vc_icon_element-color-skincolor cmt-vc_icon_element-size-md cmt-vc_icon_element-style-rounded cmt-vc_icon_element-background cmt-vc_icon_element-background-color-white\" ><span class=\"cmt-vc_icon_element-icon fa fa-play\" ><\/span><a class=\"cmt-vc_icon_element-link\" href=\"https:\/\/www.youtube.com\/watch?v=eQnCvnMSfmc\" title=\"\" target=\"_self\"><\/a><\/div><\/div>[\/vc_column][\/vc_row]<\/p>","protected":false},"excerpt":{"rendered":"<p>[vc_row cmt_bgimagefixed=\u00a0\u00bb\u00a0\u00bb break_in_responsive=\u00a0\u00bb991&Prime; full_width=\u00a0\u00bbstretch_row\u00a0\u00bb tm_bgimagefixed=\u00a0\u00bb\u00a0\u00bb css=\u00a0\u00bb.vc_custom_1582784739532{padding-top: 66px !important;padding-bottom: 90px !important;background-image: url(http:\/\/www.bozoktraktor.com.tr\/wp-content\/uploads\/2020\/01\/cmt-rowbg-06.jpg?id=666) !important;background-position: center !important;background-repeat: no-repeat !important;background-size: cover !important;}\u00a0\u00bb cmt_responsive_css=\u00a0\u00bb97291357|colbreak_no|||||||||colbreak_no|||||30px||30px||colbreak_no||||||||||colbreak_no|||||||||\u00a0\u00bb][vc_column width=\u00a0\u00bb1\/2&Prime; css=\u00a0\u00bb.vc_custom_1580382465538{background-position: center !important;background-repeat: no-repeat !important;background-size: cover !important;}\u00a0\u00bb][vc_single_image image=\u00a0\u00bb1791&Prime; img_size=\u00a0\u00bbfull\u00a0\u00bb css=\u00a0\u00bb.vc_custom_1615361187360{margin-bottom: 0px !important;}\u00a0\u00bb][\/vc_column][vc_column width=\u00a0\u00bb1\/2&Prime; cmt_responsive_css=\u00a0\u00bb41004784|colbreak_no|||||||||colbreak_no|||||40px||||colbreak_no||||||||||colbreak_no|||||||||\u00a0\u00bb][vc_separator css=\u00a0\u00bb.vc_custom_1576215976351{margin-bottom: 0px !important;}\u00a0\u00bb][vc_row_inner el_class=\u00a0\u00bbcmt-column-inline cmt-col-seprator\u00a0\u00bb][vc_column_inner el_class=\u00a0\u00bbmobilayar11&Prime; width=\u00a0\u00bb1\/3&Prime; css=\u00a0\u00bb.vc_custom_1618406913538{padding-top: 10px !important;padding-right: 10px !important;}\u00a0\u00bb][\/vc_column_inner][vc_column_inner width=\u00a0\u00bb1\/3&Prime; css=\u00a0\u00bb.vc_custom_1615361444423{padding-top: 10px !important;padding-right: 10px !important;padding-left: 10px !important;}\u00a0\u00bb][\/vc_column_inner][vc_column_inner el_class=\u00a0\u00bbmobilayar12&Prime; &hellip; <a href=\"https:\/\/www.bozoktraktor.com.tr\/fr\/hakkimizda\/\" class=\"more-link\">Continue reading <span class=\"screen-reader-text\">\u00c0 propos de nous<\/span><\/a><\/p>\n","protected":false},"author":1,"featured_media":0,"parent":0,"menu_order":6,"comment_status":"closed","ping_status":"closed","template":"","meta":{"footnotes":""},"class_list":["post-583","page","type-page","status-publish","hentry"],"_links":{"self":[{"href":"https:\/\/www.bozoktraktor.com.tr\/fr\/wp-json\/wp\/v2\/pages\/583","targetHints":{"allow":["GET"]}}],"collection":[{"href":"https:\/\/www.bozoktraktor.com.tr\/fr\/wp-json\/wp\/v2\/pages"}],"about":[{"href":"https:\/\/www.bozoktraktor.com.tr\/fr\/wp-json\/wp\/v2\/types\/page"}],"author":[{"embeddable":true,"href":"https:\/\/www.bozoktraktor.com.tr\/fr\/wp-json\/wp\/v2\/users\/1"}],"replies":[{"embeddable":true,"href":"https:\/\/www.bozoktraktor.com.tr\/fr\/wp-json\/wp\/v2\/comments?post=583"}],"version-history":[{"count":53,"href":"https:\/\/www.bozoktraktor.com.tr\/fr\/wp-json\/wp\/v2\/pages\/583\/revisions"}],"predecessor-version":[{"id":3337,"href":"https:\/\/www.bozoktraktor.com.tr\/fr\/wp-json\/wp\/v2\/pages\/583\/revisions\/3337"}],"wp:attachment":[{"href":"https:\/\/www.bozoktraktor.com.tr\/fr\/wp-json\/wp\/v2\/media?parent=583"}],"curies":[{"name":"wp","href":"https:\/\/api.w.org\/{rel}","templated":true}]}}